{"id":324,"date":"2021-06-28T18:47:54","date_gmt":"2021-06-28T18:47:54","guid":{"rendered":"https:\/\/bsb.sbc.org.br\/2021\/?page_id=324"},"modified":"2021-10-26T17:40:01","modified_gmt":"2021-10-26T17:40:01","slug":"program-committee","status":"publish","type":"page","link":"https:\/\/bsb.sbc.org.br\/2021\/program-committee\/","title":{"rendered":"PROGRAM COMMITTEE"},"content":{"rendered":"\n<p><strong>Program Chairs<\/strong><\/p>\n\n\n\n<p><em>Full papers:<br><\/em>Maria Emilia Machado Telles Walter (UnB, Brazil)<br>Peter F. Stadler (Leipzig Univertit\u00e4t, Germany)<\/p>\n\n\n\n<p><em>Short papers:<br><\/em>Marcelo M. Brigido (UnB, Brazil)<br>Maribel Hern\u00e1ndez Rosales, Institute of Mathematics (UNAM, Mexico)<\/p>\n\n\n\n<p><strong>Program Committee (so far)<br><\/strong><br>Adriano Werhli &#8211; Universidade Federal do Rio Grande<\/p>\n\n\n\n<p>Alexandre Paschoal &#8211; Universidade Tecnol\u00f3gica Federal do Paran\u00e1<\/p>\n\n\n\n<p>Andr\u00e9 Ponce de Leon F de Carvalho &#8211; Universidade de S\u00e3o Paulo &#8211; S\u00e3o Carlos<\/p>\n\n\n\n<p>Andre Kashiwabara &#8211; Universidade Tecnol\u00f3gica Federal do Paran\u00e1<\/p>\n\n\n\n<p>C\u00e9sar Ben\u00edtez &#8211; Universidade Tecnol\u00f3gica Federal do Paran\u00e1<\/p>\n\n\n\n<p>Christian Hoener zu Siederdissen &#8211; University of Jena<\/p>\n\n\n\n<p>Clara Bermudez Santana &#8211; National University of Colombia<\/p>\n\n\n\n<p>Daniel Oliveira &#8211; UFF<\/p>\n\n\n\n<p>Danilo Sanches &#8211; Universidade Tecnol\u00f3gica Federal do Paran\u00e1<\/p>\n\n\n\n<p>Fabr\u00edcio Lopes &#8211; Universidade Tecnol\u00f3gica Federal do Paran\u00e1<\/p>\n\n\n\n<p>F\u00e1bio Cust\u00f3dio &#8211; Laborat\u00f3rio Nacional de Computa\u00e7\u00e3o Cient\u00edfica<\/p>\n\n\n\n<p>Felipe Louza &#8211; Universidade Federal de Uberl\u00e2ndia<\/p>\n\n\n\n<p>Glauber Wagner &#8211; Universidade Federal de Santa Catarina<\/p>\n\n\n\n<p>Guilherme Telles &#8211; Universidade de Campinas<\/p>\n\n\n\n<p>Guillermo J\u00e1uregui &#8211; Inmegen<\/p>\n\n\n\n<p>Gustavo Teixeira Chaves &#8211; Instituto Federal de Goi\u00e1s<\/p>\n\n\n\n<p>Jefferson Morais &#8211; Universidade Federal do Par\u00e1<\/p>\n\n\n\n<p>Joao Setubal &#8211; Universidade de Sao Paulo<\/p>\n\n\n\n<p>Karina dos Santos Machado &#8211; Universidade Federal do Rio Grande<\/p>\n\n\n\n<p>Kary Oca\u00f1a &#8211; Laborat\u00f3rio Nacional de Computa\u00e7\u00e3o Cient\u00edfica<\/p>\n\n\n\n<p>Luciano Digiampietri &#8211; University of Sao Paulo<\/p>\n\n\n\n<p>Luis Cunha &#8211; Universidade Federal Fluminense<\/p>\n\n\n\n<p>Luiz Manoel Rocha Gadelha J\u00fanior &#8211; Laborat\u00f3rio Nacional de Computa\u00e7\u00e3o Cient\u00edfica<\/p>\n\n\n\n<p>Marcelo Brigido &#8211; Universidade de Bras\u00edlia<\/p>\n\n\n\n<p>Marcilio de Souto &#8211; Universit\u00e9 d&#8217;Orl\u00e9ans<\/p>\n\n\n\n<p>Marcio Dorn &#8211; Universidade Federal do Rio Grande do Sul<\/p>\n\n\n\n<p>Maria Emilia Walter &#8211; Universidade de Bras\u00edlia<\/p>\n\n\n\n<p>Mariana Recamonde-Mendoza &#8211; Universidade Federal do Rio Grande do Sul<\/p>\n\n\n\n<p>Maristela Holanda &#8211; Universidade de Bras\u00edlia<\/p>\n\n\n\n<p>Nalvo Almeida Jr &#8211; Universidade Federal de Mato Grosso do Sul<\/p>\n\n\n\n<p>Raquel Costa &#8211; Instituto Nacional do C\u00e2ncer<\/p>\n\n\n\n<p>Rommel Thiago Ramos &#8211; Universidade Federal do Par\u00e1<\/p>\n\n\n\n<p>Ronnie Alves &#8211; Instituto Tecnologia Vale<\/p>\n\n\n\n<p>Sabrina Silveira &#8211; Universidade Federal de Vi\u00e7osa<\/p>\n\n\n\n<p>Said Adi &#8211; Universidade Federal do Mato Grosso do Sul<\/p>\n\n\n\n<p>Sergio Campos &#8211; Universidade Federal de Minas Gerais<\/p>\n\n\n\n<p>S\u00e9rgio Lifschitz &#8211; PUC\/Rio<\/p>\n\n\n\n<p>Steve Hoffmann &#8211; Leibniz Institute on Aging Fritz Lipmann Institute<\/p>\n\n\n\n<p>Tha\u00eds Gaud\u00eancio do R\u00eago &#8211; Universidade Federal da Para\u00edba<\/p>\n\n\n\n<p>Thais Amaral e Sousa &#8211; Instituto Federal de Goi\u00e1s<\/p>\n\n\n\n<p>Valerie Anda &#8211; University of Texas<\/p>\n\n\n\n<p>Waldeyr Silva &#8211; Instituto Federal de Goi\u00e1s<\/p>\n\n\n\n<p>Zanoni Dias &#8211; Universidade de Campinas<\/p>\n","protected":false},"excerpt":{"rendered":"<p>Program Chairs Full papers:Maria Emilia Machado Telles Walter (UnB, Brazil)Peter F. Stadler (Leipzig Univertit\u00e4t, Germany) Short papers:Marcelo M. Brigido (UnB, Brazil)Maribel Hern\u00e1ndez Rosales, Institute of Mathematics (UNAM, Mexico) Program Committee (so far)Adriano Werhli &#8211; Universidade Federal do Rio Grande Alexandre Paschoal &#8211; Universidade Tecnol\u00f3gica Federal do Paran\u00e1 Andr\u00e9 Ponce de Leon F de Carvalho &#8211; &hellip; <\/p>\n<p class=\"link-more\"><a href=\"https:\/\/bsb.sbc.org.br\/2021\/program-committee\/\" class=\"more-link\">Continue lendo<span class=\"screen-reader-text\"> &#8220;PROGRAM COMMITTEE&#8221;<\/span><\/a><\/p>\n","protected":false},"author":6,"featured_media":0,"parent":0,"menu_order":0,"comment_status":"closed","ping_status":"closed","template":"","meta":{"footnotes":""},"class_list":["post-324","page","type-page","status-publish","hentry"],"_links":{"self":[{"href":"https:\/\/bsb.sbc.org.br\/2021\/wp-json\/wp\/v2\/pages\/324","targetHints":{"allow":["GET"]}}],"collection":[{"href":"https:\/\/bsb.sbc.org.br\/2021\/wp-json\/wp\/v2\/pages"}],"about":[{"href":"https:\/\/bsb.sbc.org.br\/2021\/wp-json\/wp\/v2\/types\/page"}],"author":[{"embeddable":true,"href":"https:\/\/bsb.sbc.org.br\/2021\/wp-json\/wp\/v2\/users\/6"}],"replies":[{"embeddable":true,"href":"https:\/\/bsb.sbc.org.br\/2021\/wp-json\/wp\/v2\/comments?post=324"}],"version-history":[{"count":6,"href":"https:\/\/bsb.sbc.org.br\/2021\/wp-json\/wp\/v2\/pages\/324\/revisions"}],"predecessor-version":[{"id":435,"href":"https:\/\/bsb.sbc.org.br\/2021\/wp-json\/wp\/v2\/pages\/324\/revisions\/435"}],"wp:attachment":[{"href":"https:\/\/bsb.sbc.org.br\/2021\/wp-json\/wp\/v2\/media?parent=324"}],"curies":[{"name":"wp","href":"https:\/\/api.w.org\/{rel}","templated":true}]}}