{"id":348,"date":"2021-07-27T20:51:54","date_gmt":"2021-07-27T20:51:54","guid":{"rendered":"https:\/\/bsb.sbc.org.br\/2021\/?page_id=348"},"modified":"2021-09-22T14:52:34","modified_gmt":"2021-09-22T14:52:34","slug":"registration","status":"publish","type":"page","link":"https:\/\/bsb.sbc.org.br\/2021\/registration\/","title":{"rendered":"Registration"},"content":{"rendered":"\n<p class=\"has-large-font-size\"><span style=\"color:#3fb8eb\" class=\"has-inline-color\"><strong>Registration<\/strong><\/span><\/p>\n\n\n\n<div class=\"wp-block-buttons is-layout-flex wp-block-buttons-is-layout-flex\">\n<div class=\"wp-block-button\"><a class=\"wp-block-button__link\" href=\"https:\/\/centraldesistemas.sbc.org.br\/ecos\/bsb2021\" target=\"_blank\" rel=\"noreferrer noopener\">Register for the symposium<\/a><\/div>\n<\/div>\n\n\n\n<p><\/p>\n\n\n\n<figure class=\"wp-block-table is-style-regular\"><table class=\"has-subtle-pale-blue-background-color has-background\"><tbody><tr><td class=\"has-text-align-left\" data-align=\"left\">1) Os pagamentos por boleto e d\u00e9bito encerram-se dia 17\/11\/2021, os pagamentos por cart\u00e3o de cr\u00e9dito, nota de empenho e faturamento ficar\u00e3o abertos at\u00e9 o \u00faltimo dia do evento.<br><br>2) Pol\u00edtica para autores: pelo menos um autor de artigo aceito deve se registrar no evento para apresenta\u00e7\u00e3o e deve pagar adicionalmente a taxa de R$50,00 referente \u00e0 publica\u00e7\u00e3o.<br><br>3) Pol\u00edtica de cancelamento: at\u00e9 12\/11\/2021 voc\u00ea poder\u00e1 ser ressarcido em at\u00e9 50% do valor pago pela inscri\u00e7\u00e3o no BSB 2021. Ap\u00f3s esta data n\u00e3o haver\u00e1 devolu\u00e7\u00e3o de qualquer valor pago. A pol\u00edtica se aplica tanto ao cancelamento do registro quanto ao cancelamento de qualquer atividade adicional. Para solicitar o cancelamento, envie a solicita\u00e7\u00e3o para faturamento@sbc.org.br.<br><br>&#8212;<br><br>1) Payments by bank slip and debit close on 11\/17\/2021, payments by credit card, commitment note and billing will be open until the last day of the event.<br><br>2) Author policy: at least one author of an accepted article must register at the event for presentation and must additionally pay a fee of R$50.00 for the publication.<br><br>3) Cancellation policy: until 11\/12\/2021 you can refund 50% of the amount paid for the registration in BSB 2021. After this date there will be no refund of any amount paid. The policy applies to both the cancellation of registration and the cancellation of any additional activity. To request cancellation, send the request to faturamento@sbc.org.br.<\/td><\/tr><\/tbody><\/table><\/figure>\n\n\n\n<figure class=\"wp-block-table is-style-stripes\"><table><tbody><tr><td><strong>Taxas de Registro \/ <\/strong><br><strong>Registration Fees<\/strong><\/td><td><strong>At\u00e9 29\/10 &#8211; Until october, 29<\/strong><\/td><td><strong>At\u00e9 12\/11 &#8211; Until november, 12<\/strong><\/td><td><strong>&nbsp;At\u00e9 21\/11 &#8211; Until november, 21<\/strong><\/td><\/tr><tr><td><br><br><strong><span class=\"has-inline-color has-vivid-cyan-blue-color\">Undergraduate students \/ Estudantes de gradua\u00e7\u00e3o<\/span><\/strong><br><\/td><td><\/td><td><\/td><td><\/td><\/tr><tr><td>SBC member with current annuity \/ Associado \u00e0 SBC com anuidade vigente<\/td><td>R$ 16,00<\/td><td>R$ 24,00<\/td><td>R$ 40,00<\/td><\/tr><tr><td>SBC member with an annuity due 90- days \/ Membro da SBC com anuidade a vencer em at\u00e9 90 dias (COMBO: inscri\u00e7\u00e3o + renova\u00e7\u00e3o = melhor op\u00e7\u00e3o)&nbsp;<\/td><td>R$ 40,00<\/td><td>R$ 48,00<\/td><td>R$ 64,00<\/td><\/tr><tr><td>SBC new membership \/ Nova associa\u00e7\u00e3o \u00e0 SBC ou s\u00f3cio com anuidade n\u00e3o-vigente ( COMBO: inscri\u00e7\u00e3o + associa\u00e7\u00e3o = melhor op\u00e7\u00e3o)<\/td><td>R$ 40,00<\/td><td>R$ 48,00<\/td><td>R$ 64,00<\/td><\/tr><tr><td>non-SBC student \/ Estudante n\u00e3o associado \u00e0 SBC (somente inscri\u00e7\u00e3o no evento)<\/td><td>R$ 42,00<\/td><td>R$ 51,00<\/td><td>R$ 68,00<\/td><\/tr><tr><td>SBC new quartely membership \/ Nova associa\u00e7\u00e3o quadrimestral \u00e0 SBC ou s\u00f3cio com anuidade n\u00e3o-vigente (COMBO: inscri\u00e7\u00e3o + associa\u00e7\u00e3o quadrimestral = melhor op\u00e7\u00e3o)<\/td><td>R$ 24,00<\/td><td>R$ 32,00<\/td><td>R$ 48,00<\/td><\/tr><tr><td><br><br><strong><span class=\"has-inline-color has-vivid-cyan-blue-color\">Graduate students \/ Estudantes de p\u00f3s-gradua\u00e7\u00e3o<\/span><\/strong><br><\/td><td><\/td><td><\/td><td><\/td><\/tr><tr><td>SBC member with current annuity \/ Associado \u00e0 SBC com anuidade vigente]<br><\/td><td>R$ 42,00<\/td><td>R$ 52,00<\/td><td>R$ 62,00<\/td><\/tr><tr><td>SBC member with an annuity due 90- days \/ Membro da SBC com anuidade a vencer em at\u00e9 90 dias (COMBO: inscri\u00e7\u00e3o + renova\u00e7\u00e3o = melhor op\u00e7\u00e3o)<\/td><td>R$ 140,00<\/td><td>R$ 150,00<\/td><td>R$ 160,00<\/td><\/tr><tr><td>Estudante de p\u00f3s-gradua\u00e7\u00e3o n\u00e3o associado ou com associa\u00e7\u00e3o n\u00e3o vigente \u00e0 SBC (Melhor op\u00e7\u00e3o: COMBO inscri\u00e7\u00e3o no evento + associa\u00e7\u00e3o \u00e0 SBC)<\/td><td>R$ 140,00<\/td><td>R$ 150,00<\/td><td>R$ 160,00<\/td><\/tr><tr><td>SBC new membership \/ Nova associa\u00e7\u00e3o \u00e0 SBC ou s\u00f3cio com anuidade n\u00e3o-vigente ( COMBO: inscri\u00e7\u00e3o + associa\u00e7\u00e3o = melhor op\u00e7\u00e3o)<\/td><td>R$ 145,00<\/td><td>R$ 156,00<\/td><td>R$ 167,00<\/td><\/tr><tr><td>SBC new quartely membership \/ Nova associa\u00e7\u00e3o quadrimestral \u00e0 SBC ou s\u00f3cio com anuidade n\u00e3o-vigente ( COMBO: inscri\u00e7\u00e3o + associa\u00e7\u00e3o quadrimestral = melhor op\u00e7\u00e3o)<\/td><td>R$ 74,67<\/td><td>R$ 84,67<\/td><td>R$ 155,00<\/td><\/tr><tr><td><br><br><strong><span class=\"has-inline-color has-vivid-cyan-blue-color\">Basic education teacher \/ Professor de Educa\u00e7\u00e3o B\u00e1sica<\/span><\/strong><br><\/td><td><\/td><td><\/td><td><\/td><\/tr><tr><td>SBC member with current annuity \/ Associado \u00e0 SBC com anuidade vigente<\/td><td>R$ 95,00<\/td><td>R$ 105,00<\/td><td>R$ 115,00<\/td><\/tr><tr><td>SBC member with an annuity due 90- days \/ Membro da SBC com anuidade a vencer em at\u00e9 90 dias ( COMBO: inscri\u00e7\u00e3o + renova\u00e7\u00e3o = melhor op\u00e7\u00e3o)<\/td><td>R$ 193,00<\/td><td>R$ 203,00<\/td><td>R$ 213,00<\/td><\/tr><tr><td>SBC new membership \/ Nova associa\u00e7\u00e3o \u00e0 SBC ou s\u00f3cio com anuidade n\u00e3o-vigente ( COMBO: inscri\u00e7\u00e3o + associa\u00e7\u00e3o = melhor op\u00e7\u00e3o)<\/td><td>R$ 193,00<\/td><td>R$ 203,00<\/td><td>R$ 213,00<\/td><\/tr><tr><td>non-SBC basic education teacher \/ Professor de Educa\u00e7\u00e3o B\u00e1sica n\u00e3o associado \u00e0 SBC (Somente inscri\u00e7\u00e3o no evento)&nbsp;&nbsp;<\/td><td>R$ 203,00<\/td><td>R$ 214,00<\/td><td>R$ 225,00<\/td><\/tr><tr><td>SBC new quartely membership \/ Nova associa\u00e7\u00e3o quadrimestral \u00e0 SBC ou s\u00f3cio com anuidade n\u00e3o-vigente (COMBO: inscri\u00e7\u00e3o + associa\u00e7\u00e3o quadrimestral = melhor op\u00e7\u00e3o)<\/td><td>R$ 127,67<\/td><td>R$ 137,67<\/td><td>R$ 147,67<\/td><\/tr><tr><td><br><br><span class=\"has-inline-color has-vivid-cyan-blue-color\"><strong>P<\/strong><\/span><strong><span class=\"has-inline-color has-vivid-cyan-blue-color\">rofessionals and effective members of SBC \/ Profissionais e<br>membros efetivos da SBC<\/span><\/strong><br><\/td><td><\/td><td><\/td><td><\/td><\/tr><tr><td>SBC member with current annuity \/ Associado \u00e0 SBC com anuidade vigente<\/td><td>R$ 210,00<\/td><td>R$ 250,00<\/td><td>R$ 290,00<\/td><\/tr><tr><td>SBC member with an annuity due 90- days \/ Membro da SBC com anuidade a vencer em at\u00e9 90 dias ( COMBO: inscri\u00e7\u00e3o + renova\u00e7\u00e3o = melhor op\u00e7\u00e3o)<\/td><td>R$ 489,00<\/td><td>R$ 529,00<\/td><td>R$ 569,00<\/td><\/tr><tr><td>SBC new membership \/ Nova associa\u00e7\u00e3o \u00e0 SBC ou s\u00f3cio com anuidade n\u00e3o-vigente ( COMBO: inscri\u00e7\u00e3o + associa\u00e7\u00e3o = melhor op\u00e7\u00e3o)<\/td><td>R$ 489,00<\/td><td>R$ 529,00<\/td><td>R$ 569,00<\/td><\/tr><tr><td>non-SBC \/ Profissional n\u00e3o associado \u00e0 SBC (Somente inscri\u00e7\u00e3o no evento)&nbsp;<\/td><td>R$ 510,00<\/td><td>R$ 554,00<\/td><td>R$ 598,00<\/td><\/tr><tr><td>SBC new quartely membership \/ Nova associa\u00e7\u00e3o quadrimestral \u00e0 SBC ou s\u00f3cio com anuidade n\u00e3o-vigente ( COMBO: inscri\u00e7\u00e3o + associa\u00e7\u00e3o quadrimestral = melhor op\u00e7\u00e3o)<\/td><td>R$ 303,00<\/td><td>R$ 343,00<\/td><td>R$ 383,00<\/td><\/tr><\/tbody><\/table><\/figure>\n\n\n\n<div class=\"wp-block-buttons is-layout-flex wp-block-buttons-is-layout-flex\">\n<div class=\"wp-block-button\"><a class=\"wp-block-button__link\" href=\"https:\/\/centraldesistemas.sbc.org.br\/ecos\/bsb2021\" target=\"_blank\" rel=\"noreferrer noopener\">Register for the symposium<\/a><\/div>\n<\/div>\n\n\n\n<p><\/p>\n","protected":false},"excerpt":{"rendered":"<p>Registration 1) Os pagamentos por boleto e d\u00e9bito encerram-se dia 17\/11\/2021, os pagamentos por cart\u00e3o de cr\u00e9dito, nota de empenho e faturamento ficar\u00e3o abertos at\u00e9 o \u00faltimo dia do evento. 2) Pol\u00edtica para autores: pelo menos um autor de artigo aceito deve se registrar no evento para apresenta\u00e7\u00e3o e deve pagar adicionalmente a taxa de &hellip; <\/p>\n<p class=\"link-more\"><a href=\"https:\/\/bsb.sbc.org.br\/2021\/registration\/\" class=\"more-link\">Continue lendo<span class=\"screen-reader-text\"> &#8220;Registration&#8221;<\/span><\/a><\/p>\n","protected":false},"author":6,"featured_media":0,"parent":0,"menu_order":4,"comment_status":"closed","ping_status":"closed","template":"","meta":{"footnotes":""},"class_list":["post-348","page","type-page","status-publish","hentry"],"_links":{"self":[{"href":"https:\/\/bsb.sbc.org.br\/2021\/wp-json\/wp\/v2\/pages\/348","targetHints":{"allow":["GET"]}}],"collection":[{"href":"https:\/\/bsb.sbc.org.br\/2021\/wp-json\/wp\/v2\/pages"}],"about":[{"href":"https:\/\/bsb.sbc.org.br\/2021\/wp-json\/wp\/v2\/types\/page"}],"author":[{"embeddable":true,"href":"https:\/\/bsb.sbc.org.br\/2021\/wp-json\/wp\/v2\/users\/6"}],"replies":[{"embeddable":true,"href":"https:\/\/bsb.sbc.org.br\/2021\/wp-json\/wp\/v2\/comments?post=348"}],"version-history":[{"count":21,"href":"https:\/\/bsb.sbc.org.br\/2021\/wp-json\/wp\/v2\/pages\/348\/revisions"}],"predecessor-version":[{"id":523,"href":"https:\/\/bsb.sbc.org.br\/2021\/wp-json\/wp\/v2\/pages\/348\/revisions\/523"}],"wp:attachment":[{"href":"https:\/\/bsb.sbc.org.br\/2021\/wp-json\/wp\/v2\/media?parent=348"}],"curies":[{"name":"wp","href":"https:\/\/api.w.org\/{rel}","templated":true}]}}