{"id":291,"date":"2022-05-11T16:33:18","date_gmt":"2022-05-11T16:33:18","guid":{"rendered":"https:\/\/bsb.sbc.org.br\/2022\/?page_id=291"},"modified":"2022-09-19T18:03:53","modified_gmt":"2022-09-19T18:03:53","slug":"invited-speakers","status":"publish","type":"page","link":"https:\/\/bsb.sbc.org.br\/2022\/invited-speakers\/","title":{"rendered":"Invited Speakers"},"content":{"rendered":"\n<h2 class=\"wp-block-heading\"><strong>Keynote 1<\/strong>&nbsp;\u2013 Peter F. Stadler (University of Leipzig)<\/h2>\n\n\n\n<div class=\"wp-block-image\"><figure class=\"alignleft size-full is-resized\"><img decoding=\"async\" src=\"https:\/\/bsb.sbc.org.br\/2022\/wp-content\/uploads\/sites\/5\/2022\/09\/keynote01.jpg\" alt=\"\" class=\"wp-image-883\" width=\"133\" height=\"133\" srcset=\"https:\/\/bsb.sbc.org.br\/2022\/wp-content\/uploads\/sites\/5\/2022\/09\/keynote01.jpg 400w, https:\/\/bsb.sbc.org.br\/2022\/wp-content\/uploads\/sites\/5\/2022\/09\/keynote01-300x300.jpg 300w, https:\/\/bsb.sbc.org.br\/2022\/wp-content\/uploads\/sites\/5\/2022\/09\/keynote01-150x150.jpg 150w\" sizes=\"(max-width: 133px) 100vw, 133px\" \/><figcaption> Peter F. Stadler<\/figcaption><\/figure><\/div>\n\n\n\n<p><strong>Title: Incongruent Evolution of Sequence and Structure in RNA and Proteins<br><\/strong>September 21 \/ 16:00 &#8211; 17:00<\/p>\n\n\n\n<p>Evolutionary pressures may lead to discrepancies between the conservation of sequence and structure. In both proteins and<br>RNA this may lead to an apparent shi between sequence and structural features. Conventional alignment-based methods fail to identify consensus structure in this case. Bi-alignments represent sequence alignment, structure alignments, and their relationship explicitly and serve as suitable formal framework to describe incongruent evolution.<\/p>\n\n\n\n<p><mark style=\"background-color:rgba(0, 0, 0, 0)\" class=\"has-inline-color has-white-color\">&#8212;&#8212;&#8212;&#8212;&#8212;&#8212;-<\/mark><\/p>\n\n\n\n<h2 class=\"wp-block-heading\"><strong>Keynote <\/strong>2&nbsp;\u2013 Yaser Hashem (Institut Europ\u00e9en De Chimie Et Biologie, Fran\u00e7a)<\/h2>\n\n\n\n<div class=\"wp-block-image\"><figure class=\"alignleft size-full is-resized\"><img decoding=\"async\" src=\"https:\/\/bsb.sbc.org.br\/2022\/wp-content\/uploads\/sites\/5\/2022\/09\/keynote02.jpg\" alt=\"\" class=\"wp-image-884\" width=\"133\" height=\"133\" srcset=\"https:\/\/bsb.sbc.org.br\/2022\/wp-content\/uploads\/sites\/5\/2022\/09\/keynote02.jpg 400w, https:\/\/bsb.sbc.org.br\/2022\/wp-content\/uploads\/sites\/5\/2022\/09\/keynote02-300x300.jpg 300w, https:\/\/bsb.sbc.org.br\/2022\/wp-content\/uploads\/sites\/5\/2022\/09\/keynote02-150x150.jpg 150w\" sizes=\"(max-width: 133px) 100vw, 133px\" \/><figcaption>Yaser Hashem<\/figcaption><\/figure><\/div>\n\n\n\n<p><strong>Title: Structural snapshots of the cytosolic and mitochondrial mRNA translation machineries in kinetoplastids<br><\/strong>September 22 \/ 14:30 \u2013 15:30<\/p>\n\n\n\n<p>Biography: Dr. Hashem is a Research Director and Group Leader at the Inserm (National Institute of Health and Medical Research of France), he is based at the IECB (European Institute of Chemistry and Biology) in Bordeaux (France). He obtained a PhD in Molecular and Structural Biology from the University of Strasbourg (France), after which he worked as a Research Associate at Columbia University in the city of New York (NY, USA) for nearly five years, in the group of Prof. Joachim Frank (Nobel Laureate in Chemistry 2017) in the field of structural biology and cryo-electron microscopy (cryo-EM). In 2015, Dr. Hashem accepted a position as a Group Leader in Strasbourg (CNRS, ARN) before joining the Inserm in the city of Bordeaux. His work combines a set of molecular and structural biology techniques aimed at investigating mRNA translation regulation in pathogenic protozoa and their eukaryotic hosts. Among the studied topics, the group of Dr. Hashem is interested in the mRNA translation initiation process and its existing structural and functional differences between kinetoplastids and mammals, form-dependent mitochondrial mRNA translation regulation in kinetoplastids and mitochondrial mRNA translation in photosynthetic organisms.<\/p>\n\n\n\n<p><\/p>\n\n\n\n<p><mark style=\"background-color:rgba(0, 0, 0, 0)\" class=\"has-inline-color has-white-color\">&#8212;&#8212;&#8212;&#8212;&#8212;&#8212;-<\/mark><\/p>\n\n\n\n<h2 class=\"wp-block-heading\"><strong>Keynote <\/strong>3&nbsp;\u2013 Prof. S\u00e9rgio Lifschitz (PUC-Rio)<\/h2>\n\n\n\n<div class=\"wp-block-image\"><figure class=\"alignleft size-full is-resized\"><img decoding=\"async\" src=\"https:\/\/bsb.sbc.org.br\/2022\/wp-content\/uploads\/sites\/5\/2022\/09\/keynote03.png\" alt=\"\" class=\"wp-image-885\" width=\"133\" height=\"133\" srcset=\"https:\/\/bsb.sbc.org.br\/2022\/wp-content\/uploads\/sites\/5\/2022\/09\/keynote03.png 400w, https:\/\/bsb.sbc.org.br\/2022\/wp-content\/uploads\/sites\/5\/2022\/09\/keynote03-300x300.png 300w, https:\/\/bsb.sbc.org.br\/2022\/wp-content\/uploads\/sites\/5\/2022\/09\/keynote03-150x150.png 150w\" sizes=\"(max-width: 133px) 100vw, 133px\" \/><figcaption>S\u00e9rgio Lifschitz<\/figcaption><\/figure><\/div>\n\n\n\n<p><strong>Title: A database research perspective of bioinformatics<br><\/strong>September 22 \/ 18:00 \u2013 19:00<\/p>\n\n\n\n<p>Associate Professor at PUC-Rio, Brazil, Informatics Department. His main research areas involve data engineering, bioinformatics, autonomous computing, and social media data applications. He is the Principal Investigator of the Bioinformatics and Databases Laboratory (BioBD) at PUC-Rio, with R&amp;D projects involving academia and private and public institutions. He has been developing tools and systems in partnership with Fiocruz, UNB, UFRRJ, UFRJ, and INCA. An ACM, IEEE, and SBC member, he has been the general chair of the Brazilian Workshop on Bioinformatics (WOB) in 2003 and the Brazilian Symposium on Bioinformatics (BSB) in 2007, 2010, and 2019.<\/p>\n\n\n\n<p><mark style=\"background-color:rgba(0, 0, 0, 0)\" class=\"has-inline-color has-white-color\">&#8212;&#8212;-<\/mark><\/p>\n\n\n\n<hr class=\"wp-block-separator is-style-wide\"\/>\n\n\n\n<p><mark style=\"background-color:rgba(0, 0, 0, 0)\" class=\"has-inline-color has-white-color\">&#8212;&#8212;-<\/mark><\/p>\n\n\n\n<h2 class=\"wp-block-heading\"><strong>Minicourse<\/strong>s <\/h2>\n\n\n\n<div class=\"wp-block-image\"><figure class=\"alignleft size-full is-resized\"><img loading=\"lazy\" decoding=\"async\" src=\"https:\/\/bsb.sbc.org.br\/2022\/wp-content\/uploads\/sites\/5\/2022\/09\/6.png\" alt=\"\" class=\"wp-image-925\" width=\"135\" height=\"135\" srcset=\"https:\/\/bsb.sbc.org.br\/2022\/wp-content\/uploads\/sites\/5\/2022\/09\/6.png 200w, https:\/\/bsb.sbc.org.br\/2022\/wp-content\/uploads\/sites\/5\/2022\/09\/6-150x150.png 150w\" sizes=\"(max-width: 135px) 100vw, 135px\" \/><figcaption>Waldeyr Mendes<br><\/figcaption><\/figure><\/div>\n\n\n\n<p><strong>Biological Databases<\/strong> &#8211; September 21 \/ 10:00 \u2013 13:00<br><strong>Genome assembly: a practical approach<\/strong> &#8211; September 23 \/ 09:00 \u2013 12:00<\/p>\n\n\n\n<p><strong><strong>Waldeyr Mendes Cordeiro da Silva, Ph.D.<br><\/strong><\/strong>Professor no IFG, assistente de pesquisa na Fiocruz, e atualmente, chefe da Divis\u00e3o de Dados e Inova\u00e7\u00e3o da Imprensa Nacional, atua nas \u00e1reas de bioinform\u00e1tica, gest\u00e3o e ci\u00eancia de dados.<\/p>\n\n\n\n<p><\/p>\n\n\n\n<p><\/p>\n\n\n\n<p><mark style=\"background-color:rgba(0, 0, 0, 0)\" class=\"has-inline-color has-white-color\">&#8212;&#8212;<\/mark><\/p>\n\n\n\n<div class=\"wp-block-image\"><figure class=\"alignleft size-full is-resized\"><img loading=\"lazy\" decoding=\"async\" src=\"https:\/\/bsb.sbc.org.br\/2022\/wp-content\/uploads\/sites\/5\/2022\/09\/7.png\" alt=\"\" class=\"wp-image-926\" width=\"134\" height=\"134\" srcset=\"https:\/\/bsb.sbc.org.br\/2022\/wp-content\/uploads\/sites\/5\/2022\/09\/7.png 200w, https:\/\/bsb.sbc.org.br\/2022\/wp-content\/uploads\/sites\/5\/2022\/09\/7-150x150.png 150w\" sizes=\"(max-width: 134px) 100vw, 134px\" \/><figcaption>Marcelo S. Reis<\/figcaption><\/figure><\/div>\n\n\n\n<p><strong>Introduction to Machine Learning for Bioinformatics<\/strong> &#8211; September 22 \/ 10:00 \u2013 13:00<\/p>\n\n\n\n<p><strong><strong><strong>Marcelo S. Reis, Ph.D.<\/strong><br><\/strong><\/strong>Professor no Instituto de Computa\u00e7\u00e3o da Universidade Estadual de Campinas (UNICAMP). H\u00e1 mais de duas d\u00e9cadas atuando como pesquisador em Bioinform\u00e1tica, ele utiliza t\u00e9cnicas de Aprendizado de M\u00e1quina no estudo de sistemas biol\u00f3gicos, em particular em sinaliza\u00e7\u00e3o celular no contexto da biologia do c\u00e2ncer.<\/p>\n\n\n\n<p><\/p>\n\n\n\n<p><mark style=\"background-color:rgba(0, 0, 0, 0)\" class=\"has-inline-color has-white-color\">&#8212;&#8212;-<\/mark><\/p>\n\n\n\n<hr class=\"wp-block-separator is-style-wide\"\/>\n\n\n\n<p><mark style=\"background-color:rgba(0, 0, 0, 0)\" class=\"has-inline-color has-white-color\">&#8212;&#8212;-<\/mark><\/p>\n\n\n\n<h2 class=\"wp-block-heading\"><strong>Panel: 20 years of WOB\/BSB <\/strong><\/h2>\n\n\n\n<p>September 23 \/ 12:00 \u2013 13:00<\/p>\n\n\n\n<div class=\"wp-block-image\"><figure class=\"alignleft size-full is-resized\"><img loading=\"lazy\" decoding=\"async\" src=\"https:\/\/bsb.sbc.org.br\/2022\/wp-content\/uploads\/sites\/5\/2022\/09\/1.png\" alt=\"\" class=\"wp-image-904\" width=\"139\" height=\"139\" srcset=\"https:\/\/bsb.sbc.org.br\/2022\/wp-content\/uploads\/sites\/5\/2022\/09\/1.png 200w, https:\/\/bsb.sbc.org.br\/2022\/wp-content\/uploads\/sites\/5\/2022\/09\/1-150x150.png 150w\" sizes=\"(max-width: 139px) 100vw, 139px\" \/><figcaption>Jo\u00e3o Carlos Setubal<\/figcaption><\/figure><\/div>\n\n\n\n<p><strong>Dr. Jo\u00e3o Carlos Setubal<\/strong> is a full professor at the Department of Biochemistry at the Institute of Chemistry at the University of S\u00e3o Paulo. He holds a Ph.D. in computer science from the University of Washington and was a professor and researcher at the Virginia Bioinformatics Institute and the Computer Science department at Virginia Tech (USA) and a collaborator professor at the Biocomplexity Institute at Virginia Tech. He is a former coordinator of the Graduate Program in Bioinformatics at USP. His main area of expertise is bioinformatics. He works with analysis of the information contained in genomes (DNA), transcripts (mRNA), and proteins, and how this information can be used for a better understanding of organisms and their evolutionary histories. His research can contribute to areas of interest to society such as medicine, agriculture, energy, and the environment. His research group develops and uses computational tools for various tasks related to the above objective handling large volumes of data.<\/p>\n\n\n\n<p><mark style=\"background-color:rgba(0, 0, 0, 0)\" class=\"has-inline-color has-white-color\">&#8212;&#8212;-<\/mark><\/p>\n\n\n\n<p><\/p>\n\n\n\n<div class=\"wp-block-image\"><figure class=\"alignleft size-full is-resized\"><img loading=\"lazy\" decoding=\"async\" src=\"https:\/\/bsb.sbc.org.br\/2022\/wp-content\/uploads\/sites\/5\/2022\/09\/2.png\" alt=\"\" class=\"wp-image-905\" width=\"144\" height=\"144\" srcset=\"https:\/\/bsb.sbc.org.br\/2022\/wp-content\/uploads\/sites\/5\/2022\/09\/2.png 200w, https:\/\/bsb.sbc.org.br\/2022\/wp-content\/uploads\/sites\/5\/2022\/09\/2-150x150.png 150w\" sizes=\"(max-width: 144px) 100vw, 144px\" \/><figcaption>Andr\u00e9 Ponce de Leon<\/figcaption><\/figure><\/div>\n\n\n\n<p><strong>Dr. Andr\u00e9 Ponce de Leon<\/strong> is a professor at the Institute of Mathematics and Computer Science, University of S\u00e3o Paulo (ICMC-USP), S\u00e3o Carlos campus, CNPq Research Productivity Scholarship 1A and Vice-President of the Brazilian Computer Society (SBC). He is coordinator of the IARA network, Artificial Intelligence Recreating Environments. He was a member of the CNPq Computer Science Advisory Committee (CA-CC), from 2018 to 2021 (coordinator from 2019 to 2020). From 2013 to 2017 he was a board member of the International Association for Statistical Computing (IASC), of the International Institute of Statistics. He holds a Bachelor&#8217;s (1987) and Master&#8217;s in Computer Science (1990) from the Federal University of Pernambuco, and a PhD in Electronic Engineering from the University of Kent (1994). His main research interests are Machine Learning, Data Mining and Data Science, with applications in several areas.<\/p>\n\n\n\n<p><mark style=\"background-color:rgba(0, 0, 0, 0)\" class=\"has-inline-color has-white-color\">&#8212;&#8212;-<\/mark><\/p>\n\n\n\n<p><\/p>\n\n\n\n<div class=\"wp-block-image\"><figure class=\"alignleft size-full is-resized\"><img loading=\"lazy\" decoding=\"async\" src=\"https:\/\/bsb.sbc.org.br\/2022\/wp-content\/uploads\/sites\/5\/2022\/09\/3.png\" alt=\"\" class=\"wp-image-906\" width=\"144\" height=\"144\" srcset=\"https:\/\/bsb.sbc.org.br\/2022\/wp-content\/uploads\/sites\/5\/2022\/09\/3.png 200w, https:\/\/bsb.sbc.org.br\/2022\/wp-content\/uploads\/sites\/5\/2022\/09\/3-150x150.png 150w\" sizes=\"(max-width: 144px) 100vw, 144px\" \/><figcaption>S\u00e9rgio Lifschitz<\/figcaption><\/figure><\/div>\n\n\n\n<p><strong>Dr. S\u00e9rgio Lifschitz<\/strong> is an associate professor at PUC-Rio, Brazil, Informatics Department. His main research areas involve data engineering, bioinformatics, autonomous computing, and social media data applications. He is the Principal Investigator of the Bioinformatics and Databases Laboratory (BioBD) at PUC-Rio, with R&amp;D projects involving academia and private and public institutions. He has been developing tools and systems in partnership with Fiocruz, UNB, UFRRJ, UFRJ, and INCA. An ACM, IEEE, and SBC member, he has been the general chair of the Brazilian Workshop on Bioinformatics (WOB) in 2003 and the Brazilian Symposium on Bioinformatics (BSB) in 2007, 2010, and 2019.<\/p>\n\n\n\n<p><\/p>\n\n\n\n<p><mark style=\"background-color:rgba(0, 0, 0, 0)\" class=\"has-inline-color has-white-color\">&#8212;&#8212;-<\/mark><\/p>\n\n\n\n<p><mark style=\"background-color:rgba(0, 0, 0, 0)\" class=\"has-inline-color has-white-color\">&#8212;&#8212;-<\/mark><\/p>\n\n\n\n<div class=\"wp-block-image\"><figure class=\"alignleft size-full is-resized\"><img loading=\"lazy\" decoding=\"async\" src=\"https:\/\/bsb.sbc.org.br\/2022\/wp-content\/uploads\/sites\/5\/2022\/09\/4.png\" alt=\"\" class=\"wp-image-907\" width=\"148\" height=\"148\" srcset=\"https:\/\/bsb.sbc.org.br\/2022\/wp-content\/uploads\/sites\/5\/2022\/09\/4.png 200w, https:\/\/bsb.sbc.org.br\/2022\/wp-content\/uploads\/sites\/5\/2022\/09\/4-150x150.png 150w\" sizes=\"(max-width: 148px) 100vw, 148px\" \/><figcaption>Maria Em\u00edlia M. T. Walter<\/figcaption><\/figure><\/div>\n\n\n\n<p><strong>Dr. Maria Em\u00edlia Machado Telles Walter<\/strong> is an adjunct professor at the University of Bras\u00edlia. She holds a degree in Mathematics from the University of Bras\u00edlia (1980), a Master&#8217;s degree in Mathematics from the University of Bras\u00edlia (1986) and a PhD in Computer Science from the State University of Campinas (1999). Has experience in Computer Science, with emphasis on Bioinformatics and Computational Biology, working mainly on the following topics: high performance genome sequencing projects, comparative genomics, identification and classification of non-coding RNAs, genome rearrangements, computer cloud for bioinformatics applications.<\/p>\n\n\n\n<p><\/p>\n\n\n\n<p><\/p>\n\n\n\n<p><mark style=\"background-color:rgba(0, 0, 0, 0)\" class=\"has-inline-color has-white-color\">&#8212;&#8212;-<\/mark><\/p>\n\n\n\n<p><mark style=\"background-color:rgba(0, 0, 0, 0)\" class=\"has-inline-color has-white-color\">&#8212;&#8212;-<\/mark><\/p>\n\n\n\n<div class=\"wp-block-image\"><figure class=\"alignleft size-full is-resized\"><img loading=\"lazy\" decoding=\"async\" src=\"https:\/\/bsb.sbc.org.br\/2022\/wp-content\/uploads\/sites\/5\/2022\/09\/5.png\" alt=\"\" class=\"wp-image-908\" width=\"151\" height=\"151\" srcset=\"https:\/\/bsb.sbc.org.br\/2022\/wp-content\/uploads\/sites\/5\/2022\/09\/5.png 200w, https:\/\/bsb.sbc.org.br\/2022\/wp-content\/uploads\/sites\/5\/2022\/09\/5-150x150.png 150w\" sizes=\"(max-width: 151px) 100vw, 151px\" \/><figcaption>Daniel de Oliveira<\/figcaption><\/figure><\/div>\n\n\n\n<p><strong>Dr. Daniel de Oliveira<\/strong> is a professor at the Instituto de Computa\u00e7\u00e3o, Universidade Federal Fluminense (IC\/UFF) since February 2013. He received a Doctor&#8217;s degree in Systems and Computer Engineering from COPPE\/UFRJ in 2012 and a Master&#8217;s degree in Systems and Computer Engineering in 2008, also by COPPE\/UFRJ. Since 2013, he has led the eScience Research Group at Universidade Federal Fluminense (UFFeScience). He is a CNPq level 2 productivity fellow since 2016 and a Young Scientist of Our State from FAPERJ also since 2016. His research interests include data science, cloud computing, provenance data management, scientific workflow management, data parallelism, bioinformatics and data mining.<\/p>\n\n\n\n<p><\/p>\n\n\n\n<p><mark style=\"background-color:rgba(0, 0, 0, 0)\" class=\"has-inline-color has-white-color\">&#8212;&#8212;-<\/mark><\/p>\n\n\n\n<hr class=\"wp-block-separator is-style-wide\"\/>\n\n\n\n<div class=\"wp-block-buttons is-layout-flex wp-block-buttons-is-layout-flex\">\n<div class=\"wp-block-button has-custom-font-size is-style-outline has-small-font-size is-style-outline--1\"><a class=\"wp-block-button__link\" href=\"https:\/\/bsb.sbc.org.br\/2022\/program\/\"><strong><strong>Program \/ Programa\u00e7\u00e3o Completa<\/strong><\/strong><\/a><\/div>\n<\/div>\n\n\n\n<p><\/p>\n\n\n\n<div class=\"wp-block-buttons is-layout-flex wp-block-buttons-is-layout-flex\">\n<div class=\"wp-block-button has-custom-font-size is-style-outline has-small-font-size is-style-outline--2\"><a class=\"wp-block-button__link\" href=\"https:\/\/bsb.sbc.org.br\/2022\/registration\/\" target=\"_blank\" rel=\"noreferrer noopener\"><strong><strong>Register for the BSB 2022<\/strong><\/strong> \/ <strong>Registre-se aqui<\/strong><\/a><\/div>\n<\/div>\n","protected":false},"excerpt":{"rendered":"<p>Keynote 1&nbsp;\u2013 Peter F. Stadler (University of Leipzig) Title: Incongruent Evolution of Sequence and Structure in RNA and ProteinsSeptember 21 \/ 16:00 &#8211; 17:00 Evolutionary pressures may lead to discrepancies between the conservation of sequence and structure. In both proteins andRNA this may lead to an apparent shi between sequence and structural features. Conventional alignment-based [&hellip;]<\/p>\n","protected":false},"author":8,"featured_media":0,"parent":0,"menu_order":0,"comment_status":"closed","ping_status":"closed","template":"","meta":{"footnotes":""},"class_list":["post-291","page","type-page","status-publish","hentry","entry"],"_links":{"self":[{"href":"https:\/\/bsb.sbc.org.br\/2022\/wp-json\/wp\/v2\/pages\/291","targetHints":{"allow":["GET"]}}],"collection":[{"href":"https:\/\/bsb.sbc.org.br\/2022\/wp-json\/wp\/v2\/pages"}],"about":[{"href":"https:\/\/bsb.sbc.org.br\/2022\/wp-json\/wp\/v2\/types\/page"}],"author":[{"embeddable":true,"href":"https:\/\/bsb.sbc.org.br\/2022\/wp-json\/wp\/v2\/users\/8"}],"replies":[{"embeddable":true,"href":"https:\/\/bsb.sbc.org.br\/2022\/wp-json\/wp\/v2\/comments?post=291"}],"version-history":[{"count":32,"href":"https:\/\/bsb.sbc.org.br\/2022\/wp-json\/wp\/v2\/pages\/291\/revisions"}],"predecessor-version":[{"id":967,"href":"https:\/\/bsb.sbc.org.br\/2022\/wp-json\/wp\/v2\/pages\/291\/revisions\/967"}],"wp:attachment":[{"href":"https:\/\/bsb.sbc.org.br\/2022\/wp-json\/wp\/v2\/media?parent=291"}],"curies":[{"name":"wp","href":"https:\/\/api.w.org\/{rel}","templated":true}]}}