{"id":298,"date":"2022-05-11T16:36:21","date_gmt":"2022-05-11T16:36:21","guid":{"rendered":"https:\/\/bsb.sbc.org.br\/2022\/?page_id=298"},"modified":"2022-09-01T20:21:18","modified_gmt":"2022-09-01T20:21:18","slug":"registration","status":"publish","type":"page","link":"https:\/\/bsb.sbc.org.br\/2022\/registration\/","title":{"rendered":"REGISTRATION"},"content":{"rendered":"\n<h1 class=\"wp-block-heading\">Registration<\/h1>\n\n\n\n<div class=\"wp-block-group\"><div class=\"wp-block-group__inner-container is-layout-flow wp-block-group-is-layout-flow\">\n<p><\/p>\n<\/div><\/div>\n\n\n\n<div class=\"wp-block-group\"><div class=\"wp-block-group__inner-container is-layout-flow wp-block-group-is-layout-flow\">\n<div class=\"wp-block-group\"><div class=\"wp-block-group__inner-container is-layout-flow wp-block-group-is-layout-flow\">\n<p><\/p>\n\n\n\n<p><\/p>\n<\/div><\/div>\n<\/div><\/div>\n\n\n\n<figure class=\"wp-block-table is-style-stripes\"><table><tbody><tr><td><strong>Registration Fees<\/strong> \/ <strong><em>Taxas de Registro <\/em><\/strong><\/td><td><strong>At\u00e9 08\/08 \u2013 Until 08-08<\/strong><\/td><td><strong>At\u00e9 22\/08 \u2013 Until 22-08<\/strong><\/td><td><strong><strong>At\u00e9 12\/09 \u2013 Until 12-09<\/strong><\/strong><\/td><td><strong><strong>At\u00e9 23\/09 \u2013 Until 23-09<\/strong><\/strong><\/td><\/tr><tr><td><strong><mark><mark style=\"background-color:#fcb900\" class=\"has-inline-color\">AB3C Members \/ <em>Membros AB3C<\/em><\/mark><\/mark><\/strong><\/td><td><\/td><td><\/td><td><\/td><td><\/td><\/tr><tr><td>AB3C member undergraduate student with valid membership \/ <em>Estudantes de gradua\u00e7\u00e3o com associa\u00e7\u00e3o vigente \u00e0 AB3C<\/em><\/td><td>R$ 110<\/td><td>R$ 130<\/td><td>R$ 215<\/td><td>R$ 265<\/td><\/tr><tr><td>Graduate student or Posdocs member AB3C with valid membership \/ <em>Estudante de p\u00f3s-gradua\u00e7\u00e3o ou posdoc com associa\u00e7\u00e3o vigente \u00e0 AB3C<\/em><\/td><td>R$ 230<\/td><td>R$ 265<\/td><td>R$ 330<\/td><td>R$ 385<\/td><\/tr><tr><td>AB3C member professional with valid membership \/ <em>Profissionais com associa\u00e7\u00e3o vigente \u00e0 AB3C<\/em><\/td><td>R$ 485<\/td><td>R$ 540<\/td><td>R$ 595<\/td><td>R$ 660<\/td><\/tr><tr><td><strong><mark style=\"background-color:#fcb900\" class=\"has-inline-color\">Undergraduate students \/ <em>Estudantes de gradua\u00e7\u00e3o<\/em><\/mark><\/strong><\/td><td><\/td><td><\/td><td><\/td><td><\/td><\/tr><tr><td>Undergraduate student SBC member with valid membership \/ <em>Estudante associado \u00e0 SBC com anuidade vigente&nbsp;<\/em><\/td><td>R$ 100<\/td><td>R$ 120<\/td><td>R$ 200<\/td><td>R$ 250<\/td><\/tr><tr><td>Undergraduate student SBC member with membership up to 90 days to expire (COMBO: registration + SBC membership renewal) \/ <em>Estudante associado \u00e0 SBC com anuidade vencendo em at\u00e9 90 dias (Melhor op\u00e7\u00e3o: COMBO inscri\u00e7\u00e3o no evento + renova\u00e7\u00e3o da associa\u00e7\u00e3o \u00e0 SBC)&nbsp;&nbsp;<\/em><\/td><td>R$ 126<\/td><td>R$ 146<\/td><td>R$ 226<\/td><td>R$ 276<\/td><\/tr><tr><td>Undergraduate student non SBC member or with expired membership (COMBO: registration + SBC membership) \/ <em>Estudante n\u00e3o associado ou com associa\u00e7\u00e3o n\u00e3o vigente \u00e0 SBC (Melhor op\u00e7\u00e3o: COMBO inscri\u00e7\u00e3o no evento + associa\u00e7\u00e3o \u00e0 SBC)&nbsp;<\/em><\/td><td>R$ 126<\/td><td>R$ 146<\/td><td>R$ 226<\/td><td>R$ 276<\/td><\/tr><tr><td>Undergraduate student non SBC member (Registration only) \/ <em>Estudante n\u00e3o associado \u00e0 SBC (Somente inscri\u00e7\u00e3o no evento)&nbsp;<\/em><\/td><td>R$ 136<\/td><td>R$ 158<\/td><td>R$ 246<\/td><td>R$ 301<\/td><\/tr><tr><td><strong><mark style=\"background-color:#fcb900\" class=\"has-inline-color has-black-color\">Graduate students \/ <em>Estudantes de p\u00f3s-gradua\u00e7\u00e3o<\/em><\/mark><\/strong><\/td><td><\/td><td><\/td><td><\/td><td><\/td><\/tr><tr><td>Graduate student SBC member with valid membership \/ <em>Estudante de p\u00f3s-gradua\u00e7\u00e3o associado \u00e0 SBC com anuidade vigente&nbsp;<\/em><\/td><td>R$ 210<\/td><td>R$ 240<\/td><td>R$ 300<\/td><td>R$ 350<\/td><\/tr><tr><td>Graduate student SBC member with membership up to 90 days to expire (COMBO: registration + SBC membership renewal) \/ <em>Estudante de p\u00f3s-gradua\u00e7\u00e3o associado \u00e0 SBC com anuidade vencendo em at\u00e9 90 dias (Melhor op\u00e7\u00e3o: COMBO inscri\u00e7\u00e3o no evento + renova\u00e7\u00e3o da associa\u00e7\u00e3o \u00e0 SBC)<\/em><\/td><td>R$ 316,18<\/td><td>R$ 346,18<\/td><td>R$ 406,18<\/td><td>R$ 456,18<\/td><\/tr><tr><td>Graduate student non SBC member or with expired membership (COMBO: registration + SBC membership) \/ <em>Estudante de p\u00f3s-gradua\u00e7\u00e3o n\u00e3o associado ou com associa\u00e7\u00e3o n\u00e3o vigente \u00e0 SBC (Melhor op\u00e7\u00e3o: COMBO inscri\u00e7\u00e3o no evento + associa\u00e7\u00e3o \u00e0 SBC)<\/em><\/td><td>R$ 316,18<\/td><td>R$ 346,18<\/td><td>R$ 406,18<\/td><td>R$ 456,18<\/td><\/tr><tr><td>Graduate student non SBC member (Registration only) \/ <em>Estudante de p\u00f3s-gradua\u00e7\u00e3o n\u00e3o associado \u00e0 SBC (Somente inscri\u00e7\u00e3o no evento)&nbsp;&nbsp;<\/em><\/td><td>R$ 338<\/td><td>R$ 371<\/td><td>R$ 437<\/td><td>R$ 492<\/td><\/tr><tr><td><strong><mark style=\"background-color:#fcb900\" class=\"has-inline-color has-black-color\">Professionals and effective members of SBC \/ <em>Profissionais e membros <\/em><\/mark><\/strong><br><strong><mark style=\"background-color:#fcb900\" class=\"has-inline-color has-black-color\"><em>efetivos da SBC<\/em><\/mark><\/strong><\/td><td><\/td><td><\/td><td><\/td><td><\/td><\/tr><tr><td>Professional SBC member with valid membership \/ <em>Profissional associado \u00e0 SBC com anuidade vigente<\/em><\/td><td>R$ 440<\/td><td>R$ 490<\/td><td>R$ 540<\/td><td>R$ 600<\/td><\/tr><tr><td>Professional SBC member with membership up to 90 days to expire (COMBO: registration + SBC membership renewal) \/ <em>Profissional associado \u00e0 SBC com anuidade vencendo em at\u00e9 90 dias (Melhor op\u00e7\u00e3o: COMBO inscri\u00e7\u00e3o no evento + renova\u00e7\u00e3o da associa\u00e7\u00e3o \u00e0 SBC)&nbsp;<\/em><\/td><td>R$ 742,30<\/td><td>R$ 792,30<\/td><td>R$ 842,30<\/td><td>R$ 902,30<\/td><\/tr><tr><td>Professional non SBC member or with expired membership (COMBO: registration + SBC membership) \/ <em>Profissional n\u00e3o associado ou com associa\u00e7\u00e3o n\u00e3o vigente \u00e0 SBC (Melhor op\u00e7\u00e3o: COMBO inscri\u00e7\u00e3o no evento + associa\u00e7\u00e3o \u00e0 SBC)&nbsp;&nbsp;<\/em><\/td><td>R$ 742,30<\/td><td>R$ 792,30<\/td><td>R$ 842,30<\/td><td>R$ 902,30<\/td><\/tr><tr><td>Professional non SBC member (Registration only) \/ <em>Profissional n\u00e3o associado \u00e0 SBC (Somente inscri\u00e7\u00e3o no evento)&nbsp;<\/em><\/td><td>R$ 787<\/td><td>R$ 842<\/td><td>R$ 897<\/td><td>R$ 963<\/td><\/tr><\/tbody><\/table><\/figure>\n\n\n\n<div class=\"wp-block-columns is-layout-flex wp-container-core-columns-is-layout-9d6595d7 wp-block-columns-is-layout-flex\">\n<div class=\"wp-block-column is-layout-flow wp-block-column-is-layout-flow\" style=\"flex-basis:100%\">\n<div class=\"wp-block-buttons is-layout-flex wp-block-buttons-is-layout-flex\">\n<div class=\"wp-block-button has-custom-font-size has-small-font-size\"><a class=\"wp-block-button__link\" href=\"https:\/\/centraldesistemas.sbc.org.br\/ecos\/bsb2022\" target=\"_blank\" rel=\"noreferrer noopener\"><strong><strong>Register for the BSB 2022<\/strong><\/strong> \/ <strong>Registre-se aqui<\/strong><\/a><\/div>\n<\/div>\n<\/div>\n<\/div>\n\n\n\n<p><strong>Informa\u00e7\u00f5es aos participantes e autores \/ Information to participants and authors<\/strong>:<\/p>\n\n\n\n<p><\/p>\n\n\n\n<figure class=\"wp-block-table\"><table><tbody><tr><td>1) <strong>A inscri\u00e7\u00e3o inclui participa\u00e7\u00e3o em:<\/strong><br><br>Todas as sess\u00f5es t\u00e9cnicas; apresenta\u00e7\u00f5es de palestrantes convidados; mesas-redondas; minicursos; Reuni\u00e3o aberta da CE-BioComp (Comiss\u00e3o Especial de Biologia Computacional) da SBC.<br><br><strong>B\u00f4nus:<\/strong> <strong>inscritos no BSB 2022 tamb\u00e9m poder\u00e3o participar do <a rel=\"noreferrer noopener\" href=\"https:\/\/sbbd.org.br\/2022\/\" data-type=\"URL\" data-id=\"https:\/\/sbbd.org.br\/2022\/\" target=\"_blank\">SBBD 2022<\/a> (de 19 a 23 de setembro).<\/strong><br><br>Al\u00e9m disso, todos os inscritos ter\u00e3o descontos especiais em hospedagem no hotel do evento (enquanto houver disponibilidade), desconto no traslado Rio-B\u00fazios-Rio e receber\u00e3o certificado de participa\u00e7\u00e3o.<br><br>2) Os pagamentos por boleto e d\u00e9bito encerram-se dia&nbsp;<strong>14\/09\/2022<\/strong>, os pagamentos por cart\u00e3o de cr\u00e9dito, nota de empenho e faturamento ficar\u00e3o abertos at\u00e9 o \u00faltimo dia do evento.<br><br>3) Pol\u00edtica para autores: <strong>pelo menos um autor de artigo aceito deve se registrar no evento para apresenta\u00e7\u00e3o.<\/strong><br><br>4)&nbsp;Tarifas de estudante est\u00e3o dispon\u00edveis apenas para estudantes matriculados em institui\u00e7\u00f5es de ensino superior como aluno de gradua\u00e7\u00e3o ou de p\u00f3s-gradua\u00e7\u00e3o (mestrandos e doutorandos). Declara\u00e7\u00f5es de status contendo nome da institui\u00e7\u00e3o, nome do aluno, curso matriculado e data corrente dever\u00e3o ser apresentados quando requisitado. A aus\u00eancia de documento implica no pagamento da diferen\u00e7a da tarifa profissional para a tarifa de estudante (sem desconto). Para&nbsp; posdocs, ser\u00e1 cobrada a tarifa de estudantes de p\u00f3s-gradua\u00e7\u00e3o.<br><br>5) Pol\u00edtica de cancelamento: at\u00e9&nbsp;<strong>11\/09\/2022<\/strong>&nbsp;voc\u00ea poder\u00e1 ser ressarcido em at\u00e9 80% do valor pago pela inscri\u00e7\u00e3o no BSB 2022. Ap\u00f3s esta data n\u00e3o haver\u00e1 devolu\u00e7\u00e3o de qualquer valor pago. A pol\u00edtica se aplica tanto ao cancelamento do registro quanto ao cancelamento de qualquer atividade adicional. Para solicitar o cancelamento, envie a solicita\u00e7\u00e3o para&nbsp;<a href=\"mailto:faturamento@sbc.org.br\">faturamento@sbc.org.br<\/a>.<br><br>&#8212;<br><br>1) <strong>Registration includes participation in:<\/strong><br><br>All technical sessions;&nbsp;guest speaker presentations;&nbsp;round tables;&nbsp;mini-courses;&nbsp;open meeting of CE-BioComp (Special Commission in Computational Biology) of SBC.<br><br><strong>Bonus:<\/strong>&nbsp;<strong>BSB 2022 subscribers will also be able to participate in <strong><a rel=\"noreferrer noopener\" href=\"https:\/\/sbbd.org.br\/2022\/\" data-type=\"URL\" data-id=\"https:\/\/sbbd.org.br\/2022\/\" target=\"_blank\">SBBD 2022<\/a> <\/strong> (from September 19th to 23rd).<\/strong><br><br>In addition, all those registered will have special discounts on accommodation at the event&#8217;s hotel (while there is availability), a discount on the Rio-B\u00fazios-Rio transfer, and a certificate of participation.<br><br>2) Payments by bank slip and debit close on&nbsp;<strong>14\/09\/2022<\/strong>, payments by credit card, commitment note and billing will be open until the last day of the event.<br><br>3) Author policy<strong>: at least one author of an accepted article must register at the event for presentation.<br><br><\/strong>4) Student rates are only available for students enrolled in higher education institutions as an undergraduate or graduate student (Master&#8217;s and Doctoral students). Status statements containing name of institution, name of student, course enrolled and current date must be submitted when requested. The absence of a document implies the payment of the difference between the professional rate and the student rate (no discount). For Post-Doctors, the postgraduate student fee will be charged.<br><br>5) Cancellation policy: until&nbsp;<strong>14\/09\/2022<\/strong>&nbsp;you can refund 80% of the amount paid for the registration in BSB 2022. After this date there will be no refund of any amount paid. The policy applies to both the cancellation of registration and the cancellation of any additional activity. To request cancellation, send the request to&nbsp;<a href=\"mailto:faturamento@sbc.org.br\">faturamento@sbc.org.br<\/a>.<br><\/td><\/tr><\/tbody><\/table><\/figure>\n\n\n\n<p class=\"has-text-color\" style=\"color:#004c9a\"><strong><strong>Reservas e Transfer com desconto para inscritos no BSB 2022:<\/strong><\/strong><\/p>\n\n\n\n<p><strong>HOTEL<\/strong><\/p>\n\n\n\n<p>Participantes do BSB 2022 (ou SBBD 2022) que fizerem sua reserva de hospedagem&nbsp;<strong><mark>at\u00e9 dia 04 de setembro<\/mark><\/strong>&nbsp;ter\u00e3o desconto especial no Hotel Atl\u00e2ntico, local do evento.<\/p>\n\n\n\n<figure class=\"wp-block-table is-style-stripes\"><table><thead><tr><th>Tipo de acomoda\u00e7\u00e3o*<\/th><th><strong><mark>AT\u00c9 04\/09<\/mark><\/strong><\/th><th>DE 05\/09<br>A 19\/09<\/th><\/tr><\/thead><tbody><tr><td>Single ou Double standard com no m\u00e1ximo 1 inscrito<\/td><td>R$ 350,00<\/td><td>R$ 400,00<\/td><\/tr><tr><td>Double standard com 2 inscritos<\/td><td>R$ 280,00<\/td><td>R$ 360,00<\/td><\/tr><tr><td>Triplo standard (1 cama de casal, 1 solteiro) com pelo menos 1 inscrito<\/td><td>R$ 390,00<\/td><td>R$ 450,00<\/td><\/tr><tr><td>Qu\u00e1druplo standard (1 cama de casal, 2 solteiro) com pelo menos 1 inscrito<\/td><td>R$ 500,00<\/td><td>R$560,00<\/td><\/tr><\/tbody><\/table><\/figure>\n\n\n\n<p>* Quantidade de quartos com valores subsidiados \u00e9 limitada: os valores s\u00e3o v\u00e1lidos enquanto houver quartos dispon\u00edveis para reserva.<br><br>Em breve, teremos indica\u00e7\u00f5es de outros hot\u00e9is ou pousadas pr\u00f3ximas do hotel oficial do evento, por\u00e9m sem descontos para participantes.<br><br>Em caso de d\u00favidas ou situa\u00e7\u00f5es especiais, contactar a ag\u00eancia Creacteve pelo e-mail&nbsp;<a rel=\"noreferrer noopener\" href=\"mailto:sbbd@creacteve.com.br\" target=\"_blank\">sbbd@creacteve.com.br<\/a>&nbsp;ou whatsapp +55 21 99557-0582<br><br><strong><strong><strong><a rel=\"noreferrer noopener\" href=\"https:\/\/creacteve.com.br\/proximos-eventos\/sbbd-bsb-2022\/\" target=\"_blank\"><mark style=\"background-color:#abb8c3\" class=\"has-inline-color\">FA\u00c7A SUA RESERVA<\/mark><\/a><\/strong><\/strong><\/strong><br><br><strong><mark style=\"background-color:#ffffff\" class=\"has-inline-color\">TRANSFER<\/mark><\/strong><br><br>Tarifas especiais com desconto para participantes inscritos no BSB 2022, com sa\u00eddas dos aeroportos Santos Dumont (SDU) e Tom Jobim (Gale\u00e3o \u2013 GIG). Os valores por pessoa, ida e volta at\u00e9 Buzios, s\u00e3o:<br><br>&#8211;<strong> Inscritos no BSB 2022: <\/strong>R$150,00<br>&#8211;<strong> Acompanhantes n\u00e3o inscritos: <\/strong>R$220,00<br><br>Participantes moradores do Rio de Janeiro precisar\u00e3o se deslocar at\u00e9 um dos aeroportos para usufruir do transfer.<br><br>Se houver demanda e quantidade m\u00ednima de participantes incritos no BSB 2022, outros dias e hor\u00e1rios de transfer poder\u00e3o ser oferecidos.<br>Em caso de d\u00favidas ou situa\u00e7\u00f5es especiais, contactar a ag\u00eancia Creacteve pelo e-mail&nbsp;<a rel=\"noreferrer noopener\" href=\"mailto:sbbd@creacteve.com.br\" target=\"_blank\">sbbd@creacteve.com.br<\/a>&nbsp;ou whatsapp +55 21 99557-0582<br><\/p>\n\n\n\n<p><strong>Hor\u00e1rios Previstos<\/strong>: <br><br><strong>RIO \/ B\u00daZIOS<\/strong><br><br><strong>Domingo \u2013 18 de setembro<\/strong><br>10h00 \u2013 sa\u00edda SDU (segue para GIG)<br>10h30 \u2013 sa\u00edda GIG<br>15h00 \u2013 sa\u00edda SDU (segue para GIG)<br>15h30 \u2013 saida GIG<br>19h00 \u2013 sa\u00edda SDU (segue para GIG)<br>19h30 \u2013 sa\u00edda GIG<br><strong>Segunda \u2013 19 de Setembro<\/strong><br>10h00 \u2013 sa\u00edda SDU (segue para GIG)<br>10h30 \u2013 sa\u00edda GIG<br>15h00 \u2013 sa\u00edda SDU (segue para GIG)<br>15h30 \u2013 sa\u00edda GIG<br><strong>Ter\u00e7a \u2013 20 de setembro<\/strong><br>15h00 \u2013 sa\u00edda SDU (segue para GIG)<br>15h30 \u2013 saida GIG<br><strong>Quarta \u2013 21 de setembro<\/strong><br>10h00 \u2013 sa\u00edda SDU (segue para GIG)10h30 \u2013 sa\u00edda GIG<br><br><strong>B\u00daZIOS \/ RIO<\/strong><br><br><strong>SEXTA \u2013 23 de setembro<\/strong><br>07h00 \u2013 sa\u00edda Atl\u00e2ntico Buzios para GIG e SDU<br>11h00 \u2013 sa\u00edda Atl\u00e2ntico Buzios para GIG e SDU<br>13h00 \u2013 sa\u00edda Atl\u00e2ntico Buzios para GIG e SDU<br>15h00 \u2013 sa\u00edda Atl\u00e2ntico Buzios para GIG e SDU<br><\/p>\n\n\n\n<p><strong><strong><strong><a rel=\"noreferrer noopener\" href=\"https:\/\/creacteve.com.br\/proximos-eventos\/sbbd-bsb-2022\/\" target=\"_blank\"><mark style=\"background-color:#abb8c3\" class=\"has-inline-color\">FA\u00c7A SUA RESERVA<\/mark><\/a><\/strong><\/strong><\/strong><\/p>\n\n\n\n<p><\/p>\n\n\n\n<hr class=\"wp-block-separator\"\/>\n\n\n\n<p><strong><mark><mark style=\"background-color:#ffffff\" class=\"has-inline-color\">ACCOMODATION<\/mark><\/mark><\/strong><\/p>\n\n\n\n<p><br>Participants of BSB 2022 (or SBBD 2022) who make their accommodation reservation on September 04 will have a special discount at the Hotel Atl\u00e2ntico, venue of the event.<\/p>\n\n\n\n<figure class=\"wp-block-table is-style-stripes\"><table><thead><tr><th>Type of accommodation*<\/th><th><strong><mark>Until 8\/04<\/mark><\/strong><\/th><th>from 9\/05 to 9\/19<\/th><\/tr><\/thead><tbody><tr><td>Single ou Double standard com no m\u00e1ximo 1 inscrito<\/td><td>R$ 350,00<\/td><td>R$ 400,00<\/td><\/tr><tr><td>Double standard com 2 inscritos<\/td><td>R$ 280,00<\/td><td>R$ 360,00<\/td><\/tr><tr><td>Triplo standard (1 cama de casal, 1 solteiro) com pelo menos 1 inscrito<\/td><td>R$ 390,00<\/td><td>R$ 450,00<\/td><\/tr><tr><td>Qu\u00e1druplo standard (1 cama de casal, 2 solteiro) com pelo menos 1 inscrito<\/td><td>R$ 500,00<\/td><td>R$560,00<\/td><\/tr><\/tbody><\/table><\/figure>\n\n\n\n<p>*Number of rooms with subsidized rates is limited: rates are valid as long as there are rooms available for reservation.<\/p>\n\n\n\n<p>Soon, we will have indications of other hotels or inns close to the official hotel of the event, but without discounts for participants.<br>In case of doubts or special situations, please contact agency Creacteve by email sbbd@creacteve.com.br or whatsapp +55 21 99557-0582<\/p>\n\n\n\n<p><strong><strong><a rel=\"noreferrer noopener\" href=\"https:\/\/creacteve.com.br\/proximos-eventos\/sbbd-bsb-2022\/\" target=\"_blank\"><mark style=\"background-color:#abb8c3\" class=\"has-inline-color\">BUY NOW<\/mark><\/a><\/strong><\/strong><\/p>\n\n\n\n<p><\/p>\n\n\n\n<p><strong><mark><mark style=\"background-color:#ffffff\" class=\"has-inline-color\">TRANSPORT<\/mark><\/mark><\/strong><\/p>\n\n\n\n<p>Special discounted rates for participants enrolled in BSB2022, departing from Santos Dumont (SDU) and Tom Jobim (Gale\u00e3o \u2013 GIG) airports. The values per person, round trip to Buzios, are:<\/p>\n\n\n\n<p><strong>\u2022 Enrolled in BSB022:&nbsp;<\/strong>BRL 150.00<strong><br>\u2022 Unregistered companions:&nbsp;<\/strong>R$220.00<\/p>\n\n\n\n<p>Participants residing in Rio de Janeiro will need to travel to one of the airports to enjoy the transfer.<br>If there is demand and a minimum number of participants enrolled in BSB2022, other transfer days and times may be offered.<\/p>\n\n\n\n<p>In case of doubts or special situations, contact agency Creacteve by email sbbd@creacteve.com.br or whatsapp +55 21 99557-0582<\/p>\n\n\n\n<p>Organize your trip to BSB 2022, in B\u00fazios. Know the days and times of the transfer from the airports in Rio to the resort in Buzios<\/p>\n\n\n\n<p><strong>RIO \/ B\u00daZIOS<\/strong><\/p>\n\n\n\n<p><strong>Sunday \u2013 18th September<\/strong><br>10h00 \u2013 departure SDU (goes to GIG)<br>10h30 \u2013 departure GIG<br>15h00 \u2013 departure SDU (goes to GIG)<br>15h30 \u2013 departure GIG<br>19h00 \u2013 departure SDU (goes to GIG)<br>19h30 \u2013 departure GIG<br><strong>Monday \u2013 19th September<\/strong><br>10h00 \u2013 departure SDU (goes to GIG)<br>10h30 \u2013 departure GIG<br>15h00 \u2013 departure SDU (goes to GIG)<br>15h30 \u2013 departure GIG<br><strong>Tuesday \u2013 20th September<\/strong><br>15h00 \u2013 departure SDU (goes to GIG)<br>15h30 \u2013 departure GIG<br><strong>Wednesday \u2013 21st September<\/strong><br>10h00 \u2013 departure SDU (goes to GIG)<br>10h30 \u2013 departure GIG<\/p>\n\n\n\n<p><strong>B\u00daZIOS \/ RIO<\/strong><\/p>\n\n\n\n<p><strong>Friday \u2013 23rd September<\/strong><br>07h00 \u2013 departure Atl\u00e2ntico Buzios goes to GIG and SDU<br>11h00 \u2013 departure Atl\u00e2ntico Buzios goes to GIG and SDU<br>13h00 \u2013 departure Atl\u00e2ntico Buzios goes to GIG and SDU<br>15h00 \u2013 departure Atl\u00e2ntico Buzios goes to GIG and SDU<\/p>\n\n\n\n<p><strong><strong><a rel=\"noreferrer noopener\" href=\"https:\/\/creacteve.com.br\/proximos-eventos\/sbbd-bsb-2022\/\" target=\"_blank\"><mark style=\"background-color:#abb8c3\" class=\"has-inline-color\">BUY NOW<\/mark><\/a><\/strong><\/strong><\/p>\n\n\n\n<div class=\"wp-block-buttons is-layout-flex wp-block-buttons-is-layout-flex\">\n<div class=\"wp-block-button has-custom-font-size has-small-font-size\"><a class=\"wp-block-button__link\" href=\"https:\/\/centraldesistemas.sbc.org.br\/ecos\/bsb2022\" target=\"_blank\" rel=\"noreferrer noopener\"><strong><strong>Register for the BSB 2022<\/strong><\/strong> \/ <strong>Registre-se aqui<\/strong><\/a><\/div>\n<\/div>\n","protected":false},"excerpt":{"rendered":"<p>Registration Registration Fees \/ Taxas de Registro At\u00e9 08\/08 \u2013 Until 08-08 At\u00e9 22\/08 \u2013 Until 22-08 At\u00e9 12\/09 \u2013 Until 12-09 At\u00e9 23\/09 \u2013 Until 23-09 AB3C Members \/ Membros AB3C AB3C member undergraduate student with valid membership \/ Estudantes de gradua\u00e7\u00e3o com associa\u00e7\u00e3o vigente \u00e0 AB3C R$ 110 R$ 130 R$ 215 R$ [&hellip;]<\/p>\n","protected":false},"author":8,"featured_media":0,"parent":0,"menu_order":0,"comment_status":"closed","ping_status":"closed","template":"","meta":{"footnotes":""},"class_list":["post-298","page","type-page","status-publish","hentry","entry"],"_links":{"self":[{"href":"https:\/\/bsb.sbc.org.br\/2022\/wp-json\/wp\/v2\/pages\/298","targetHints":{"allow":["GET"]}}],"collection":[{"href":"https:\/\/bsb.sbc.org.br\/2022\/wp-json\/wp\/v2\/pages"}],"about":[{"href":"https:\/\/bsb.sbc.org.br\/2022\/wp-json\/wp\/v2\/types\/page"}],"author":[{"embeddable":true,"href":"https:\/\/bsb.sbc.org.br\/2022\/wp-json\/wp\/v2\/users\/8"}],"replies":[{"embeddable":true,"href":"https:\/\/bsb.sbc.org.br\/2022\/wp-json\/wp\/v2\/comments?post=298"}],"version-history":[{"count":35,"href":"https:\/\/bsb.sbc.org.br\/2022\/wp-json\/wp\/v2\/pages\/298\/revisions"}],"predecessor-version":[{"id":860,"href":"https:\/\/bsb.sbc.org.br\/2022\/wp-json\/wp\/v2\/pages\/298\/revisions\/860"}],"wp:attachment":[{"href":"https:\/\/bsb.sbc.org.br\/2022\/wp-json\/wp\/v2\/media?parent=298"}],"curies":[{"name":"wp","href":"https:\/\/api.w.org\/{rel}","templated":true}]}}