{"id":944,"date":"2022-09-15T19:56:41","date_gmt":"2022-09-15T19:56:41","guid":{"rendered":"https:\/\/bsb.sbc.org.br\/2022\/?page_id=944"},"modified":"2023-01-17T18:57:27","modified_gmt":"2023-01-17T18:57:27","slug":"accepted-works","status":"publish","type":"page","link":"https:\/\/bsb.sbc.org.br\/2022\/accepted-works\/","title":{"rendered":"Accepted works"},"content":{"rendered":"\n<p><\/p>\n\n\n\n<h2 class=\"wp-block-heading\">Proceedings&nbsp;<\/h2>\n\n\n\n<p>You can access the proceedings of the Brazilian Symposium on BIoinformatics 2022:<\/p>\n\n\n\n<div class=\"wp-block-buttons is-layout-flex wp-block-buttons-is-layout-flex\">\n<div class=\"wp-block-button has-custom-font-size has-small-font-size\"><a class=\"wp-block-button__link\" href=\"https:\/\/link.springer.com\/book\/10.1007\/978-3-031-21175-1\" target=\"_blank\" rel=\"no-referrer-when-downgrade noopener\"><strong>Proceedings&nbsp;\/ Artigos BSB 2022<\/strong><\/a><\/div>\n<\/div>\n\n\n\n<p><\/p>\n\n\n\n<hr class=\"wp-block-separator is-style-wide\"\/>\n\n\n\n<h2 class=\"wp-block-heading\">Accepted works<\/h2>\n\n\n\n<ul class=\"wp-block-list\"><li><strong><mark style=\"background-color:#fcb900\" class=\"has-inline-color\">Papers <\/mark><\/strong><\/li><\/ul>\n\n\n\n<p><strong><mark style=\"background-color:#abb8c3\" class=\"has-inline-color\">Full papers<\/mark><\/strong><\/p>\n\n\n\n<p><strong>BDDBlast A Memory Efficient Architecture for Pairwise Alignments<br><\/strong>Demian Oliveira, Alessandra Faria-Campos, Sergio Campos<\/p>\n\n\n\n<p><strong>Accuracy of RNA Structure Prediction Depends on the Pseudoknot Grammar<\/strong><br>Carlos Daniel Andrade, Thomas Fontanari, Mariana Recamonde-Mendoza<\/p>\n\n\n\n<p><strong>Study on the complexity of omics data: an analysis for cancer survival prediction<br><\/strong>Carlos Daniel Andrade, Thomas Fontanari, Mariana Recamonde-Mendoza<\/p>\n\n\n\n<p><strong>Identifying large scale conformational changes in proteins through distance maps and convolutional networks<br><\/strong>Lucas Moraes dos Santos, Raquel de Melo-Minardi<\/p>\n\n\n\n<p><strong>Cluster analysis indicates genes involved in progesterone-induced oxidative stress in pancreatic beta cells: insights to understanding gestational diabetes<br><\/strong>Lara Santos, Patricia Oliveira<\/p>\n\n\n\n<p><strong>An External Memory Approach for Large Genome De Novo Assembly<br><\/strong>Elvismary Molina de Armas, Sergio Lifschitz<\/p>\n\n\n\n<p><strong>A non Exhaustive search of Exhaustiveness<br><\/strong>Let\u00edcia Cecotti, Mauricio Balboni, Oscar Arrua, Karina dos Santos Machado, Adriano Werhli<\/p>\n\n\n\n<p><strong>Search for Zinc complexes with high affinity in Pyrazinamidase from&nbsp;<em>Mycobacterium Tuberculosis<\/em>&nbsp;resistant to Pyrazinamide<br><\/strong>Jesus Alvarado-Huayhuaz, Daniel Alonso Talaverano Rojas, Rene\u00e9 Isabel Huam\u00e1n Quispe, Mauricio Balboni, Oscar Arrua, Adriano Werhli, Karina dos Santos Machado, Ana Cecilia Valderrama Negr\u00f3n<\/p>\n\n\n\n<p><strong>Phylogeny trees as a tool to compare inference algorithms of orthologs genes<br><\/strong>Rafael Oliveira, Saul Leite, Fernanda Almeida<\/p>\n\n\n\n<p><strong>A 1.375-Approximation Algorithm for Sorting by Transpositions with Faster Running Time<br><\/strong>Alexsandro Alexandrino, Klairton de Lima Brito, Andre Oliveira, Ulisses Dias, Zanoni Dias<\/p>\n\n\n\n<p><\/p>\n\n\n\n<p><strong><mark style=\"background-color:#abb8c3\" class=\"has-inline-color\">Short papers<\/mark><\/strong><\/p>\n\n\n\n<p><strong>Cancer gene graphs on interactive scientific workflow<br><\/strong>Diogo Vieira, Elvismary Molina de Armas, Cristovao Lanna, Mariana Boroni, Sergio Lifschitz, Alexandre Heine<\/p>\n\n\n\n<p><strong>Comparison of machine learning pipelines for gene expression matrices<br><\/strong>Mateus Devino, Kele Belloze, Eduardo Bezerra<\/p>\n\n\n\n<p><strong>Evaluating Machine Learning Models for Essential Protein Identification<br><\/strong>J\u00e9ssica Costa, Jorge Gabriel Rodrigues, Kele Belloze<\/p>\n\n\n\n<p><strong>Computational methodology for discovery of potential inhibitory peptides<br><\/strong>Vivian Paix\u00e3o, Raquel de Melo-Minardi<\/p>\n\n\n\n<p><strong>How bioinformatics can aid biodiversity description: the&nbsp;case of a probable new species of&nbsp;<em>Orthonychiurus<\/em>&nbsp;(Collembola, Hexapoda)<br><\/strong>Maithe Magalhaes, Marilia Alves Figueira Melo, Gabriel Costa Queiroz, Aline dos Santos Moreira, Wim Degrave, Thiago Parente<\/p>\n\n\n\n<p><strong>Water pollution shifts the soil and fish gut microbiomes increasing the circulation of antibiotic resistance genes in the environment<br><\/strong>Maithe Magalhaes, Marilia Alves Figueira Melo, Aline dos Santos Moreira, Wim Degrave, Thiago Parente<\/p>\n\n\n\n<p><strong><em>In silico<\/em>&nbsp;analysis of the genomic potential for the production of specialized metabolites of ten strains of the&nbsp;<em>Bacillales<\/em>&nbsp;order isolated from the soil of the Federal District, Brazil<br><\/strong>Felipe de Ara\u00fajo Mesquita, Waldeyr Silva, Marlene Teixeira De-Souza<\/p>\n\n\n\n<p><\/p>\n\n\n\n<hr class=\"wp-block-separator is-style-wide\"\/>\n\n\n\n<ul class=\"wp-block-list\"><li><strong><mark style=\"background-color:#fcb900\" class=\"has-inline-color\">Posters <\/mark><\/strong><\/li><\/ul>\n\n\n\n<p><strong>Developing a Predictor of aggregation region in proteins with machine learning and tertiary structure<br><\/strong>Carlos Moreira, Eric Philot, Ana Scott<\/p>\n\n\n\n<p><strong>Comparative transcriptomics for identification of key genes among xylose fermenting yeasts through interaction networks and co-expression analysis<br><\/strong>Alexandra Russolo Cardelli, Gon\u00e7alo Pereira, Lucas Miguel de Carvalho<\/p>\n\n\n\n<p><strong>Comparative genomic and co-occurrence network analysis of plant growth-promoting genes in the genus <em>Paraburkholderia<\/em><br><\/strong>Francisnei Pedrosa-Silva<\/p>\n\n\n\n<p><strong>Comparative genomics reveals novel species potential and niche segregation of <em>Campylobacter<\/em><br><\/strong>Sarah Henaut Jacobs<\/p>\n\n\n\n<p><strong>Impact of human contamination on the patterns of co-occurrence of a microbiome<br><\/strong>Pedro Almeida, Henrique Fragoso, Andr\u00e9 Torres, Marcelo Gomes, Ernesto Caffarena<\/p>\n\n\n\n<p><strong>Mathematical Modelling for Microbial Community Induced Metabolic Diseases (MATOMIC)<br><\/strong>Natasha Andressa Nogueira Jorge<\/p>\n\n\n\n<p><strong>Taxonomic characterization of the microbial community of photovoltaic panel using Metagenomics<br><\/strong>Viviane Jotta, Carla Silva<\/p>\n\n\n\n<p><strong>Analysis of Metagenome-assembled genomes recovered from inocula and mature compost at the composting facility at the S\u00e3o Paulo Zoo Park<br><\/strong>Suzana Sato Guima, Layla Martins, Aline Maria da Silva, Jo\u00e3o Setubal<\/p>\n\n\n\n<p><strong>Survey of <em>Cannabis sativa<\/em> L. RNA-Seq data available in public databases<br><\/strong>Kevelin Xavier<\/p>\n\n\n\n<p><strong>Bioinformatics applied to function inference of gene subfamilies related to oil biosynthesis in legumes<br><\/strong>Dayana Kelly de Moraes<\/p>\n\n\n\n<p><strong>Convergence, evolution and metabolism: enzymatic activities as Darwinian evolutionary units and genes encoding non-homologous isofunctional enzymes as Mendelian alleles<br><\/strong>Fernanda Oliveira, Fernando Alvarez Val\u00edn, Antonio de Miranda, Marcos Catanho, Ana Carolina Guimaraes<\/p>\n\n\n\n<p><strong>Genetic variation at sites of Post-Translational Modification in the Polygenic Risk Model for Alzheimer&#8217;s disease -associated phenotypes<br><\/strong>Samantha Lucciola Pa\u00e7o<\/p>\n\n\n\n<p><strong>Prediction of drug-target interactions for Brazilian herbal medicines and hallucinogens, by computational approaches<br><\/strong>Ronald Martins, Marcelo Gomes, Ernesto Caffarena<\/p>\n\n\n\n<p><strong>Multi-omic approach for characterization of tentacle and mucus composition of sea anemone <em>Bunodosoma caissarum<\/em><br><\/strong>Maria Eduarda Mazzi Esquinca, Leandro Mantovani de Castro<\/p>\n\n\n\n<p><strong>In embryo and in silico positioning of a novel gene in sensory neurons gene regulatory network<br><\/strong>Vit\u00f3ria Samartin Botezelli, Carolina Purcell Goes, Ana Elisa Ribeiro Orsi, Chao Yun Irene Yan<\/p>\n\n\n\n<p><strong>Comparative analysis and genomic diversity of the genus <em>Azospirillum<\/em><br><\/strong>Isabella Oliveira-Pinheiro, Francisnei Pedrosa-Silva<\/p>\n\n\n\n<p><strong>A multi-omic approach to identify RNAi targets for the control of <em>Meloidogyne incognita<\/em> in agriculture<br><\/strong>Giovana de Oliveira<\/p>\n\n\n\n<p><strong>What can unmapped reads uncover about sugarcane during biotic stress<br><\/strong>Joel Junior, Raquel Mirando, Marcelo Zerillo, Henrique Dias, Marie-Anne Sluys<\/p>\n\n\n\n<p><strong>PHEMALE-Bacteria: genome-based tool for prediction of bacteria phenotypes with machine learning<br><\/strong>Bruno Koshin Iha<\/p>\n\n\n\n<p><strong>Contact profile optimization: a novel approach for rational design of inhibitory peptides against SARS-COV2<br><\/strong>Ana Paula Abreu, Frederico Carvalho, Adriano de Paula Sabino, Raquel de Melo-Minardi<\/p>\n\n\n\n<p><strong>Genome assembly of <em>Vellozia tubiflora and V. peripherica<\/em>: A story about charting unknown genomes in the era of Big Data<br><\/strong>Felipe Ciamponi, Mariana Feitosa Cavalheiro, Stephen Richards, Harris Lewin, Paulo Arruda, Ricardo Dante, Isabel Gerhardt<\/p>\n\n\n\n<p><strong>Identification and characterization of OSCA gene family in <em>Vellozia intermedia and V. nivea<\/em><br><\/strong>Mariana Feitosa Cavalheiro, Lucas Canesin, Diego Ria\u00f1o-Pach\u00f3n, Paulo Arruda, Ricardo Dante, Isabel Gerhardt<\/p>\n\n\n\n<p><strong>Cosmopolitism Analysis of Metagenome-Assembled Genomes from S\u00e3o Paulo Zoo environments<br><\/strong>Robson Oliveira, F\u00e1bio Beltrame Sanchez, Layla Martins, Aline Maria da Silva, Jo\u00e3o Setubal<\/p>\n\n\n\n<p><strong>Bacterial 2`-Deoxyguanosine Riboswitch Classes as Potential Targets for Antibiotics: A Structure and Dynamics Study<br><\/strong>Deborah Antunes dos Santos, Lucianna Santos, Ernesto Caffarena, Ana Carolina Guimaraes<\/p>\n\n\n\n<p><strong>Creating PERCI data repository of non-coding RNAs involved in colorectal cancer with search application of BERT<br><\/strong>Jaqueline Coelho, Maria Emilia Walter, Maristela Holanda, Li Weigang, Jo\u00e3o Batista de Sousa, Lucas Maciel Vieira<\/p>\n\n\n\n<p><\/p>\n\n\n\n<hr class=\"wp-block-separator is-style-wide\"\/>\n\n\n\n<ul class=\"wp-block-list\"><li><mark style=\"background-color:#fcb900\" class=\"has-inline-color\"><strong>Software Demo<\/strong><\/mark><\/li><\/ul>\n\n\n\n<p><strong>Mini-Docking A simple script to fast execute the Virtual Screening Process<br><\/strong>Lucas Rolim Medaglia, Tiago Oliveira, Eduardo Habib Maia, Alisson Silva, Alex Taranto<\/p>\n\n\n\n<p><strong>OLATCG: expanding the frontiers for the use of Bioinformatics<br><\/strong>Luiz Miguel Viana Barbosa, Anna Mendes, Guilherme Matos, Kele Belloze<\/p>\n","protected":false},"excerpt":{"rendered":"<p>Proceedings&nbsp; You can access the proceedings of the Brazilian Symposium on BIoinformatics 2022: Accepted works Papers Full papers BDDBlast A Memory Efficient Architecture for Pairwise AlignmentsDemian Oliveira, Alessandra Faria-Campos, Sergio Campos Accuracy of RNA Structure Prediction Depends on the Pseudoknot GrammarCarlos Daniel Andrade, Thomas Fontanari, Mariana Recamonde-Mendoza Study on the complexity of omics data: an [&hellip;]<\/p>\n","protected":false},"author":8,"featured_media":0,"parent":0,"menu_order":0,"comment_status":"closed","ping_status":"closed","template":"","meta":{"footnotes":""},"class_list":["post-944","page","type-page","status-publish","hentry","entry"],"_links":{"self":[{"href":"https:\/\/bsb.sbc.org.br\/2022\/wp-json\/wp\/v2\/pages\/944","targetHints":{"allow":["GET"]}}],"collection":[{"href":"https:\/\/bsb.sbc.org.br\/2022\/wp-json\/wp\/v2\/pages"}],"about":[{"href":"https:\/\/bsb.sbc.org.br\/2022\/wp-json\/wp\/v2\/types\/page"}],"author":[{"embeddable":true,"href":"https:\/\/bsb.sbc.org.br\/2022\/wp-json\/wp\/v2\/users\/8"}],"replies":[{"embeddable":true,"href":"https:\/\/bsb.sbc.org.br\/2022\/wp-json\/wp\/v2\/comments?post=944"}],"version-history":[{"count":9,"href":"https:\/\/bsb.sbc.org.br\/2022\/wp-json\/wp\/v2\/pages\/944\/revisions"}],"predecessor-version":[{"id":1097,"href":"https:\/\/bsb.sbc.org.br\/2022\/wp-json\/wp\/v2\/pages\/944\/revisions\/1097"}],"wp:attachment":[{"href":"https:\/\/bsb.sbc.org.br\/2022\/wp-json\/wp\/v2\/media?parent=944"}],"curies":[{"name":"wp","href":"https:\/\/api.w.org\/{rel}","templated":true}]}}