{"id":293,"date":"2022-05-11T16:33:52","date_gmt":"2022-05-11T16:33:52","guid":{"rendered":"https:\/\/bsb.sbc.org.br\/2023\/?page_id=293"},"modified":"2023-06-07T18:32:27","modified_gmt":"2023-06-07T18:32:27","slug":"program","status":"publish","type":"page","link":"https:\/\/bsb.sbc.org.br\/2023\/program\/","title":{"rendered":"Program"},"content":{"rendered":"\t\t<div data-elementor-type=\"wp-page\" data-elementor-id=\"293\" class=\"elementor elementor-293\">\n\t\t\t\t\t\t<section class=\"elementor-section elementor-top-section elementor-element elementor-element-21ac3173 elementor-section-boxed elementor-section-height-default elementor-section-height-default\" data-id=\"21ac3173\" data-element_type=\"section\" data-e-type=\"section\">\n\t\t\t\t\t\t<div class=\"elementor-container elementor-column-gap-default\">\n\t\t\t\t\t<div class=\"elementor-column elementor-col-100 elementor-top-column elementor-element elementor-element-f22de27\" data-id=\"f22de27\" data-element_type=\"column\" data-e-type=\"column\">\n\t\t\t<div class=\"elementor-widget-wrap elementor-element-populated\">\n\t\t\t\t\t\t<div class=\"elementor-element elementor-element-62d3f435 elementor-widget elementor-widget-text-editor\" data-id=\"62d3f435\" data-element_type=\"widget\" data-e-type=\"widget\" data-widget_type=\"text-editor.default\">\n\t\t\t\t<div class=\"elementor-widget-container\">\n\t\t\t\t\t\t\t\t\t<p><\/p>\n<h2 class=\"wp-block-heading\"><strong>PROGRAM<\/strong><\/h2>\n<h2><strong style=\"font-size: 14px\">BSB 2023 + X-Meeting 2023<\/strong><\/h2>\n<p>June, 13-16 <br \/>Centro de Eventos do Sistema Fiep, Curitiba, PR<\/p>\n<div class=\"wp-block-buttons\">\n<p><\/p>\n<\/div>\n<p><!-- \/wp:buttons --><\/p>\t\t\t\t\t\t\t\t<\/div>\n\t\t\t\t<\/div>\n\t\t\t\t<div class=\"elementor-element elementor-element-3e597c2 elementor-widget elementor-widget-text-editor\" data-id=\"3e597c2\" data-element_type=\"widget\" data-e-type=\"widget\" data-widget_type=\"text-editor.default\">\n\t\t\t\t<div class=\"elementor-widget-container\">\n\t\t\t\t\t\t\t\t\t<p><!-- wp:heading --><\/p>\n<h2><b style=\"font-size: 14px\">TUESDAY- JUNE 13th<\/b><\/h2>\n<div><b style=\"font-size: 14px\">08:30 AM &#8211; 06:30 PM<\/b><\/div>\n<div>Ideathon by SEBRAE (Room 2)<\/div>\n<div style=\"font-size: 14px\"><span style=\"font-size: 14px;font-weight: bold\">\u00a0<\/span><\/div>\n<div style=\"font-size: 14px\">\n<p><span style=\"font-size: 14px;font-weight: bold\">08:30 AM &#8211; 06:30 PM<\/span><br \/>hackaton &#8211; to be confirmed (Atrium)<\/p>\n<\/div>\n<p><span style=\"font-family: Roboto, sans-serif;font-size: 14px;font-style: normal;font-weight: bold\">02:00 PM &#8211; 06:30 PM<\/span><br \/><span style=\"font-family: Roboto, sans-serif;font-size: 14px;font-style: normal;font-weight: 400\">Warming up event (Room 3)<\/span><\/p>\n<div>\n<p><!-- \/wp:heading --><\/p>\n<\/div>\n<p><!-- \/wp:buttons --><\/p>\t\t\t\t\t\t\t\t<\/div>\n\t\t\t\t<\/div>\n\t\t\t\t<div class=\"elementor-element elementor-element-695536d elementor-widget elementor-widget-text-editor\" data-id=\"695536d\" data-element_type=\"widget\" data-e-type=\"widget\" data-widget_type=\"text-editor.default\">\n\t\t\t\t<div class=\"elementor-widget-container\">\n\t\t\t\t\t\t\t\t\t<p><!-- wp:heading --><\/p>\n<h2><b style=\"font-size: 14px\">WEDNESDAY- JUNE 14th<\/b><\/h2>\n<div><b style=\"font-size: 14px\">08:30 AM &#8211; 10:30 AM<\/b><\/div>\n<div>Course 1 &#8211; Machine Learning (Room 2)<\/div>\n<div style=\"font-size: 14px\"><span style=\"font-size: 14px;font-weight: bold\">\u00a0<\/span><\/div>\n<div style=\"font-size: 14px\">\n<p><span style=\"font-size: 14px;font-weight: bold\">08:30 AM &#8211; 10:30 AM<\/span><br \/>Course 5 &#8211; Biological Data Management (Main Room)<\/p>\n<\/div>\n<p><span style=\"font-family: Roboto, sans-serif;font-size: 14px;font-style: normal;font-weight: bold\">10:30 AM &#8211; 10:45 AM<\/span><br \/><span style=\"font-family: Roboto, sans-serif;font-size: 14px;font-style: normal;font-weight: 400\">Opening Cerimony (Main Room)<\/span><\/p>\n<p style=\"font-family: Roboto, sans-serif;font-size: 14px;font-style: normal;font-weight: 400\"><span style=\"font-family: Roboto, sans-serif;font-size: 14px;font-style: normal;font-weight: bold\">10:45 AM &#8211; 11:30 AM<\/span><br \/><span style=\"font-family: Roboto, sans-serif;font-size: 14px;font-style: normal;font-weight: 400\">Medalha de M\u00e9rito Cient\u00edfico AB3C (Main Room)<\/span><\/p>\n<div>\n<p style=\"font-family: Roboto, sans-serif;font-size: 14px;font-style: normal;font-weight: 400\"><span style=\"font-family: Roboto, sans-serif;font-size: 14px;font-style: normal;font-weight: bold\">11:30 AM &#8211; 12:30 PM<\/span><br \/><span style=\"font-family: Roboto, sans-serif;font-size: 14px;font-style: normal;font-weight: 400\"><a href=\"https:\/\/bsb.sbc.org.br\/2023\/invited-speakers\/\">Keynote Speaker: Robert Finn <\/a>(Main Room)<\/span><\/p>\n<p style=\"font-family: Roboto, sans-serif;font-size: 14px;font-style: normal;font-weight: 400\"><span style=\"font-family: Roboto, sans-serif;font-size: 14px;font-style: normal;font-weight: bold\">02:00 PM &#8211; 08:00 PM<\/span><br \/><span style=\"font-family: Roboto, sans-serif;font-size: 14px;font-style: normal;font-weight: 400\">Poster Session ALPHA (Atrium)<\/span><span style=\"font-family: Roboto, sans-serif;font-size: 14px;font-style: normal;font-weight: 400\"><br \/><\/span><\/p>\n<\/div>\n<p><span style=\"font-family: Roboto, sans-serif;font-size: 14px;font-style: normal;font-weight: bold\">02:00 PM &#8211; 02:30 PM<\/span><br \/><span style=\"font-family: Roboto, sans-serif;font-size: 14px;font-style: normal;font-weight: 400\">Pesquisador Homenageado BSB (Main Room)<\/span><\/p>\n<p><span style=\"font-family: Roboto, sans-serif;font-size: 14px;font-style: normal;font-weight: bold\">02:30 PM &#8211; 03:30 PM<\/span><br \/><span style=\"font-family: Roboto, sans-serif;font-size: 14px;font-style: normal;font-weight: 400\"><a href=\"https:\/\/bsb.sbc.org.br\/2023\/invited-speakers\/\">Keynote Speaker: Jo\u00e3o Meidanis<\/a> (Main Room)<\/span><span style=\"font-family: Roboto, sans-serif;font-size: 14px;font-style: normal;font-weight: 400\"><br \/><\/span><\/p>\n<p><span style=\"font-family: Roboto, sans-serif;font-size: 14px;font-style: normal;font-weight: bold\">03:00 PM &#8211; 04:30 PM<\/span><br \/><span style=\"font-family: Roboto, sans-serif;font-size: 14px;font-style: normal;font-weight: 400\">Liga Brasileira de Bioinform\u00e1tica (Room 2)<\/span><span style=\"font-weight: 400;font-style: normal;font-size: 14px;font-family: Roboto, sans-serif\"><br \/><\/span><\/p>\n<p><span style=\"font-family: Roboto, sans-serif;font-size: 14px;font-style: normal;font-weight: bold\">03:30 PM &#8211; 04:00 PM<\/span><br \/>New Sequencing technologies by MGI\u00a0(Main Room)<span style=\"font-family: Roboto, sans-serif;font-size: 14px;font-style: normal;font-weight: 400\"><br \/><\/span><\/p>\n<p><span style=\"font-family: Roboto, sans-serif;font-size: 14px;font-style: normal;font-weight: bold\">04:30 PM &#8211; 05:30 PM<\/span><br \/><span style=\"font-family: Roboto, sans-serif;font-size: 14px;font-style: normal;font-weight: 400\"><a href=\"https:\/\/bsb.sbc.org.br\/2023\/invited-speakers\/\">Bioconductor Symposium &#8211; Martin Morgan<\/a> (Main Room)<\/span><\/p>\n<p style=\"font-family: Roboto, sans-serif;font-size: 14px;font-style: normal;font-weight: 400\"><span style=\"font-family: Roboto, sans-serif;font-size: 14px;font-style: normal;font-weight: bold\">04:30 PM &#8211; 06:00 PM<\/span><br \/><a href=\"https:\/\/bsb.sbc.org.br\/2023\/accepted-works\/\">BSB Technical Session I<\/a> (Room 2)<span style=\"font-family: Roboto, sans-serif;font-size: 14px;font-style: normal;font-weight: 400\"><br \/><\/span><\/p>\n<div><span style=\"font-family: Roboto, sans-serif;font-size: 14px;font-style: normal;font-weight: bold\">05:30 PM &#8211; 06:00 PM<\/span><br \/><span style=\"font-family: Roboto, sans-serif;font-size: 14px;font-style: normal;font-weight: 400\">Lecture: Advances in Personalized Medicine (Main Room)<\/span><\/div>\n<p>\u00a0<\/p>\n<p><span style=\"font-family: Roboto, sans-serif;font-size: 14px;font-style: normal;font-weight: bold\">06:00 PM &#8211; 07:00 PM<\/span><br \/><span style=\"font-family: Roboto, sans-serif;font-size: 14px;font-style: normal;font-weight: 400\">Bioinformatics over the AB3C regionals (Main Room)<\/span><\/p>\n<div>\n<p><!-- \/wp:heading --><\/p>\n<\/div>\n<p><!-- \/wp:buttons --><\/p>\t\t\t\t\t\t\t\t<\/div>\n\t\t\t\t<\/div>\n\t\t\t\t<div class=\"elementor-element elementor-element-029e63f elementor-widget elementor-widget-text-editor\" data-id=\"029e63f\" data-element_type=\"widget\" data-e-type=\"widget\" data-widget_type=\"text-editor.default\">\n\t\t\t\t<div class=\"elementor-widget-container\">\n\t\t\t\t\t\t\t\t\t<p><!-- wp:heading --><\/p>\n<h2><b style=\"font-size: 14px\">THURSDAY- JUNE 15th<\/b><\/h2>\n<div><b style=\"font-size: 14px\">08:00 AM &#8211; 10:30 AM<\/b><\/div>\n<div>Course 5 &#8211; Biological Data Management (Main Room)<\/div>\n<div style=\"font-size: 14px\"><span style=\"font-size: 14px;font-weight: bold\">\u00a0<\/span><\/div>\n<div style=\"font-size: 14px\">\n<p><span style=\"font-size: 14px;font-weight: bold\">08:30 AM &#8211; 10:30 AM<\/span><br \/><span style=\"font-size: 14px\">Special Course &#8211; Learning R (Atrium)<\/span><\/p>\n<\/div>\n<div style=\"font-family: Roboto, sans-serif;font-size: 14px;font-style: normal;font-weight: 400\">\n<p style=\"font-size: 14px\"><span style=\"font-size: 14px;font-weight: bold\">08:30 AM &#8211; 10:30 AM<\/span><br \/>Course 2 &#8211; Introduction to Biological Databases (Room 3)<\/p>\n<p style=\"font-size: 14px\"><span style=\"font-family: Roboto, sans-serif;font-size: 14px;font-style: normal;font-weight: bold\">08:30 AM &#8211; 10:30 AM<\/span><br \/><span style=\"font-family: Roboto, sans-serif;font-size: 14px;font-style: normal;font-weight: 400\">Course 3 &#8211; Bioconductor (Room 2)<\/span><\/p>\n<\/div>\n<p><span style=\"font-family: Roboto, sans-serif;font-size: 14px;font-style: normal;font-weight: bold\">10:30 AM &#8211; 11:30 AM<\/span><br \/><span style=\"font-family: Roboto, sans-serif;font-size: 14px;font-style: normal;font-weight: 400\"><a href=\"https:\/\/bsb.sbc.org.br\/2023\/invited-speakers\/\">Keynote Speaker: Helder Nakaya<\/a> (Main Room)<\/span><\/p>\n<p><span style=\"font-family: Roboto, sans-serif;font-size: 14px;font-style: normal;font-weight: bold\">11:30 AM &#8211; 12:30 AM<\/span><br \/><span style=\"font-family: Roboto, sans-serif;font-size: 14px;font-style: normal;font-weight: 400\">The omics Symposium (Main Room)<\/span><span style=\"font-family: Roboto, sans-serif;font-size: 14px;font-style: normal;font-weight: 400\"><br \/><\/span><\/p>\n<p><span style=\"font-family: Roboto, sans-serif;font-size: 14px;font-style: normal;font-weight: bold\">11:30 AM &#8211; 13:00 AM<\/span><br \/><span style=\"font-family: Roboto, sans-serif;font-size: 14px;font-style: normal;font-weight: 400\"><a href=\"https:\/\/bsb.sbc.org.br\/2023\/accepted-works\/\">BSB Technical Session II<\/a> (Room 2)<\/span><span style=\"font-family: Roboto, sans-serif;font-size: 14px;font-style: normal;font-weight: 400\"><br \/><\/span><\/p>\n<p><span style=\"font-family: Roboto, sans-serif;font-size: 14px;font-style: normal;font-weight: bold\">01:30 PM &#8211; 02:00 PM<\/span><br \/><span style=\"font-family: Roboto, sans-serif;font-size: 14px;font-style: normal;font-weight: 400\">Lecture:\u00a0<\/span>Advances on next generation sequencing by Illumina<span style=\"font-family: Roboto, sans-serif;font-size: 14px;font-style: normal;font-weight: 400\">\u00a0(Main Room)<\/span><\/p>\n<p><span style=\"font-family: Roboto, sans-serif;font-size: 14px;font-style: normal;font-weight: bold\">02:00 PM &#8211; 03:00 PM<\/span><br \/><span style=\"font-family: Roboto, sans-serif;font-size: 14px;font-style: normal;font-weight: 400\"><a href=\"https:\/\/bsb.sbc.org.br\/2023\/invited-speakers\/\">Keynote Speaker: Miguel Rocha<\/a> (Main Room)<\/span><\/p>\n<p style=\"font-family: Roboto, sans-serif;font-size: 14px;font-style: normal;font-weight: 400\"><span style=\"font-family: Roboto, sans-serif;font-size: 14px;font-style: normal;font-weight: bold\">02:00 PM &#8211; 08:00 PM<\/span><br \/><span style=\"font-family: Roboto, sans-serif;font-size: 14px;font-style: normal;font-weight: 400\">Poster Session BETA (Atrium)<\/span><\/p>\n<div>\n<p style=\"font-family: Roboto, sans-serif;font-size: 14px;font-style: normal;font-weight: 400\"><span style=\"font-family: Roboto, sans-serif;font-size: 14px;font-style: normal;font-weight: bold\">02:00 PM &#8211; 08:00 PM<\/span><br \/><span style=\"font-family: Roboto, sans-serif;font-size: 14px;font-style: normal;font-weight: 400\">Poster Session BETA (Atrium)<\/span><\/p>\n<p style=\"font-family: Roboto, sans-serif;font-size: 14px;font-style: normal;font-weight: 400\"><span style=\"font-family: Roboto, sans-serif;font-size: 14px;font-style: normal;font-weight: bold\">02:00 PM &#8211; 03:00 PM<\/span><br \/><span style=\"font-family: Roboto, sans-serif;font-size: 14px;font-style: normal;font-weight: 400\">Roundtable: Educa\u00e7\u00e3o e Divulga\u00e7\u00e3o Cient\u00edfica (Main Room)<\/span><\/p>\n<p style=\"font-family: Roboto, sans-serif;font-size: 14px;font-style: normal;font-weight: 400\"><span style=\"font-family: Roboto, sans-serif;font-size: 14px;font-style: normal;font-weight: bold\">03:00 PM &#8211; 06:30 PM<\/span><br \/><span style=\"font-family: Roboto, sans-serif;font-size: 14px;font-style: normal;font-weight: 400\">Workshop LBB (Room 2)<\/span><span style=\"font-family: Roboto, sans-serif;font-size: 14px;font-style: normal;font-weight: 400\"><br \/><\/span><\/p>\n<p style=\"font-family: Roboto, sans-serif;font-size: 14px;font-weight: 400\"><span style=\"font-style: normal;font-family: Roboto, sans-serif;font-size: 14px;font-weight: bold\">04:30 PM &#8211; 05:30 PM<\/span><br \/><span style=\"font-style: normal;font-family: Roboto, sans-serif;font-size: 14px;font-weight: 400\">Structure Biology Symposium (Main Room)<\/span><span style=\"font-style: normal;font-family: Roboto, sans-serif;font-size: 14px;font-weight: 400\"><br \/><\/span><\/p>\n<p style=\"font-family: Roboto, sans-serif;font-size: 14px;font-weight: 400\"><span style=\"font-family: Roboto, sans-serif;font-size: 14px;font-style: normal;font-weight: bold\">04:30 PM &#8211; 05:30 PM<\/span><br \/><span style=\"font-family: Roboto, sans-serif;font-size: 14px;font-style: normal;font-weight: 400\">Genomic Medicine by Mendelics (Main Room)<\/span><span style=\"font-style: normal;font-family: Roboto, sans-serif;font-size: 14px;font-weight: 400\"><br \/><\/span><\/p>\n<p style=\"font-family: Roboto, sans-serif;font-size: 14px;font-weight: 400\"><span style=\"font-family: Roboto, sans-serif;font-size: 14px;font-style: normal;font-weight: bold\">06:30 PM &#8211; 07:00 PM<\/span><br \/><span style=\"font-family: Roboto, sans-serif;font-size: 14px;font-style: normal;font-weight: 400\">Regional Student Group BRAZIL (Main Room)<\/span><span style=\"font-family: Roboto, sans-serif;font-size: 14px;font-style: normal;font-weight: 400\"><br \/><\/span><\/p>\n<\/div>\n<p style=\"font-family: Roboto, sans-serif;font-size: 14px;font-style: normal;font-weight: 400\">\u00a0<\/p>\n<div>\n<p><!-- \/wp:heading --><\/p>\n<\/div>\n<p><!-- \/wp:buttons --><\/p>\t\t\t\t\t\t\t\t<\/div>\n\t\t\t\t<\/div>\n\t\t\t\t<div class=\"elementor-element elementor-element-c0cc78c elementor-widget elementor-widget-text-editor\" data-id=\"c0cc78c\" data-element_type=\"widget\" data-e-type=\"widget\" data-widget_type=\"text-editor.default\">\n\t\t\t\t<div class=\"elementor-widget-container\">\n\t\t\t\t\t\t\t\t\t<p><!-- wp:heading --><\/p>\n<h2><b style=\"font-size: 14px\">FRIDAY- JUNE 16th<\/b><\/h2>\n<div><b style=\"font-size: 14px\">08:00 AM &#8211; 10:30 AM<\/b><\/div>\n<div>Course 5 &#8211; Biological Data Management (Main Room)<\/div>\n<div style=\"font-size: 14px\"><span style=\"font-size: 14px;font-weight: bold\">&nbsp;<\/span><\/div>\n<div style=\"font-size: 14px\">\n<p><span style=\"font-size: 14px;font-weight: bold\">08:30 AM &#8211; 10:30 AM<\/span><br><span style=\"font-size: 14px\">Special Course &#8211; Learning R (Atrium)<\/span><\/p>\n<\/div>\n<div style=\"font-family: Roboto, sans-serif;font-size: 14px;font-style: normal;font-weight: 400\">\n<p style=\"font-size: 14px\"><span style=\"font-family: Roboto, sans-serif;font-size: 14px;font-style: normal;font-weight: bold\">08:30 AM &#8211; 10:30 AM<\/span><br><span style=\"font-family: Roboto, sans-serif;font-size: 14px;font-style: normal;font-weight: 400\">Course 3 &#8211; Bioconductor (Room 2)<\/span><\/p>\n<\/div>\n<p><span style=\"font-family: Roboto, sans-serif;font-size: 14px;font-style: normal;font-weight: bold\">08:30 AM &#8211; 10:30 AM<\/span><br><span style=\"font-family: Roboto, sans-serif;font-size: 14px;font-style: normal;font-weight: 400\">The MGI Course (Room 3)<\/span><span style=\"font-family: Roboto, sans-serif;font-size: 14px;font-style: normal;font-weight: bold\"><br><\/span><\/p>\n<p><span style=\"font-family: Roboto, sans-serif;font-size: 14px;font-style: normal;font-weight: bold\">10:30 AM &#8211; 11:30 AM<\/span><br><span style=\"font-family: Roboto, sans-serif;font-size: 14px;font-style: normal;font-weight: 400\"><a href=\"https:\/\/bsb.sbc.org.br\/2023\/invited-speakers\/\">Keynote Speaker:&nbsp;<\/a><\/span><span style=\"color: #333333\">Sameer Velankar&nbsp;<\/span><span style=\"font-family: Roboto, sans-serif;font-size: 14px;font-style: normal;font-weight: 400\">(Main Room)<\/span><\/p>\n<p><span style=\"font-family: Roboto, sans-serif;font-size: 14px;font-style: normal;font-weight: bold\">11:30 AM &#8211; 12:00 AM<\/span><br><span style=\"font-family: Roboto, sans-serif;font-size: 14px;font-style: normal;font-weight: 400\">Lecture: TMG (Main Room)<\/span><span style=\"font-family: Roboto, sans-serif;font-size: 14px;font-style: normal;font-weight: 400\"><br><\/span><\/p>\n<p><span style=\"font-family: Roboto, sans-serif;font-size: 14px;font-style: normal;font-weight: bold\">11:30 AM &#8211; 13:00 AM<\/span><br><span style=\"font-family: Roboto, sans-serif;font-size: 14px;font-style: normal;font-weight: 400\"><a href=\"https:\/\/bsb.sbc.org.br\/2023\/accepted-works\/\">BSB Technical Session III<\/a> (Room 2)<\/span><span style=\"font-family: Roboto, sans-serif;font-size: 14px;font-style: normal;font-weight: 400\"><br><\/span><\/p>\n<p><span style=\"font-family: Roboto, sans-serif;font-size: 14px;font-style: normal;font-weight: bold\">02:00 PM &#8211; 03:00 PM<\/span><br><span style=\"font-family: Roboto, sans-serif;font-size: 14px;font-style: normal;font-weight: 400\">Roundtable: Academy vs. Industry, and vice versa (Main Room)<\/span><span style=\"font-family: Roboto, sans-serif;font-size: 14px;font-style: normal;font-weight: 400\"><br><\/span><\/p>\n<p><span style=\"font-family: Roboto, sans-serif;font-size: 14px;font-style: normal;font-weight: bold\">03:30 PM &#8211; 04:00 PM<\/span><br><span style=\"font-family: Roboto, sans-serif;font-size: 14px;font-style: normal;font-weight: 400\">AB3C (Main Room)<\/span><span style=\"font-family: Roboto, sans-serif;font-size: 14px;font-style: normal;font-weight: 400\"><br><\/span><\/p>\n<p><span style=\"font-family: Roboto, sans-serif;font-size: 14px;font-style: normal;font-weight: bold\">04:30 PM &#8211; 05:00 PM<\/span><br><span style=\"font-family: Roboto, sans-serif;font-size: 14px;font-style: normal;font-weight: 400\">Lecture: Loccus (Main Room)<\/span><span style=\"font-family: Roboto, sans-serif;font-size: 14px;font-style: normal;font-weight: 400\"><br><\/span><\/p>\n<p><span style=\"font-family: Roboto, sans-serif;font-size: 14px;font-style: normal;font-weight: bold\">04:30 PM &#8211; 05:30 PM<\/span><br><span style=\"font-family: Roboto, sans-serif;font-size: 14px;font-style: normal;font-weight: 400\">CEBioComp Meeting (Room 2)<\/span><span style=\"font-family: Roboto, sans-serif;font-size: 14px;font-style: normal;font-weight: 400\"><br><\/span><\/p>\n<p><span style=\"font-family: Roboto, sans-serif;font-size: 14px;font-style: normal;font-weight: bold\">05:00 PM &#8211; 06:00 PM<\/span><br><span style=\"font-family: Roboto, sans-serif;font-size: 14px;font-style: normal;font-weight: 400\">X-Meeting Symposium (Main Room)<\/span><span style=\"font-family: Roboto, sans-serif;font-size: 14px;font-style: normal;font-weight: 400\"><br><\/span><\/p>\n<p><span style=\"font-family: Roboto, sans-serif;font-size: 14px;font-style: normal;font-weight: bold\">06:30 PM &#8211; 07:30 PM<\/span><br><span style=\"font-family: Roboto, sans-serif;font-size: 14px;font-style: normal;font-weight: 400\">Wrap up \/ Prizes \/ Goodbye (Main Room)<\/span><span style=\"font-family: Roboto, sans-serif;font-size: 14px;font-style: normal;font-weight: 400\"><br><\/span><\/p>\n<p><\/p>\n<p style=\"font-family: Roboto, sans-serif;font-size: 14px;font-style: normal;font-weight: 400\">\n<\/p><div>\n<p><!-- \/wp:heading --><\/p>\n<\/div>\n<p><!-- \/wp:buttons --><\/p>\t\t\t\t\t\t\t\t<\/div>\n\t\t\t\t<\/div>\n\t\t\t\t<div class=\"elementor-element elementor-element-b9ce644 elementor-widget elementor-widget-text-editor\" data-id=\"b9ce644\" data-element_type=\"widget\" data-e-type=\"widget\" data-widget_type=\"text-editor.default\">\n\t\t\t\t<div class=\"elementor-widget-container\">\n\t\t\t\t\t\t\t\t\t<p><!-- wp:heading --><\/p>\n<div class=\"wp-block-buttons\">\n<div class=\"wp-block-button has-custom-font-size is-style-outline has-small-font-size\"><a href=\"https:\/\/www.even3.com.br\/xmeeting_bsb_2023\/\"><strong><strong>Register for the BSB 2023<\/strong><\/strong> \/ <strong>Registre-se aqui<\/strong><\/a><\/div>\n<p><!-- \/wp:heading --><\/p>\n<\/div>\n<p><!-- \/wp:buttons --><\/p>\t\t\t\t\t\t\t\t<\/div>\n\t\t\t\t<\/div>\n\t\t\t\t\t<\/div>\n\t\t<\/div>\n\t\t\t\t\t<\/div>\n\t\t<\/section>\n\t\t\t\t<\/div>\n\t\t","protected":false},"excerpt":{"rendered":"<p>PROGRAM BSB 2023 + X-Meeting 2023 June, 13-16 Centro de Eventos do Sistema Fiep, Curitiba, PR TUESDAY- JUNE 13th 08:30 AM &#8211; 06:30 PM Ideathon by SEBRAE (Room 2) \u00a0 08:30 AM &#8211; 06:30 PMhackaton &#8211; to be confirmed (Atrium) 02:00 PM &#8211; 06:30 PMWarming up event (Room 3) WEDNESDAY- JUNE 14th 08:30 AM &#8211; [&hellip;]<\/p>\n","protected":false},"author":8,"featured_media":0,"parent":0,"menu_order":0,"comment_status":"closed","ping_status":"closed","template":"","meta":{"footnotes":""},"class_list":["post-293","page","type-page","status-publish","hentry","entry"],"_links":{"self":[{"href":"https:\/\/bsb.sbc.org.br\/2023\/wp-json\/wp\/v2\/pages\/293","targetHints":{"allow":["GET"]}}],"collection":[{"href":"https:\/\/bsb.sbc.org.br\/2023\/wp-json\/wp\/v2\/pages"}],"about":[{"href":"https:\/\/bsb.sbc.org.br\/2023\/wp-json\/wp\/v2\/types\/page"}],"author":[{"embeddable":true,"href":"https:\/\/bsb.sbc.org.br\/2023\/wp-json\/wp\/v2\/users\/8"}],"replies":[{"embeddable":true,"href":"https:\/\/bsb.sbc.org.br\/2023\/wp-json\/wp\/v2\/comments?post=293"}],"version-history":[{"count":85,"href":"https:\/\/bsb.sbc.org.br\/2023\/wp-json\/wp\/v2\/pages\/293\/revisions"}],"predecessor-version":[{"id":1561,"href":"https:\/\/bsb.sbc.org.br\/2023\/wp-json\/wp\/v2\/pages\/293\/revisions\/1561"}],"wp:attachment":[{"href":"https:\/\/bsb.sbc.org.br\/2023\/wp-json\/wp\/v2\/media?parent=293"}],"curies":[{"name":"wp","href":"https:\/\/api.w.org\/{rel}","templated":true}]}}