{"id":296,"date":"2022-05-11T16:35:07","date_gmt":"2022-05-11T16:35:07","guid":{"rendered":"https:\/\/bsb.sbc.org.br\/2023\/?page_id=296"},"modified":"2023-05-22T20:01:40","modified_gmt":"2023-05-22T20:01:40","slug":"bsb-committees","status":"publish","type":"page","link":"https:\/\/bsb.sbc.org.br\/2023\/bsb-committees\/","title":{"rendered":"BSB COMMITTEES"},"content":{"rendered":"\t\t<div data-elementor-type=\"wp-page\" data-elementor-id=\"296\" class=\"elementor elementor-296\">\n\t\t\t\t\t\t<section class=\"elementor-section elementor-top-section elementor-element elementor-element-332b12be elementor-section-boxed elementor-section-height-default elementor-section-height-default\" data-id=\"332b12be\" data-element_type=\"section\" data-e-type=\"section\">\n\t\t\t\t\t\t<div class=\"elementor-container elementor-column-gap-default\">\n\t\t\t\t\t<div class=\"elementor-column elementor-col-100 elementor-top-column elementor-element elementor-element-3652edc4\" data-id=\"3652edc4\" data-element_type=\"column\" data-e-type=\"column\">\n\t\t\t<div class=\"elementor-widget-wrap elementor-element-populated\">\n\t\t\t\t\t\t<div class=\"elementor-element elementor-element-4eafc0ee elementor-widget elementor-widget-text-editor\" data-id=\"4eafc0ee\" data-element_type=\"widget\" data-e-type=\"widget\" data-widget_type=\"text-editor.default\">\n\t\t\t\t<div class=\"elementor-widget-container\">\n\t\t\t\t\t\t\t\t\t<p><\/p>\n<p><strong>Organization<\/strong><\/p>\n<p><\/p>\n<p><\/p>\n<p><i>General Chairs<\/i><\/p>\n<p><span style=\"font-size: 14px\">Fabricio Martins Lopes (UTFPR, Brazil) \u2013 fabricio@utfpr.edu.br<\/span><\/p>\n<p>Alexandre Rossi Paschoal&nbsp;<span style=\"font-family: Roboto, sans-serif;font-size: 14px;font-style: normal;font-weight: 400\">&nbsp;(UTFPR, Brazil) \u2013 paschoal@utfpr.edu.br<\/span><\/p>\n<p><i><br><\/i><\/p>\n<p><i>Organization Committee<\/i><\/p>\n<p>Dieval Guizelini (UFPR, Brazil)<\/p>\n<p>Roberto Tadeu Raittz&nbsp;<span style=\"font-family: Roboto, sans-serif;font-size: 14px;font-style: normal;font-weight: 400\">(UFPR, Brazil)<\/span><br><\/p>\n<p><span style=\"font-size: 14px\">&nbsp;<\/span><br><\/p>\n<p><strong>Special Committee for Computational Biology of the Brazilian Computer Society (CE-BioComp da Sociedade Brasileira de Computa\u00e7\u00e3o)<\/strong><\/p>\n<p><\/p>\n<p><\/p>\n<p><span style=\"font-family: Roboto, sans-serif;font-size: 14px;font-style: normal;font-weight: 400\">Raquel Minardi (UFMG, Brazil)<\/span>&nbsp;\u2013 Coordinator<\/p>\n<p><\/p>\n<p><\/p>\n<p>Kele Belloze (CEFET\/RJ, Brazil) \u2013 Vice-Coordinator<\/p>\n<p><\/p>\n<p><\/p>\n<p><\/p>\n<p><\/p>\n<p><\/p>\n<p><\/p>\n<p><strong><strong>&nbsp;<\/strong><\/strong><\/p>\n<p><strong><strong>Program Committee<\/strong><\/strong><\/p>\n<p><\/p>\n<p><\/p>\n<p><strong>Chair<\/strong>: Marcelo S. Reis &#8211; Universidade Estadual de Campinas, Brazil<br><strong>Vice-chair<\/strong>: Raquel C. de Melo-Minardi &#8211; Universidade Federal de Minas Gerais, Brazil<\/p>\n<p><\/p>\n<p><\/p>\n<p>Adriano Werhli &#8211; Universidade Federal do Rio Grande, Brazil<\/p><p>Alfredo Varela &#8211; Universidad Nacional Aut\u00f3noma de M\u00e9xico, Mexico<\/p><p>Ana Carolina Guimar\u00e3es &#8211; Funda\u00e7\u00e3o Oswaldo Cruz, Brazil<\/p><p>Andr\u00e9 Fujita &#8211; Universidade de S\u00e3o Paulo, Brazil<\/p><p>Andre Kashiwabara &#8211; Universidade Tecnol\u00f3gica Federal do Paran\u00e1, Brazil<\/p><p>Ariane Machado-Lima &#8211; Universidade de S\u00e3o Paulo, Brazil<\/p><p>Carlos da Silveira &#8211; Universidade Federal de Itajub\u00e1, Brazil<\/p><p>Christian Hoener zu Siederdissen &#8211; Friedrich-Schiller-Universit\u00e4t Jena, Germany<\/p><p>Daniel de Oliveira &#8211; Universidade Federal Fluminense, Brazil<\/p><p>Danilo Sanches &#8211; Universidade Tecnol\u00f3gica Federal do Paran\u00e1, Brazil<\/p><p>David Martins-Jr &#8211; Universidade Federal do ABC, Brazil<\/p><p>Didier Vega-Oliveros &#8211; Universidade Estadual de Campinas, Brazil<\/p><p>Diogo Tschoeke &#8211; Universidade Federal do Rio de Janeiro, Brazil<\/p><p>Fabr\u00edcio Lopes &#8211; Universidade Tecnol\u00f3gica Federal do Paran\u00e1, Brazil<\/p><p>Felipe Louza &#8211; Universidade Federal de Uberl\u00e2ndia, Brazil<\/p><p>Giuseppe Leite &#8211; Universidade Federal de S\u00e3o Paulo, Brazil<\/p><p>Glauber Wagner &#8211; Universidade Federal de Santa Catarina, Brazil<\/p><p>Guilherme Telles &#8211; Universidade Estadual de Campinas, Brazil<\/p><p>Jo\u00e3o Carlos Setubal &#8211; Universidade de S\u00e3o Paulo, Brazil<\/p><p>Karina dos Santos Machado &#8211; Universidade Federal do Rio Grande, Brazil<\/p><p>Leandro Santos &#8211; Instituto Nacional de C\u00e2ncer, Brazil<\/p><p>Luciano Digiampietri &#8211; Universidade de S\u00e3o Paulo, Brazil<\/p><p>Lu\u00eds Cunha &#8211; Universidade Federal Fluminense, Brazil<\/p><p>Luiz Manoel Rocha Gadelha J\u00fanior &#8211; Laborat\u00f3rio Nacional de Computa\u00e7\u00e3o Cient\u00edfica, Brazil<\/p><p>Manuel Lafond &#8211; University of Sherbrooke, Canada<\/p><p>Marcilio de Souto &#8211; Universit\u00e9 d&#8217;Orl\u00e9ans, France<\/p><p>Mariana Recamonde-Mendoza &#8211; Universidade Federal do Rio Grande do Sul, Brazil<\/p><p>Milton Nishiyama-Jr &#8211; Instituto Butantan, Brazil<\/p><p>Nayara Toledo &#8211; Instituto Nacional de C\u00e2ncer, Brazil<\/p><p>Sabrina Silveira &#8211; Universidade Federal de Vi\u00e7osa, Brazil<\/p><p>Said Adi &#8211; Universidade Federal do Mato Grosso do Sul, Brazil<\/p><p>Sergio Pantano &#8211; Institut Pasteur de Montevideo, Uruguay<\/p><p>Seyed Jamalaldin Haddadi &#8211; Universidade Estadual de Campinas, Brazil<\/p><p>Tha\u00eds Gaud\u00eancio do R\u00eago &#8211; Universidade Federal da Para\u00edba, Brazil<\/p><p>Thiago Parente &#8211; Funda\u00e7\u00e3o Oswaldo Cruz, Brazil<\/p><p>Yalbi Balderas-Martinez &#8211; Instituto Nacional de Enfermedades Respiratorias Ismael Cos\u00edo Villegas, Mexico<\/p><p>Zanoni Dias &#8211; Universidade Estadual de Campinas, Brazil<\/p>\n<p><\/p>\n<p><\/p>\n<p><\/p>\t\t\t\t\t\t\t\t<\/div>\n\t\t\t\t<\/div>\n\t\t\t\t\t<\/div>\n\t\t<\/div>\n\t\t\t\t\t<\/div>\n\t\t<\/section>\n\t\t\t\t<\/div>\n\t\t","protected":false},"excerpt":{"rendered":"<p>Organization General Chairs Fabricio Martins Lopes (UTFPR, Brazil) \u2013 fabricio@utfpr.edu.br Alexandre Rossi Paschoal&nbsp;&nbsp;(UTFPR, Brazil) \u2013 paschoal@utfpr.edu.br Organization Committee Dieval Guizelini (UFPR, Brazil) Roberto Tadeu Raittz&nbsp;(UFPR, Brazil) &nbsp; Special Committee for Computational Biology of the Brazilian Computer Society (CE-BioComp da Sociedade Brasileira de Computa\u00e7\u00e3o) Raquel Minardi (UFMG, Brazil)&nbsp;\u2013 Coordinator Kele Belloze (CEFET\/RJ, Brazil) \u2013 Vice-Coordinator &nbsp; [&hellip;]<\/p>\n","protected":false},"author":8,"featured_media":0,"parent":0,"menu_order":0,"comment_status":"closed","ping_status":"closed","template":"","meta":{"footnotes":""},"class_list":["post-296","page","type-page","status-publish","hentry","entry"],"_links":{"self":[{"href":"https:\/\/bsb.sbc.org.br\/2023\/wp-json\/wp\/v2\/pages\/296","targetHints":{"allow":["GET"]}}],"collection":[{"href":"https:\/\/bsb.sbc.org.br\/2023\/wp-json\/wp\/v2\/pages"}],"about":[{"href":"https:\/\/bsb.sbc.org.br\/2023\/wp-json\/wp\/v2\/types\/page"}],"author":[{"embeddable":true,"href":"https:\/\/bsb.sbc.org.br\/2023\/wp-json\/wp\/v2\/users\/8"}],"replies":[{"embeddable":true,"href":"https:\/\/bsb.sbc.org.br\/2023\/wp-json\/wp\/v2\/comments?post=296"}],"version-history":[{"count":51,"href":"https:\/\/bsb.sbc.org.br\/2023\/wp-json\/wp\/v2\/pages\/296\/revisions"}],"predecessor-version":[{"id":1537,"href":"https:\/\/bsb.sbc.org.br\/2023\/wp-json\/wp\/v2\/pages\/296\/revisions\/1537"}],"wp:attachment":[{"href":"https:\/\/bsb.sbc.org.br\/2023\/wp-json\/wp\/v2\/media?parent=296"}],"curies":[{"name":"wp","href":"https:\/\/api.w.org\/{rel}","templated":true}]}}