{"id":298,"date":"2022-05-11T16:36:21","date_gmt":"2022-05-11T16:36:21","guid":{"rendered":"https:\/\/bsb.sbc.org.br\/2023\/?page_id=298"},"modified":"2023-04-07T01:12:06","modified_gmt":"2023-04-07T01:12:06","slug":"registration","status":"publish","type":"page","link":"https:\/\/bsb.sbc.org.br\/2023\/registration\/","title":{"rendered":"Registration"},"content":{"rendered":"\t\t<div data-elementor-type=\"wp-page\" data-elementor-id=\"298\" class=\"elementor elementor-298\">\n\t\t\t\t\t\t<section class=\"elementor-section elementor-top-section elementor-element elementor-element-1def3812 elementor-section-boxed elementor-section-height-default elementor-section-height-default\" data-id=\"1def3812\" data-element_type=\"section\" data-e-type=\"section\">\n\t\t\t\t\t\t<div class=\"elementor-container elementor-column-gap-default\">\n\t\t\t\t\t<div class=\"elementor-column elementor-col-100 elementor-top-column elementor-element elementor-element-500400b3\" data-id=\"500400b3\" data-element_type=\"column\" data-e-type=\"column\">\n\t\t\t<div class=\"elementor-widget-wrap elementor-element-populated\">\n\t\t\t\t\t\t<div class=\"elementor-element elementor-element-1893abf5 elementor-widget elementor-widget-text-editor\" data-id=\"1893abf5\" data-element_type=\"widget\" data-e-type=\"widget\" data-widget_type=\"text-editor.default\">\n\t\t\t\t<div class=\"elementor-widget-container\">\n\t\t\t\t\t\t\t\t\t<p><\/p>\n<h1 class=\"wp-block-heading\">Registration&nbsp;<\/h1>\n<div>\n<div>\n<p><\/p>\n<p><\/p>\n<figure>\n<table>\n<tbody>\n<tr>\n<td><strong>Registration Fees<\/strong> \/ <strong><em>Taxas de Registro <\/em><\/strong><\/td>\n<td><strong>At\u00e9 31\/05 \u2013 Until May, 5th<\/strong><\/td>\n<td><strong><strong>A partir de 01\/06 \u2013 From June, 1st<\/strong><\/strong><\/td>\n<\/tr>\n<tr>\n<td><strong><mark style=\"background-color: #fcb900;\">Undergraduate students \/ <em>Estudantes de gradua\u00e7\u00e3o<\/em><\/mark><\/strong><\/td>\n<td>&nbsp;<\/td>\n<td>&nbsp;<\/td>\n<\/tr>\n<tr>\n<td>Undergraduate student SBC member with valid membership \/ <em>Estudante associado \u00e0 SBC com anuidade vigente&nbsp;<\/em><\/td>\n<td>R$ 120<\/td>\n<td>R$ 130<\/td>\n<\/tr>\n<tr>\n<td>Undergraduate student non SBC member (Registration only) \/ <em>Estudante n\u00e3o associado \u00e0 SBC (Somente inscri\u00e7\u00e3o no evento)&nbsp;<\/em><\/td>\n<td>R$ 260<\/td>\n<td>R$ 286<\/td>\n<\/tr>\n<tr>\n<td><strong><mark style=\"background-color: #fcb900;\">Graduate students \/ <em>Estudantes de p\u00f3s-gradua\u00e7\u00e3o<\/em><\/mark><\/strong><\/td>\n<td>&nbsp;<\/td>\n<td>&nbsp;<\/td>\n<\/tr>\n<tr>\n<td>Graduate student SBC member with valid membership \/ <em>Estudante de p\u00f3s-gradua\u00e7\u00e3o associado \u00e0 SBC com anuidade vigente&nbsp;<\/em><\/td>\n<td>R$ 200<\/td>\n<td>R$ 240<\/td>\n<\/tr>\n<tr>\n<td>Graduate student non SBC member (Registration only) \/ <em>Estudante de p\u00f3s-gradua\u00e7\u00e3o n\u00e3o associado \u00e0 SBC (Somente inscri\u00e7\u00e3o no evento)&nbsp;&nbsp;<\/em><\/td>\n<td>R$ 390<\/td>\n<td>R$ 429<\/td>\n<\/tr>\n<tr>\n<td><strong><mark style=\"background-color: #fcb900;\">Professionals and effective members of SBC \/ <em>Profissionais e membros <\/em><\/mark><\/strong><br><strong><mark style=\"background-color: #fcb900;\"><em>efetivos da SBC<\/em><\/mark><\/strong><\/td>\n<td>&nbsp;<\/td>\n<td>&nbsp;<\/td>\n<\/tr>\n<tr>\n<td>Professional SBC member with valid membership \/ <em>Profissional associado \u00e0 SBC com anuidade vigente<\/em><\/td>\n<td>R$ 300<\/td>\n<td>R$ 330<\/td>\n<\/tr>\n<tr>\n<td>Professional non SBC member (Registration only) \/ <em>Profissional n\u00e3o associado \u00e0 SBC (Somente inscri\u00e7\u00e3o no evento)&nbsp;<\/em><\/td>\n<td>R$ 540<\/td>\n<td>R$ 595<\/td>\n<\/tr>\n<\/tbody>\n<\/table>\n<\/figure>\n<p><\/p>\n<\/div>\n<p><!-- \/wp:group --><\/p>\n<\/div>\n<p><!-- \/wp:group --><\/p>\n<p><!-- wp:columns --><\/p>\n<div>\n<p><!-- wp:column {\"width\":\"100%\"} --><\/p>\n<div style=\"flex-basis: 100%;\">\n<p><!-- wp:buttons --><\/p>\n<div>\n<p><!-- wp:button {\"fontSize\":\"small\"} --><\/p>\n<div><a href=\"https:\/\/www.even3.com.br\/xmeeting_bsb_2023\/\" target=\"_blank\" rel=\"noreferrer noopener\"><strong><strong>Register for the BSB 2023<\/strong><\/strong> \/ <strong>Registre-se aqui<\/strong><\/a><\/div>\n<p><!-- \/wp:button --><\/p>\n<\/div>\n<p><!-- \/wp:buttons --><\/p>\n<\/div>\n<p><!-- \/wp:column --><\/p>\n<\/div>\n<p><!-- \/wp:columns --><\/p>\n<p><!-- wp:paragraph --><\/p>\n<p><strong>Informa\u00e7\u00f5es aos participantes e autores \/ Information to participants and authors<\/strong>:<\/p>\n<p><!-- \/wp:paragraph --><\/p>\n<p><!-- wp:table --><\/p>\n<figure>\n<table>\n<tbody>\n<tr>\n<td>\n<p>1) <strong>A inscri\u00e7\u00e3o inclui participa\u00e7\u00e3o em:<\/strong><\/p>\n<p>Todas as sess\u00f5es t\u00e9cnicas; apresenta\u00e7\u00f5es de palestrantes convidados; mesas-redondas; minicursos; Reuni\u00e3o aberta da CE-BioComp (Comiss\u00e3o Especial de Biologia Computacional) da SBC.<\/p>\n<p><strong>B\u00f4nus:<\/strong> <strong>inscritos no BSB 2023 tamb\u00e9m poder\u00e3o participar do <a href=\"https:\/\/x-meeting.com\/events\/xm2023\" target=\"_blank\" rel=\"noreferrer noopener\">X-Meeting 2023<\/a> (de 13 a 16 de junho).<\/strong><\/p>\n<p>Al\u00e9m disso, todos os inscritos ter\u00e3o descontos especiais em hospedagem no hotel do evento (enquanto houver disponibilidade) e receber\u00e3o certificado de participa\u00e7\u00e3o.<\/p>\n<p>2) Pol\u00edtica para autores: <strong>pelo menos um autor de artigo aceito deve se registrar no evento para apresenta\u00e7\u00e3o.<\/strong><\/p>\n<p>3)&nbsp;Tarifas de estudante est\u00e3o dispon\u00edveis apenas para estudantes matriculados em institui\u00e7\u00f5es de ensino superior como aluno de gradua\u00e7\u00e3o ou de p\u00f3s-gradua\u00e7\u00e3o (mestrandos e doutorandos). Declara\u00e7\u00f5es de status contendo nome da institui\u00e7\u00e3o, nome do aluno, curso matriculado e data corrente dever\u00e3o ser apresentados quando requisitado. A aus\u00eancia de documento implica no pagamento da diferen\u00e7a da tarifa profissional para a tarifa de estudante (sem desconto). Para&nbsp; posdocs, ser\u00e1 cobrada a tarifa de estudantes de p\u00f3s-gradua\u00e7\u00e3o.<\/p>\n<p>4) Pol\u00edtica de cancelamento: at\u00e9&nbsp;<strong>31\/05\/2023<\/strong>&nbsp;voc\u00ea poder\u00e1 ser ressarcido em at\u00e9 80% do valor pago pela inscri\u00e7\u00e3o no BSB 2023. Ap\u00f3s esta data n\u00e3o haver\u00e1 devolu\u00e7\u00e3o de qualquer valor pago. A pol\u00edtica se aplica tanto ao cancelamento do registro quanto ao cancelamento de qualquer atividade adicional. Para solicitar o cancelamento, envie a solicita\u00e7\u00e3o para&nbsp;<a href=\"mailto:bsb2023pr@gmail.com\">bsb2023pr@gmail.com<\/a>.<\/p>\n<p>&#8212;<\/p>\n<p>1) <strong>Registration includes participation in:<\/strong><\/p>\n<p>All technical sessions;&nbsp;guest speaker presentations;&nbsp;round tables;&nbsp;mini-courses;&nbsp;open meeting of CE-BioComp (Special Commission in Computational Biology) of SBC.<\/p>\n<p><strong>Bonus:<\/strong>&nbsp;<strong>BSB 2023 subscribers will also be able to participate in <a href=\"https:\/\/x-meeting.com\/events\/xm2023\" target=\"_blank\" rel=\"noreferrer noopener\">X-Meeting 2023<\/a> (from June 13th to 16th).<\/strong><\/p>\n<p>In addition, all those registered will have special discounts on accommodation at the event&#8217;s hotel (while there is availability) and a certificate of participation.<\/p>\n<p>2) Author policy<strong>: at least one author of an accepted article must register at the event for presentation.<\/strong><\/p>\n<p><strong>&nbsp;<\/strong><\/p>\n<p>3) Student rates are only available for students enrolled in higher education institutions as an undergraduate or graduate student (Master&#8217;s and Doctoral students). Status statements containing name of institution, name of student, course enrolled and current date must be submitted when requested. The absence of a document implies the payment of the difference between the professional rate and the student rate (no discount). For Post-Doctors, the postgraduate student fee will be charged.<\/p>\n<p>4) Cancellation policy: until&nbsp;<strong>31-may-2023<\/strong>&nbsp;you can refund 80% of the amount paid for the registration in BSB 2023. After this date there will be no refund of any amount paid. The policy applies to both the cancellation of registration and the cancellation of any additional activity. To request cancellation, send the request to&nbsp;<a href=\"mailto:bsb2023pr@gmail.com\">bsb2023pr@gmail.com<\/a>.<\/p>\n<\/td>\n<\/tr>\n<\/tbody>\n<\/table>\n<\/figure>\n<p><!-- \/wp:table --><\/p>\n<p><!-- wp:paragraph {\"style\":{\"color\":{\"text\":\"#004c9a\"}}} --><\/p>\n<p style=\"color: #004c9a;\"><strong>HOTEL<\/strong><\/p>\n<p><!-- \/wp:paragraph --><\/p>\n<p><!-- wp:paragraph --><\/p>\n<p><\/p>\n<p><!-- \/wp:separator --><\/p>\n<p><!-- \/wp:table --><\/p>\n<p><!-- \/wp:group --><\/p>\n<p><!-- \/wp:group --><\/p>\n<p><!-- wp:columns --><\/p>\n<div>\n<p><!-- wp:column {\"width\":\"100%\"} --><\/p>\n<p style=\"font-variant-ligatures: normal; font-variant-caps: normal; font-family: Roboto, sans-serif; font-size: 14px; font-style: normal; font-weight: 400;\">Hotel Slim Curitiba Av. das Torres<br><\/p>\n<p style=\"font-variant-ligatures: normal; font-variant-caps: normal; font-family: Roboto, sans-serif; font-size: 14px; font-style: normal; font-weight: 400;\">Rua Deputado Miguel Buffara, 88 \u2013 Cep: 81520-090<\/p>\n<p style=\"font-variant-ligatures: normal; font-variant-caps: normal; font-family: Roboto, sans-serif; font-size: 14px; font-style: normal; font-weight: 400;\"><span style=\"font-size: 14px; color: var( --e-global-color-text );\">+55 (41) 3040-2100 \u2013&nbsp;<\/span><a href=\"https:\/\/mail.google.com\/mail\/?view=cm&amp;fs=1&amp;tf=1&amp;to=reservas.slct@slimhoteis.com.br\" target=\"_blank\" style=\"font-size: 14px; background-color: rgb(255, 255, 255);\">reservas.slct@slimhoteis.com.br<\/a><br><\/p>\n<p style=\"font-variant-ligatures: normal; font-variant-caps: normal; font-family: Roboto, sans-serif; font-size: 14px; font-style: normal; font-weight: 400;\"><span style=\"font-size: 14px; color: var( --e-global-color-text );\">The Hotel offers differentiated rates for BSB\/X-Meeting participants.<\/span><br><\/p>\n<p style=\"font-variant-ligatures: normal; font-variant-caps: normal; font-family: Roboto, sans-serif; font-size: 14px; font-style: normal; font-weight: 400;\">Reservations are available through the channels below, indicating participation in the BSB\/X-Meeting event<\/p>\n<p style=\"font-variant-ligatures: normal; font-variant-caps: normal; font-family: Roboto, sans-serif; font-size: 14px; font-style: normal; font-weight: 400;\">DIRECTLY AT THE HOTEL, Reservations Department:<\/p>\n<p style=\"font-variant-ligatures: normal; font-variant-caps: normal; font-family: Roboto, sans-serif; font-size: 14px; font-style: normal; font-weight: 400;\"><span style=\"font-variant-ligatures: normal; font-variant-caps: normal; font-family: Roboto, sans-serif; font-size: 14px; font-style: normal; font-weight: 400; color: var( --e-global-color-text );\">&nbsp;<\/span><a href=\"https:\/\/mail.google.com\/mail\/?view=cm&amp;fs=1&amp;tf=1&amp;to=reservas.slct@slimhoteis.com.br\" target=\"_blank\" style=\"font-variant-ligatures: normal; font-variant-caps: normal; font-family: Roboto, sans-serif; font-size: 14px; font-style: normal; font-weight: 400; background-color: rgb(255, 255, 255);\">reservas.slct@slimhoteis.com.br<\/a><\/p>\n<p style=\"font-variant-ligatures: normal; font-variant-caps: normal; font-family: Roboto, sans-serif; font-size: 14px; font-style: normal; font-weight: 400;\"><span style=\"font-size: 14px; color: var( --e-global-color-text );\">(41) 3040-2100<\/span><br><\/p>\n<p style=\"font-variant-ligatures: normal; font-variant-caps: normal; font-family: Roboto, sans-serif; font-size: 14px; font-style: normal; font-weight: 400;\">or<\/p>\n<p style=\"font-variant-ligatures: normal; font-variant-caps: normal; font-family: Roboto, sans-serif; font-size: 14px; font-style: normal; font-weight: 400;\">RESERVATIONS CENTRAL<\/p>\n<p style=\"font-variant-ligatures: normal; font-variant-caps: normal; font-family: Roboto, sans-serif; font-size: 14px; font-style: normal; font-weight: 400;\"><a href=\"mailto:reservas@slavierohotis.com.br\" target=\"_blank\" style=\"font-size: 14px; background-color: rgb(255, 255, 255);\">reservas@slavierohotis.com.br<\/a><\/p><p style=\"font-variant-ligatures: normal; font-variant-caps: normal; font-family: Roboto, sans-serif; font-size: 14px; font-style: normal; font-weight: 400;\"><span style=\"font-family: Roboto, sans-serif; font-size: 14px; font-style: normal; font-variant-ligatures: normal; font-variant-caps: normal; font-weight: 400; color: var( --e-global-color-text );\">0800 704 3311<\/span><br><\/p>\n<p style=\"font-variant-ligatures: normal; font-variant-caps: normal; font-family: Roboto, sans-serif; font-size: 14px; font-style: normal; font-weight: 400;\"><span style=\"font-size: 14px; color: var( --e-global-color-text );\">Prices:<\/span><br><\/p>\n<p style=\"font-variant-ligatures: normal; font-variant-caps: normal; font-family: Roboto, sans-serif; font-size: 14px; font-style: normal; font-weight: 400;\"><span style=\"font-size: 14px; color: var( --e-global-color-text );\">From 13 to 17\/06\/2023<\/span><br><\/p>\n<p style=\"font-variant-ligatures: normal; font-variant-caps: normal; font-family: Roboto, sans-serif; font-size: 14px; font-style: normal; font-weight: 400;\">\u2013 single flat \u2013 Standard Category \u2013 Double Bed&nbsp;<\/p>\n<p style=\"font-variant-ligatures: normal; font-variant-caps: normal; font-family: Roboto, sans-serif; font-size: 14px; font-style: normal; font-weight: 400;\">&nbsp; &nbsp; &nbsp; &nbsp; &nbsp; &nbsp; Daily rate R$ 160,00 + 5%.&nbsp;<\/p>\n<p style=\"font-variant-ligatures: normal; font-variant-caps: normal; font-family: Roboto, sans-serif; font-size: 14px; font-style: normal; font-weight: 400;\">\u2013 double room \u2013 Standard Category \u2013 Double or single bed&nbsp;<\/p>\n<p style=\"font-variant-ligatures: normal; font-variant-caps: normal; font-family: Roboto, sans-serif; font-size: 14px; font-style: normal; font-weight: 400;\">&nbsp; &nbsp; &nbsp; &nbsp; &nbsp; &nbsp; Daily rate R$ 180,00 + 5%.&nbsp;<\/p>\n<p style=\"font-variant-ligatures: normal; font-variant-caps: normal; font-family: Roboto, sans-serif; font-size: 14px; font-style: normal; font-weight: 400;\">\u2013 triple flat<\/p>\n<div style=\"flex-basis: 100%;\">\n<p><!-- wp:buttons --><\/p>\n<div>\n<p><!-- wp:button {\"fontSize\":\"small\"} --><\/p>\n<div><span style=\"font-family: Roboto, sans-serif; font-size: 14px; font-style: normal; font-variant-ligatures: normal; font-variant-caps: normal; font-weight: 400; color: var( --e-global-color-text );\">&nbsp; &nbsp; &nbsp; &nbsp; &nbsp; &nbsp; Daily R$ 245,00 + 5% (there are only 5 available on site)<\/span><\/div>\n<div><br><\/div>\n<div><a href=\"https:\/\/www.even3.com.br\/xmeeting_bsb_2023\/\" target=\"_blank\" rel=\"noreferrer noopener\"><strong><strong>Register for the BSB 2023<\/strong><\/strong> \/ <strong>Registre-se aqui<\/strong><\/a><\/div>\n<p><!-- \/wp:button --><\/p>\n<\/div>\n<p><!-- \/wp:buttons --><\/p>\n<\/div>\n<p><!-- \/wp:column --><\/p>\n<\/div>\n<p><!-- \/wp:columns --><\/p>\n<p><!-- wp:paragraph --><\/p>\t\t\t\t\t\t\t\t<\/div>\n\t\t\t\t<\/div>\n\t\t\t\t\t<\/div>\n\t\t<\/div>\n\t\t\t\t\t<\/div>\n\t\t<\/section>\n\t\t\t\t<\/div>\n\t\t","protected":false},"excerpt":{"rendered":"<p>Registration&nbsp; Registration Fees \/ Taxas de Registro At\u00e9 31\/05 \u2013 Until May, 5th A partir de 01\/06 \u2013 From June, 1st Undergraduate students \/ Estudantes de gradua\u00e7\u00e3o &nbsp; &nbsp; Undergraduate student SBC member with valid membership \/ Estudante associado \u00e0 SBC com anuidade vigente&nbsp; R$ 120 R$ 130 Undergraduate student non SBC member (Registration only) [&hellip;]<\/p>\n","protected":false},"author":8,"featured_media":0,"parent":0,"menu_order":0,"comment_status":"closed","ping_status":"closed","template":"","meta":{"footnotes":""},"class_list":["post-298","page","type-page","status-publish","hentry","entry"],"_links":{"self":[{"href":"https:\/\/bsb.sbc.org.br\/2023\/wp-json\/wp\/v2\/pages\/298","targetHints":{"allow":["GET"]}}],"collection":[{"href":"https:\/\/bsb.sbc.org.br\/2023\/wp-json\/wp\/v2\/pages"}],"about":[{"href":"https:\/\/bsb.sbc.org.br\/2023\/wp-json\/wp\/v2\/types\/page"}],"author":[{"embeddable":true,"href":"https:\/\/bsb.sbc.org.br\/2023\/wp-json\/wp\/v2\/users\/8"}],"replies":[{"embeddable":true,"href":"https:\/\/bsb.sbc.org.br\/2023\/wp-json\/wp\/v2\/comments?post=298"}],"version-history":[{"count":74,"href":"https:\/\/bsb.sbc.org.br\/2023\/wp-json\/wp\/v2\/pages\/298\/revisions"}],"predecessor-version":[{"id":1494,"href":"https:\/\/bsb.sbc.org.br\/2023\/wp-json\/wp\/v2\/pages\/298\/revisions\/1494"}],"wp:attachment":[{"href":"https:\/\/bsb.sbc.org.br\/2023\/wp-json\/wp\/v2\/media?parent=298"}],"curies":[{"name":"wp","href":"https:\/\/api.w.org\/{rel}","templated":true}]}}