{"id":1423,"date":"2024-06-28T01:53:38","date_gmt":"2024-06-28T01:53:38","guid":{"rendered":"https:\/\/bsb.sbc.org.br\/2024\/?page_id=1423"},"modified":"2024-06-28T18:05:55","modified_gmt":"2024-06-28T18:05:55","slug":"about-sbc","status":"publish","type":"page","link":"https:\/\/bsb.sbc.org.br\/2024\/about-sbc\/","title":{"rendered":"About SBC"},"content":{"rendered":"\t\t<div data-elementor-type=\"wp-page\" data-elementor-id=\"1423\" class=\"elementor elementor-1423\" data-elementor-post-type=\"page\">\n\t\t\t\t\t\t<section class=\"elementor-section elementor-top-section elementor-element elementor-element-b6b6060 elementor-section-boxed elementor-section-height-default elementor-section-height-default\" data-id=\"b6b6060\" data-element_type=\"section\" data-e-type=\"section\">\n\t\t\t\t\t\t<div class=\"elementor-container elementor-column-gap-default\">\n\t\t\t\t\t<div class=\"elementor-column elementor-col-100 elementor-top-column elementor-element elementor-element-7342335\" data-id=\"7342335\" data-element_type=\"column\" data-e-type=\"column\">\n\t\t\t<div class=\"elementor-widget-wrap elementor-element-populated\">\n\t\t\t\t\t\t<section class=\"elementor-section elementor-inner-section elementor-element elementor-element-7bfee37 elementor-section-boxed elementor-section-height-default elementor-section-height-default\" data-id=\"7bfee37\" data-element_type=\"section\" data-e-type=\"section\">\n\t\t\t\t\t\t<div class=\"elementor-container elementor-column-gap-default\">\n\t\t\t\t\t<div class=\"elementor-column elementor-col-100 elementor-inner-column elementor-element elementor-element-a4e38b5\" data-id=\"a4e38b5\" data-element_type=\"column\" data-e-type=\"column\">\n\t\t\t<div class=\"elementor-widget-wrap elementor-element-populated\">\n\t\t\t\t\t\t<div class=\"elementor-element elementor-element-31397dd elementor-widget elementor-widget-text-editor\" data-id=\"31397dd\" data-element_type=\"widget\" data-e-type=\"widget\" data-widget_type=\"text-editor.default\">\n\t\t\t\t<div class=\"elementor-widget-container\">\n\t\t\t\t\t\t\t\t\t<p><\/p>\n<div class=\"wp-block-columns is-layout-flex wp-container-core-columns-is-layout-9d6595d7 wp-block-columns-is-layout-flex\">\n<div class=\"wp-block-column\">\n<p><\/p>\n<div class=\"is-layout-flex wp-container-core-columns-is-layout-9d6595d7 wp-block-columns-is-layout-flex\">\n<h1 style=\"color: #828282\"><span style=\"color: #1465bb\">About SBC<\/span><\/h1>\n<p><span style=\"color: #0e3763\">The Brazilian Computing Society (Sociedade Brasileira de Computa\u00e7\u00e3o &#8211; SBC) is a non-profit Scientific Society, founded in July 1978, which brings together students, professors, professionals, researchers, and enthusiasts in the field of Computing and Information Technology from all over the country.<\/span><\/p>\n<p><span style=\"color: #0e3763\">SBC&#8217;s role is to promote access to information and culture through information technology, encourage digital inclusion, foster research and education in computing in Brazil, and contribute to the formation of computing professionals with social responsibility.\u00a0<\/span><\/p>\n<p><span style=\"color: #0e3763\">For organizing and publicizing scientific, technical, educational, and political activities, actions, and events, SBC maintains a structure of three types of Thematic Groups (GT &#8211; Grupos Tem\u00e1ticos), which are the Major Areas (GA &#8211; Grandes \u00c1reas), the Special Commissions (CE &#8211; Comiss\u00f5es Especiais), and the Interest Groups (GI &#8211; Grupos de Interesses). These groups bring together members with common interests in subfields of computing.<\/span><\/p>\n<p><span style=\"color: #0e3763\">Here, you are accessing the event website of one of SBC&#8217;s Special Commissions (CE), which represents a group of SBC members who share interests and values in a specific area of Computing. Current members can subscribe to the <span style=\"text-decoration: underline\"><strong><a href=\"https:\/\/www.sbc.org.br\/403-comissoes-especiais\" target=\"_blank\" rel=\"noopener\">email lists of the Special Commissions (CE)<\/a><\/strong><\/span> in the area they wish to follow. If you are not yet a member or wish to renew your membership in our community, <span style=\"text-decoration: underline\"><strong><a href=\"https:\/\/centraldesistemas.sbc.org.br\/mom\" target=\"_blank\" rel=\"noopener\">click here<\/a><\/strong><\/span> and join the largest and most important scientific society in the field of computing in Latin America!<\/span><\/p>\n<p>\u00a0<\/p>\n<hr \/>\n<h1 style=\"color: #828282\"><span style=\"color: #1465bb\">Sobre a SBC<\/span><\/h1>\n<p><span style=\"color: #0e3763\">A Sociedade Brasileira de Computa\u00e7\u00e3o &#8211; SBC \u00e9 uma Sociedade Cient\u00edfica sem fins lucrativos, fundada em julho de 1978, que re\u00fane estudantes, professores, profissionais, pesquisadores e entusiastas da \u00e1rea da Computa\u00e7\u00e3o e Inform\u00e1tica de todo o pa\u00eds.<\/span><\/p>\n<p><span style=\"color: #0e3763\">A SBC tem como fun\u00e7\u00e3o fomentar o acesso \u00e0 informa\u00e7\u00e3o e cultura por meio da inform\u00e1tica, promover a inclus\u00e3o digital, incentivar a pesquisa e o ensino em computa\u00e7\u00e3o no Brasil, e contribuir para a forma\u00e7\u00e3o do profissional da computa\u00e7\u00e3o com responsabilidade social.<\/span><\/p>\n<p><span style=\"color: #0e3763\">Para organiza\u00e7\u00e3o e divulga\u00e7\u00e3o de atividades, a\u00e7\u00f5es e eventos cient\u00edficos, t\u00e9cnicos, educacionais e pol\u00edticos, a SBC mant\u00e9m uma estrutura de tr\u00eas tipos de Grupos Tem\u00e1ticos (GT), que s\u00e3o as Grandes \u00c1reas (GA), as Comiss\u00f5es Especiais (CE) e os Grupos de Interesses (GI). Estes grupos re\u00fanem associados com interesses comuns em sub\u00e1reas da computa\u00e7\u00e3o.<\/span><\/p>\n<p><span style=\"color: #0e3763\">Aqui, voc\u00ea est\u00e1 acessando o site do evento de uma das Comiss\u00f5es Especiais (CE) da SBC, que representa um grupo de associados da SBC que compartilham dos interesses e valores em determinada \u00e1rea da Computa\u00e7\u00e3o. Associados vigentes podem se inscrever nas <span style=\"text-decoration: underline\"><strong><a href=\"https:\/\/www.sbc.org.br\/403-comissoes-especiais\">listas de e-mail das Comiss\u00f5es Especiais (CE)<\/a><\/strong><\/span> da \u00e1rea que deseja acompanhar. Se voc\u00ea ainda n\u00e3o \u00e9 um associado ou deseja renovar sua associa\u00e7\u00e3o \u00e0 nossa comunidade <a href=\"https:\/\/centraldesistemas.sbc.org.br\/mom\"><span style=\"text-decoration: underline\"><strong>clique aqui<\/strong><\/span><\/a> e venha fazer parte da maior e mais importante sociedade cient\u00edfica na \u00e1rea de computa\u00e7\u00e3o da Am\u00e9rica Latina!<\/span><\/p>\n<p>\u00a0<\/p>\n<\/div>\n<p><\/p>\n<\/div>\n<\/div>\n<p><\/p>\t\t\t\t\t\t\t\t<\/div>\n\t\t\t\t<\/div>\n\t\t\t\t\t<\/div>\n\t\t<\/div>\n\t\t\t\t\t<\/div>\n\t\t<\/section>\n\t\t\t\t\t<\/div>\n\t\t<\/div>\n\t\t\t\t\t<\/div>\n\t\t<\/section>\n\t\t\t\t<\/div>\n\t\t","protected":false},"excerpt":{"rendered":"<p>About SBC The Brazilian Computing Society (Sociedade Brasileira de Computa\u00e7\u00e3o &#8211; SBC) is a non-profit Scientific Society, founded in July 1978, which brings together students, professors, professionals, researchers, and enthusiasts in the field of Computing and Information Technology from all over the country. SBC&#8217;s role is to promote access to information and culture through information [&hellip;]<\/p>\n","protected":false},"author":11,"featured_media":0,"parent":0,"menu_order":0,"comment_status":"closed","ping_status":"closed","template":"","meta":{"footnotes":""},"class_list":["post-1423","page","type-page","status-publish","hentry","entry"],"_links":{"self":[{"href":"https:\/\/bsb.sbc.org.br\/2024\/wp-json\/wp\/v2\/pages\/1423","targetHints":{"allow":["GET"]}}],"collection":[{"href":"https:\/\/bsb.sbc.org.br\/2024\/wp-json\/wp\/v2\/pages"}],"about":[{"href":"https:\/\/bsb.sbc.org.br\/2024\/wp-json\/wp\/v2\/types\/page"}],"author":[{"embeddable":true,"href":"https:\/\/bsb.sbc.org.br\/2024\/wp-json\/wp\/v2\/users\/11"}],"replies":[{"embeddable":true,"href":"https:\/\/bsb.sbc.org.br\/2024\/wp-json\/wp\/v2\/comments?post=1423"}],"version-history":[{"count":70,"href":"https:\/\/bsb.sbc.org.br\/2024\/wp-json\/wp\/v2\/pages\/1423\/revisions"}],"predecessor-version":[{"id":1613,"href":"https:\/\/bsb.sbc.org.br\/2024\/wp-json\/wp\/v2\/pages\/1423\/revisions\/1613"}],"wp:attachment":[{"href":"https:\/\/bsb.sbc.org.br\/2024\/wp-json\/wp\/v2\/media?parent=1423"}],"curies":[{"name":"wp","href":"https:\/\/api.w.org\/{rel}","templated":true}]}}