{"id":293,"date":"2022-05-11T16:33:52","date_gmt":"2022-05-11T16:33:52","guid":{"rendered":"https:\/\/bsb.sbc.org.br\/2024\/?page_id=293"},"modified":"2024-12-03T12:32:43","modified_gmt":"2024-12-03T12:32:43","slug":"program","status":"publish","type":"page","link":"https:\/\/bsb.sbc.org.br\/2024\/program\/","title":{"rendered":"Program"},"content":{"rendered":"\t\t<div data-elementor-type=\"wp-page\" data-elementor-id=\"293\" class=\"elementor elementor-293\" data-elementor-post-type=\"page\">\n\t\t\t\t\t\t<section class=\"elementor-section elementor-top-section elementor-element elementor-element-6af9daf elementor-section-boxed elementor-section-height-default elementor-section-height-default\" data-id=\"6af9daf\" data-element_type=\"section\" data-e-type=\"section\">\n\t\t\t\t\t\t<div class=\"elementor-container elementor-column-gap-default\">\n\t\t\t\t\t<div class=\"elementor-column elementor-col-100 elementor-top-column elementor-element elementor-element-84a58bc\" data-id=\"84a58bc\" data-element_type=\"column\" data-e-type=\"column\">\n\t\t\t<div class=\"elementor-widget-wrap elementor-element-populated\">\n\t\t\t\t\t\t<div class=\"elementor-element elementor-element-a54f61e elementor-widget elementor-widget-heading\" data-id=\"a54f61e\" data-element_type=\"widget\" data-e-type=\"widget\" data-widget_type=\"heading.default\">\n\t\t\t\t<div class=\"elementor-widget-container\">\n\t\t\t\t\t<h1 class=\"elementor-heading-title elementor-size-default\">17th Brazilian Symposium on Bioinformatics \u2013 BSB 2024<\/h1>\t\t\t\t<\/div>\n\t\t\t\t<\/div>\n\t\t\t\t\t<\/div>\n\t\t<\/div>\n\t\t\t\t\t<\/div>\n\t\t<\/section>\n\t\t\t\t<section class=\"elementor-section elementor-top-section elementor-element elementor-element-23d95c4e elementor-section-boxed elementor-section-height-default elementor-section-height-default\" data-id=\"23d95c4e\" data-element_type=\"section\" data-e-type=\"section\">\n\t\t\t\t\t\t<div class=\"elementor-container elementor-column-gap-default\">\n\t\t\t\t\t<div class=\"elementor-column elementor-col-100 elementor-top-column elementor-element elementor-element-4ffac2f9\" data-id=\"4ffac2f9\" data-element_type=\"column\" data-e-type=\"column\">\n\t\t\t<div class=\"elementor-widget-wrap elementor-element-populated\">\n\t\t\t\t\t\t<div class=\"elementor-element elementor-element-12e53edf elementor-widget elementor-widget-text-editor\" data-id=\"12e53edf\" data-element_type=\"widget\" data-e-type=\"widget\" data-widget_type=\"text-editor.default\">\n\t\t\t\t<div class=\"elementor-widget-container\">\n\t\t\t\t\t\t\t\t\t<h2 style=\"text-align: center\"><span style=\"color: #2080c0\">December, 2-4<\/span><\/h2><h2 style=\"text-align: center\"><span style=\"color: #2080c0\">Cidade da Inova\u00e7\u00e3o (IFES) &#8211; Jardim da Penha &#8211; Vit\u00f3ria &#8211; ES<\/span><\/h2><div class=\"wp-block-buttons\"><p><!-- \/wp:button --><\/p><\/div><p><!-- \/wp:buttons --><\/p>\t\t\t\t\t\t\t\t<\/div>\n\t\t\t\t<\/div>\n\t\t\t\t\t<\/div>\n\t\t<\/div>\n\t\t\t\t\t<\/div>\n\t\t<\/section>\n\t\t\t\t<section class=\"elementor-section elementor-top-section elementor-element elementor-element-c75ab5c elementor-section-boxed elementor-section-height-default elementor-section-height-default\" data-id=\"c75ab5c\" data-element_type=\"section\" data-e-type=\"section\">\n\t\t\t\t\t\t<div class=\"elementor-container elementor-column-gap-default\">\n\t\t\t\t\t<div class=\"elementor-column elementor-col-100 elementor-top-column elementor-element elementor-element-364ce8b\" data-id=\"364ce8b\" data-element_type=\"column\" data-e-type=\"column\">\n\t\t\t<div class=\"elementor-widget-wrap elementor-element-populated\">\n\t\t\t\t\t\t<div class=\"elementor-element elementor-element-fc2f741 elementor-widget elementor-widget-spacer\" data-id=\"fc2f741\" data-element_type=\"widget\" data-e-type=\"widget\" data-widget_type=\"spacer.default\">\n\t\t\t\t<div class=\"elementor-widget-container\">\n\t\t\t\t\t\t\t<div class=\"elementor-spacer\">\n\t\t\t<div class=\"elementor-spacer-inner\"><\/div>\n\t\t<\/div>\n\t\t\t\t\t\t<\/div>\n\t\t\t\t<\/div>\n\t\t\t\t\t<\/div>\n\t\t<\/div>\n\t\t\t\t\t<\/div>\n\t\t<\/section>\n\t\t\t\t<section class=\"elementor-section elementor-top-section elementor-element elementor-element-f9575ee elementor-section-boxed elementor-section-height-default elementor-section-height-default\" data-id=\"f9575ee\" data-element_type=\"section\" data-e-type=\"section\">\n\t\t\t\t\t\t<div class=\"elementor-container elementor-column-gap-default\">\n\t\t\t\t\t<div class=\"elementor-column elementor-col-100 elementor-top-column elementor-element elementor-element-be7fb78\" data-id=\"be7fb78\" data-element_type=\"column\" data-e-type=\"column\">\n\t\t\t<div class=\"elementor-widget-wrap elementor-element-populated\">\n\t\t\t\t\t\t<div class=\"elementor-element elementor-element-3a0354f elementor-widget elementor-widget-image\" data-id=\"3a0354f\" data-element_type=\"widget\" data-e-type=\"widget\" data-widget_type=\"image.default\">\n\t\t\t\t<div class=\"elementor-widget-container\">\n\t\t\t\t\t\t\t\t\t\t\t\t\t\t\t<img fetchpriority=\"high\" decoding=\"async\" width=\"768\" height=\"1119\" src=\"https:\/\/bsb.sbc.org.br\/2024\/wp-content\/uploads\/sites\/8\/2024\/11\/Programa_BSB-768x1119.png\" class=\"attachment-medium_large size-medium_large wp-image-2546\" alt=\"\" srcset=\"https:\/\/bsb.sbc.org.br\/2024\/wp-content\/uploads\/sites\/8\/2024\/11\/Programa_BSB-768x1119.png 768w, https:\/\/bsb.sbc.org.br\/2024\/wp-content\/uploads\/sites\/8\/2024\/11\/Programa_BSB-206x300.png 206w, https:\/\/bsb.sbc.org.br\/2024\/wp-content\/uploads\/sites\/8\/2024\/11\/Programa_BSB-703x1024.png 703w, https:\/\/bsb.sbc.org.br\/2024\/wp-content\/uploads\/sites\/8\/2024\/11\/Programa_BSB-1054x1536.png 1054w, https:\/\/bsb.sbc.org.br\/2024\/wp-content\/uploads\/sites\/8\/2024\/11\/Programa_BSB-1405x2048.png 1405w\" sizes=\"(max-width: 768px) 100vw, 768px\" \/>\t\t\t\t\t\t\t\t\t\t\t\t\t\t\t<\/div>\n\t\t\t\t<\/div>\n\t\t\t\t\t<\/div>\n\t\t<\/div>\n\t\t\t\t\t<\/div>\n\t\t<\/section>\n\t\t\t\t<section class=\"elementor-section elementor-top-section elementor-element elementor-element-93981d0 elementor-section-boxed elementor-section-height-default elementor-section-height-default\" data-id=\"93981d0\" data-element_type=\"section\" data-e-type=\"section\">\n\t\t\t\t\t\t<div class=\"elementor-container elementor-column-gap-default\">\n\t\t\t\t\t<div class=\"elementor-column elementor-col-100 elementor-top-column elementor-element elementor-element-8b8d32e\" data-id=\"8b8d32e\" data-element_type=\"column\" data-e-type=\"column\">\n\t\t\t<div class=\"elementor-widget-wrap elementor-element-populated\">\n\t\t\t\t\t\t<div class=\"elementor-element elementor-element-5636048 elementor-widget elementor-widget-heading\" data-id=\"5636048\" data-element_type=\"widget\" data-e-type=\"widget\" data-widget_type=\"heading.default\">\n\t\t\t\t<div class=\"elementor-widget-container\">\n\t\t\t\t\t<h1 class=\"elementor-heading-title elementor-size-default\">Program Details<\/h1>\t\t\t\t<\/div>\n\t\t\t\t<\/div>\n\t\t\t\t\t<\/div>\n\t\t<\/div>\n\t\t\t\t\t<\/div>\n\t\t<\/section>\n\t\t\t\t<section class=\"elementor-section elementor-top-section elementor-element elementor-element-b130209 elementor-section-boxed elementor-section-height-default elementor-section-height-default\" data-id=\"b130209\" data-element_type=\"section\" data-e-type=\"section\">\n\t\t\t\t\t\t<div class=\"elementor-container elementor-column-gap-default\">\n\t\t\t\t\t<div class=\"elementor-column elementor-col-100 elementor-top-column elementor-element elementor-element-96b330a\" data-id=\"96b330a\" data-element_type=\"column\" data-e-type=\"column\">\n\t\t\t<div class=\"elementor-widget-wrap elementor-element-populated\">\n\t\t\t\t\t\t<div class=\"elementor-element elementor-element-706601a elementor-widget__width-initial elementor-widget elementor-widget-text-editor\" data-id=\"706601a\" data-element_type=\"widget\" data-e-type=\"widget\" data-widget_type=\"text-editor.default\">\n\t\t\t\t<div class=\"elementor-widget-container\">\n\t\t\t\t\t\t\t\t\t<h2 style=\"text-align: left\"><span style=\"color: #2080c0\">Keynote Speakers<\/span><\/h2><p>For details on our keynote speakers, including profiles, research contributions, and topics they will be presenting, please refer to our keynote section:<\/p><p style=\"padding-left: 40px\"><span style=\"text-decoration: underline\"><strong><span style=\"color: #2080c0;text-decoration: underline\"><a style=\"color: #2080c0;text-decoration: underline\" href=\"https:\/\/bsb.sbc.org.br\/2024\/keynote-speakers\/\">Keynote Speakers &#8211; BSB 2024<\/a><\/span><\/strong><\/span><\/p><hr \/><h2>\u00a0<\/h2><h2 style=\"font-family: Roboto, sans-serif;font-style: normal\"><span style=\"font-size: 20px\">Technical Sessions<\/span><\/h2><p><b><u>\u00a0<\/u><\/b><\/p><p><b><u>Technical Session 1 (Monday 15:30 &#8211; 17:00) &#8211; Session Chair: Kele Belloze (CEFET-RJ, Brazil)<\/u><\/b><\/p><p><b>1) A computational pipeline for species- and strain-level classification of metagenomic sequences.\u00a0<\/b><span style=\"font-size: 14px\">Arthur Solano and Joao Setubal<\/span><\/p><p><b>2) Towards a simpler computational semantics for molecular biology.\u00a0<\/b><span style=\"font-size: 14px\">Luis Henrique Costa Neto and Sergio Lifschitz and Marcos Catanho and Ant\u00f4nio B. de Miranda and Edward Hermann Haeusler<\/span><\/p><p><b>3) Modeling cell signaling pathways through universal differential equations and joint inference of first-principle parameters and neural network weights.\u00a0<\/b><span style=\"font-size: 14px\">Cristiano Campos and Ronaldo Nogueira de Sousa and Hugo Aguirre Armelin and Marcelo Reis<\/span><\/p><p><b>4) Genomic and phylogenetic analysis of plant growth-promoting bacteria.\u00a0<\/b><span style=\"font-size: 14px\">Marcus Rodrigues and Jo\u00e3o Oliveira and Sandriele Noriler and Angelo Garcia and Ulisses Pereira and Ulisses Rocha and Admilton Oliveira Junior and\u00a0<\/span>Glaucia Maria Bressan<\/p><p><b>5) Tuning a predictive DNA replication programming computational model for Trypanosomatids.\u00a0<\/b><span style=\"font-size: 14px\">Bruno Scholl and Ligia Palma and Victor Seiji Hariki and Maria Carolina Elias and Marcelo Reis<\/span><\/p><p><b>6) A strategy for refining the calculation of contacts in protein-RNA complexes.\u00a0<\/b><span style=\"font-size: 14px\">Luana Bastos and Rafael Lemos and Diego Mariano and Raquel Cardoso de Melo-Minardi<\/span><\/p><p><b><u>Technical Session 2 (Tuesday 09:00 &#8211; 10:30) &#8211; Session Chair: Edward Hermann (PUC-RJ, Brazil)<\/u><\/b><\/p><p><b>1) AutoBioLearn: An Automated Data Science Framework for eXplainable Analyses (XAI) of Clinical Datasets.\u00a0<\/b><span style=\"font-size: 14px\">Lucas Pinheiro Badar\u00f3 Moreira and Maria Laura Gabriel Kuniyoshi and Zofia Wicik and David Martins-Jr and Helena Brentani and S\u00e9rgio Nery Sim\u00f5es<\/span><\/p><p><b>2) Graph Attention Neural Networks Improving Molecular Docking Rank with Protein-Ligand Contact Maps.<\/b>\u00a0<span style=\"font-size: 14px\">Glauco Lima and Simone Pantale\u00e3o and Isabelle Pereira and Ana Scott<\/span><\/p><p><b>3) A Comparative Study of CNN for Prediction of Human Cancer Types Integrating Protein-Protein Interaction Networks and Omics Data.\u00a0<\/b><span style=\"font-size: 14px\">Marilio Almeida and S\u00e9rgio Nery Sim\u00f5es and Karin Komati<\/span><\/p><p><b>4) Using graph-based structural signatures and machine learning algorithms for molecular docking assessment of histone deacetylases and small ligands.\u00a0<\/b><span style=\"font-size: 14px\">Alessandra Cioletti and Rafael Lemos and Lucas Moraes dos Santos and Diego Mariano and Raquel de Melo-Minardi<\/span><\/p><p><b>5) Optimized Neural Networks for Breast Cancer Classification Using Gene Expression Data.\u00a0<\/b><span style=\"font-size: 14px\">Ana Beatriz Valentin and Glaucia Bressan and Leonardo Canuto Junior and Elisangela Lizzi<\/span><\/p><p><b><u>Technical Session 3 (Best Paper Contenders; Tuesday 15:30 &#8211; 17:00) &#8211; Session Chair: Jo\u00e3o Carlos Setubal (IQ-USP, Brazil)<\/u><\/b><\/p><p><b>1) Teaching bioinformatics programming in high school: a case report.\u00a0<\/b><span style=\"font-size: 14px\">Helena Costa and Giovana Fiorini Maia and Lucas Moraes dos Santos and Diego Mariano and Raquel de Melo-Minardi<\/span><\/p><p><b>2) Squares in Cycles: Prediction of G-Quadruplexes in Circular RNA Secondary Stuctures.\u00a0<\/b><span style=\"font-size: 14px\">Ronny Lorenz and Peter Stadler<\/span><\/p><p><b>3) Unraveling Evolutionary Paths: Genomic Divergence and Geographic Secrets of Cylindrospermopsis and Sphaerospermopsis.\u00a0<\/b><span style=\"font-size: 14px\">Reno Nooblath and Daniel Gomes and Vinicius Abreu and Sintia Almeida<\/span><\/p><p><b>4) Comparison of computational fusion detection methods for short-read RNA-seq data.\u00a0<\/b><span style=\"font-size: 14px\">Lucas Oliveira and Victor Rigatto and Jo\u00e3o Meidanis<\/span><\/p><p><b>5) Towards a Surrogate-assisted PALLAS algorithm for Gene Regulatory Network Inference.\u00a0<\/b><span style=\"font-size: 14px\">Hugo Amorim and Luis Loo and Marcelo Lacerda and Ulisses Braga Neto and Fernando Buarque de Lima Neto<\/span><\/p><p><u><b>Technical Session 4 (Wednesday 09:00 &#8211; 10:30) &#8211; Session Chair: Glaucia Bressan (<\/b><\/u><b><u>UTFPR, Brazil)<\/u><\/b><\/p><p><b>1) Heuristics based on Adjacency Graph Packing for DCJ Distance Considering Intergenic Regions.\u00a0<\/b><span style=\"font-size: 14px\">Gabriel Siqueira and Alexsandro Alexandrino and Andre Oliveira and Zanoni Dias<\/span><\/p><p><b>2) Predicting Mutation-Driven Changes in the SARS-CoV-2 Spike Protein Using Structural Signatures and Neural Networks.\u00a0<\/b><span style=\"font-size: 14px\">Eduardo Moreira and Leandro Morais and Sheila Cruz and Rafael Lemos and Ana Bastos<\/span><span style=\"font-family: Roboto, sans-serif;font-size: 14px;font-style: normal;font-weight: 400\">\u00a0<\/span><span style=\"font-family: Roboto, sans-serif;font-size: 14px;font-style: normal;font-weight: 400\">and Alessandra Silva<\/span><span style=\"font-size: 14px\">\u00a0and Diego Mariano and Raquel C. de Melo-Minardi<\/span><\/p><p><b>3) Evaluating the Generalization of Neural Network-Based Pan-Cancer Classification Models for Cohort-Specific Predictions.\u00a0<\/b><span style=\"font-size: 14px\">Thomas Fontanari and Mariana Recamonde-Mendoza<\/span><\/p><p><b>4) Scaling Up ESM2 Architectures for Long Protein Sequences Analysis: Long and Quantized Approaches.\u00a0<\/b><span style=\"font-size: 14px\">Gabriel Oliveira and Helio Pedrini and Zanoni Dias<\/span><\/p><p><b>5) COCaDA \u2013 Large-Scale Protein Interatomic Contact Cutoff Optimization by Ca Distance Matrices.\u00a0<\/b><span style=\"font-size: 14px\">Rafael Lemos and Diego Mariano and Sabrina Silveira and Raquel Cardoso de Melo-Minardi<\/span><\/p><p><b>6) In silico study of the impact of the PRKAG2-H401Q mutation on AMPK affinity for AMP and ATP.\u00a0<\/b><span style=\"font-size: 14px\">Jorge Fernandez<\/span><\/p><hr \/><h2>\u00a0<\/h2><h2><span style=\"color: #666699\">Poster Session Alpha (Monday 17:00 &#8211; 18:30)<\/span><\/h2><div><strong><a href=\"https:\/\/drive.google.com\/file\/d\/1p6IH0zlDzr3_7TjnXkaazTHXOj6-gGCX\/view?usp=sharing\"><span style=\"color: #666699\">[Download here the poster abstracts of this session!]<\/span><\/a><\/strong><\/div><div><span style=\"color: #666699\">\u00a0<\/span><\/div><p>P01 \u2013 A bioinformatics approach to define host-element boundaries using Microviridae phages and casposons as study models<br \/>P03 \u2013 A genomic approach to the selection of growth-promoting bacteria in maize using reverse ecology<br \/>P05 \u2013 A Tm-value prediction system and molecular dynamics analysis of AmNA-containing gapmer antisense oligonucleotides<br \/>P07 \u2013 Antimicrobial Resistance Genes in Oligotrophic Ecosystems: An Evolutionary Insight from Microbialites and Microbial Mats of Cuatro Ci\u00e9negas<br \/>P09 \u2013 Beyond mutations: Human Cytomegalovirus as a driver of heterogeneity in Glioblastoma<br \/>P11 \u2013 Characterization of Psychiatric Disorders Cataloged in the DSM-5 Through a Network Approach<br \/>P13 \u2013 ClusterONE Web: a web tool for detecting and visualizing overlapping protein complexes in protein-protein interaction networks<br \/>P15 \u2013 Comparative Genomic Analyses Highlight the Crucial Role of Mobile Genetic Elements in Paenibacillus strains<br \/>P17 \u2013 De novo transcriptome assembly and annotation for gene discovery in Euterpe edulis<br \/>P19 \u2013 Discovery of Conditionally Independent Networks Among Gene Expressions in Breast Cancer Using Fast StepGraph<br \/>P21 \u2013 Enhancing Enzyme Generation with Fine-Tuned Conditional Transformers<br \/>P23 \u2013 Exploring Genetic Determinants of Post-COVID-19 Dyspnea: An Exome Sequencing Approach<br \/>P25 \u2013 Gene Expression Patterns and Their Impact on Muscle pH in Four Swine Genetic Groups<br \/>P27 \u2013 Genome mining unveils the Algibacter genus as a treasure trove of biologically-active compounds<br \/>P29 \u2013 Group I introns in the mitochondrial genomes of Trichoderma spp.<br \/>P31 \u2013 Homology-based quantification of the fibrosis in the CT image: A proof of concept for CT image feature-assisted gene expression prediction<br \/>P33 \u2013 In silico validation of Linear B-Cell epitopes using Machine Learning: A proposed approach with organisms of genus Trypanosoma<br \/>P35 \u2013 Metabarcoding reveal Fusarium decemcellulare as the potential causal agent of the emergent disease in Coffea canephora<br \/>P37 \u2013 Molecules of the Amazon: Integration and Centralization of Data on the Amazon Flora and its Biomolecules<br \/>P39 \u2013 Network Pharmacology and UHPLC-ESI-Q-TOF-MS\/MS Approaches to Explore Active Compounds and Mechanisms of Acerola Seed Hydroethanolic Extract in Obesity Treatment<br \/>P41 \u2013 Nuclear Segmentation of Oncology Microscopy Images through Convolutional Neural Networks: A Comparative Analysis<br \/>P43 \u2013 Predicting side effects of drug combinations in realistic experimental settings<br \/>P45 \u2013 Sialic Acid Enzymes Database<br \/>P47 \u2013 The potential role of the JAK\/STAT pathways in the progression of depressive and anxiety disorders in Long COVID<br \/>P49 \u2013 The role of polyploid giant cells in cancer progression and their potential as therapeutic targets: a bioinformatic overview<br \/>P51 \u2013 Transcriptomic analysis of Crassostrea gigas oysters exposed to tamoxifen demonstrates alterations in cancer-associated metabolic pathways<br \/>P53 \u2013 Transcriptomic Analysis Reveals a Novel MicroRNA in Porcine Fetuses from Gilds Supplemented with L-Arginine<br \/>P55 \u2013 Unlocking The Anti-aging Potential: In silico Analysis of Astaxanthin, Curcumin, Quercetin, and Resveratrol in Modulating Skin Aging Pathways<br \/>P57 \u2013 Large scale analysis of sialic acid incorporation mechanisms of microorganisms from intestinal microbiota<\/p><hr \/><h2>\u00a0<\/h2><h2><span style=\"color: #666699\">Poster Session Beta (Tuesday 17:00 &#8211; 18:30)<\/span><\/h2><p><strong>[<a href=\"https:\/\/drive.google.com\/file\/d\/12a83IDwx4n1rOVZyLN5YytR8FQEPubZf\/view?usp=sharing\">Download here the poster abstracts of this session!<\/a>]<\/strong><\/p><p>P02 \u2013 A Curated Dataset for Machine Learning Training to Predict Novel Peptide Inhibitors of Voltage-Gated Sodium Channels in Drosophila suzukii (Matsumura, 1931)<br \/>P04 \u2013 A graphical bioinformatics tool for delineating viral taxonomic levels<br \/>P06 \u2013 Analysis of rbd-spike interactions of sars-cov-2 omicron variants with ace2 through molecular dynamics<br \/>P08 \u2013 Application of Machine Learning Algorithms for Identification of Viruses in Dark Matter from Next-Generation Sequencing<br \/>P10 \u2013 Bioinformatics analysis revealed that NOTCH1 expression in Glioblastoma Multiforme patients and Glioma Stem Cells is associated with impaired cellular OXPHOS and low immune infiltration<br \/>P12 \u2013 Classification of HIV genomes through graph comparison and analysis<br \/>P14 \u2013 Comparative Analysis of Supervised Classifiers in Predicting COVID-19 Severity Using Data from 239 Exomes<br \/>P16 \u2013 Comparative Genomic Analyses reveal key characteristics for the Biocontrol and the Promotion of Plant Growth in Paenibacillus Strains<br \/>P18 \u2013 Development of a web system responsible for automating the process of validating three-dimensional proteins<br \/>P20 \u2013 EEG-Based Schizophrenia Classification Using Vision Transformers and Microstate Analysis<br \/>P22 \u2013 Evaluation Of Machine Learning Models In Identifying Neurological Complications Of Covid-19: An Integrated And Comparative Analysis<br \/>P24 \u2013 Exploring hybrid dynamic modeling of ordinary differential equations and data-driven models: From validation to expansion assisted by high-resolution mass spectrometry<br \/>P26 \u2013 Genetic study of patients with persistent neurocognitive sequelae after COVID-19<br \/>P28 \u2013 Genomic insights into the association between carbohydrate transporters and antimicrobial resistance in Staphylococcus aureus<br \/>P30 \u2013 Harnessing Integrated Informatics and Molecular Simulation to Predict Antibody Epitopes on Viral Envelope Glycoproteins<br \/>P32 \u2013 Identification of Genetic Alterations in Patients Who Developed Physical Fatigue as a Long COVID Condition<br \/>P34 \u2013 Investigation of UDE-based approaches for cell cycle modeling<br \/>P36 \u2013 Metagenomics and Bioinformatic tools in Agricultural Microbiome<br \/>P38 \u2013 Multi-omics systems biology approach identifies novel signature genes for neuropsychiatric disorders<br \/>P40 \u2013 Non coding variants near the NOTCH1 gene are associated with frailty criteria in Brazilians older adults<br \/>P42 \u2013 Predicting aggregation region in proteins with machine learning based on tertiary structure: web platform<br \/>P44 \u2013 Predictive Modeling Of Post-covid-19 Hair Loss: Insights From Machine Learning And Logistic Regression<br \/>P46 \u2013 SP crime: A Python package for merging S\u00e3o Paulo criminal and medical data<br \/>P48 \u2013 The Role of Indel Variants in COVID-19: Unveiling Frequency Patterns and Potential Clinical Significance<br \/>P50 \u2013 Topology-based pan-cancer analysis of DLK1-DIO3-derived microRNA roles<br \/>P52 \u2013 Transcriptomic analysis of the aged female omentum. Insights on metastatic invasion in a mouse model of ovarian cancer<br \/>P54 \u2013 Tumor-Regeneration Interplay: Systems Biology and New Models in Comparative Study with Therapeutic Insights<br \/>P56 \u2013 Verdict: An Interactive Web Tool for Exploring Disease Modules and Drug Targets within the Human Interactome<br \/>P58 \u2013 Improvement of the assembly and Annotation of the Trypanosoma cruzi Genome Using Hi-C Data<br \/>P60 \u2013 Helix-Shifts and Incongruence in RNA Evolution<\/p><p style=\"padding-left: 40px\"><span style=\"text-decoration: underline\"><strong>\u00a0<\/strong><\/span><\/p><hr \/><h2>\u00a0<\/h2><h2><span style=\"color: #008080\">Mini-course (It will be held in Portuguese)<\/span><\/h2><h3><span style=\"color: #008080\"><strong>T\u00edtulo: Introdu\u00e7\u00e3o ao Aprendizado de M\u00e1quina para Bioinform\u00e1tica<\/strong><\/span><\/h3><p><span style=\"color: #008080\"><strong>Palestrante:<\/strong> Ronaldo Nogueira, bacharel em Ci\u00eancia da Computa\u00e7\u00e3o (UFG, 2019) \u00e9 doutorando em Bioinform\u00e1tica na USP. Sua pesquisa foca em t\u00e9cnicas avan\u00e7adas de Aprendizado de M\u00e1quina e Intelig\u00eancia Artificial para elucidar mecanismos moleculares em vias de sinaliza\u00e7\u00e3o, especialmente no contexto da biologia do c\u00e2ncer.<\/span><\/p><p><span style=\"color: #008080\"><strong>Resumo:<\/strong><\/span><br \/><span style=\"color: #008080\">O crescente volume e variedade de dados experimentais exige ferramentas para extra\u00e7\u00e3o de padr\u00f5es que possibilitem a explora\u00e7\u00e3o dos dados e a elucida\u00e7\u00e3o de hip\u00f3teses biol\u00f3gicas. Este minicurso introduz o Aprendizado de M\u00e1quina, abordando seu hist\u00f3rico, principais paradigmas e modelos. Demonstra\u00e7\u00f5es pr\u00e1ticas ser\u00e3o realizadas em Python usando bibliotecas como Sklearn, PyTorch e\/ou Tensorflow, com aplica\u00e7\u00f5es em Bioinform\u00e1tica.<\/span><\/p><p><span style=\"color: #008080\"><strong>Idioma:<\/strong> O minicurso ser\u00e1 realizado em portugu\u00eas (The minicourse will be held in Portuguese).<\/span><\/p><p><span style=\"color: #008080\"><strong>P\u00fablico-alvo:<\/strong> Estudantes de gradua\u00e7\u00e3o e p\u00f3s-gradua\u00e7\u00e3o com forma\u00e7\u00e3o em ci\u00eancias biol\u00f3gicas ou \u00e1reas de exatas.<\/span><\/p><p><span style=\"color: #008080\">\u00a0<\/span><\/p><hr \/><h3><strong><span style=\"color: #1d72b3\">SBMF (Brazilian Symposium on Formal Methods)<\/span> <\/strong><\/h3><p>The SBMF (Brazilian Symposium on Formal Methods) will be a co-located event with BSB 2024. SBMF activities will begin on Wednesday, December 4th, at 2:00 pm, following the conclusion of BSB, which ends at 12:30 pm.<\/p><p>We invite all participants to join us for SBMF (<strong><span style=\"color: #1d72b3\"><a style=\"color: #1d72b3\" href=\"https:\/\/sbmf24.ifes.edu.br\/\">https:\/\/sbmf24.ifes.edu.br\/<\/a><\/span><\/strong>) and take advantage of this opportunity for knowledge exchange in formal methods and related fields.<\/p>\t\t\t\t\t\t\t\t<\/div>\n\t\t\t\t<\/div>\n\t\t\t\t\t<\/div>\n\t\t<\/div>\n\t\t\t\t\t<\/div>\n\t\t<\/section>\n\t\t\t\t<\/div>\n\t\t","protected":false},"excerpt":{"rendered":"<p>17th Brazilian Symposium on Bioinformatics \u2013 BSB 2024 December, 2-4 Cidade da Inova\u00e7\u00e3o (IFES) &#8211; Jardim da Penha &#8211; Vit\u00f3ria &#8211; ES Program Details Keynote Speakers For details on our keynote speakers, including profiles, research contributions, and topics they will be presenting, please refer to our keynote section: Keynote Speakers &#8211; BSB 2024 \u00a0 Technical [&hellip;]<\/p>\n","protected":false},"author":11,"featured_media":0,"parent":0,"menu_order":0,"comment_status":"closed","ping_status":"closed","template":"","meta":{"footnotes":""},"class_list":["post-293","page","type-page","status-publish","hentry","entry"],"_links":{"self":[{"href":"https:\/\/bsb.sbc.org.br\/2024\/wp-json\/wp\/v2\/pages\/293","targetHints":{"allow":["GET"]}}],"collection":[{"href":"https:\/\/bsb.sbc.org.br\/2024\/wp-json\/wp\/v2\/pages"}],"about":[{"href":"https:\/\/bsb.sbc.org.br\/2024\/wp-json\/wp\/v2\/types\/page"}],"author":[{"embeddable":true,"href":"https:\/\/bsb.sbc.org.br\/2024\/wp-json\/wp\/v2\/users\/11"}],"replies":[{"embeddable":true,"href":"https:\/\/bsb.sbc.org.br\/2024\/wp-json\/wp\/v2\/comments?post=293"}],"version-history":[{"count":246,"href":"https:\/\/bsb.sbc.org.br\/2024\/wp-json\/wp\/v2\/pages\/293\/revisions"}],"predecessor-version":[{"id":2657,"href":"https:\/\/bsb.sbc.org.br\/2024\/wp-json\/wp\/v2\/pages\/293\/revisions\/2657"}],"wp:attachment":[{"href":"https:\/\/bsb.sbc.org.br\/2024\/wp-json\/wp\/v2\/media?parent=293"}],"curies":[{"name":"wp","href":"https:\/\/api.w.org\/{rel}","templated":true}]}}