{"id":296,"date":"2022-05-11T16:35:07","date_gmt":"2022-05-11T16:35:07","guid":{"rendered":"https:\/\/bsb.sbc.org.br\/2024\/?page_id=296"},"modified":"2024-12-18T18:44:36","modified_gmt":"2024-12-18T18:44:36","slug":"bsb-committees","status":"publish","type":"page","link":"https:\/\/bsb.sbc.org.br\/2024\/bsb-committees\/","title":{"rendered":"BSB COMMITTEES"},"content":{"rendered":"\t\t<div data-elementor-type=\"wp-page\" data-elementor-id=\"296\" class=\"elementor elementor-296\" data-elementor-post-type=\"page\">\n\t\t\t\t\t\t<section class=\"elementor-section elementor-top-section elementor-element elementor-element-438eefe3 elementor-section-boxed elementor-section-height-default elementor-section-height-default\" data-id=\"438eefe3\" data-element_type=\"section\" data-e-type=\"section\">\n\t\t\t\t\t\t<div class=\"elementor-container elementor-column-gap-default\">\n\t\t\t\t\t<div class=\"elementor-column elementor-col-100 elementor-top-column elementor-element elementor-element-3bed8033\" data-id=\"3bed8033\" data-element_type=\"column\" data-e-type=\"column\">\n\t\t\t<div class=\"elementor-widget-wrap elementor-element-populated\">\n\t\t\t\t\t\t<div class=\"elementor-element elementor-element-3b17bd3 elementor-widget elementor-widget-text-editor\" data-id=\"3b17bd3\" data-element_type=\"widget\" data-e-type=\"widget\" data-widget_type=\"text-editor.default\">\n\t\t\t\t<div class=\"elementor-widget-container\">\n\t\t\t\t\t\t\t\t\t<h1 style=\"text-align: center\"><strong>Organization<\/strong><\/h1>\n<p><\/p>\n<p><!-- \/wp:paragraph --><\/p>\n<p><!-- wp:paragraph --><\/p>\n<h2><strong>General Chair<\/strong><\/h2>\n<p><!-- \/wp:paragraph --><\/p>\n<p><!-- wp:paragraph --><\/p>\n<ul>\n<li>S\u00e9rgio Nery Sim\u00f5es (IFES, Brazil)<\/li>\n<\/ul>\n<h2><strong>Local Organizing Committee<\/strong><\/h2>\n<ul>\n<li>S\u00e9rgio Nery Sim\u00f5es (IFES, Brazil)<\/li>\n<li>Karin Satie Komati (IFES, Brazil)<\/li>\n<li>Francisco de Assis Boldt (IFES, Brazil)<\/li>\n<li>Hil\u00e1rio Tomaz Alves de Oliveira (IFES, Brazil)<\/li>\n<li>Leandro Colombi Resendo (IFES, Brazil)<\/li>\n<\/ul>\n<p><!-- \/wp:paragraph --><\/p>\n<p><!-- wp:paragraph --><\/p>\n<h2><strong>Special Committee for Computational Biology of the Brazilian Computer Society (CE-BioComp da Sociedade Brasileira de Computa\u00e7\u00e3o)<\/strong><\/h2>\n<p><!-- \/wp:paragraph --><\/p>\n<p><!-- wp:paragraph --><\/p>\n<div>\n<ul>\n<li>S\u00e9rgio Lifschitz (coordinator, PUC-Rio)<\/li>\n<li>Kele Belloze (vice-coordinator, CEFET-RJ)<\/li>\n<li>Daniel de Oliveira (UFF)<\/li>\n<li>Diogo Tschoeke (UFRJ)<\/li>\n<li>Jo\u00e3o Carlos Setubal (senior member, USP)<\/li>\n<li>Marcelo da Silva Reis (UNICAMP)<\/li>\n<li>Raquel Minardi (UFMG)<\/li>\n<li>S\u00e9rgio Nery Sim\u00f5es (IFES)<\/li>\n<\/ul>\n<\/div>\n<div>&nbsp;<\/div>\n<div>\n<h2><strong>Program Committee<\/strong><\/h2>\n<p><!-- \/wp:paragraph --><\/p>\n<p><!-- wp:paragraph --><\/p>\n<div>\n<ul>\n<li>Marcelo da Silva Reis (UNICAMP) &#8212; Chair<\/li>\n<li>Fabricio Martins Lopes (UTFPR) &#8212; Vice-Chair<\/li>\n<\/ul>\n<ul>\n<li>Adriano Werhli \u2013 Universidade Federal do Rio Grande, Brazil<\/li>\n<li>Alessandra Silva \u2013 Universidade Federal de Minas Gerais, Brazil<\/li>\n<li><span style=\"font-size: 14px;color: var( --e-global-color-text )\">Andr\u00e9 Fujita \u2013 Universidade de S\u00e3o Paulo, Brazil<\/span><\/li>\n<li>Andre Kashiwabara \u2013 Universidade Tecnol\u00f3gica Federal do Paran\u00e1, Brazil<\/li>\n<li><span style=\"font-size: 14px;color: var( --e-global-color-text )\">Carlos da Silveira \u2013 Universidade Federal de Itajub\u00e1, Brazil<\/span><\/li>\n<li>Christian Hoener zu Siederdissen \u2013 Friedrich-Schiller-Universit\u00e4t Jena, Germany<\/li>\n<li>Daniel de Oliveira \u2013 Universidade Federal Fluminense, Brazil<\/li>\n<li><span style=\"font-size: 14px;color: var( --e-global-color-text )\">David Martins-Jr \u2013 Universidade Federal do ABC, Brazil<\/span><\/li>\n<li>Didier Vega-Oliveros \u2013 Universidade Federal de S\u00e3o Paulo, Brazil<\/li>\n<li>Diego Mariano&nbsp;<span style=\"font-family: Roboto, sans-serif;font-size: 14px;font-style: normal;font-weight: 400\">\u2013 Universidade Federal de Minas Gerais, Brazil<\/span><\/li>\n<li><span style=\"font-family: Roboto, sans-serif;font-size: 14px;font-style: normal;font-weight: 400\">Dieval Guizelini&nbsp;<\/span><span style=\"font-family: Roboto, sans-serif;font-size: 14px;font-style: normal;font-weight: 400\">\u2013 Universidade Federal do Paran\u00e1, Brazil<\/span><\/li>\n<li>Diogo Tschoeke \u2013 Universidade Federal do Rio de Janeiro, Brazil<\/li>\n<li>Emely Silva \u2013 Universidade Estadual de Campinas, Brazil<\/li><li>Eneas Carvalho<span style=\"font-family: Roboto, sans-serif;font-size: 14px;font-style: normal;font-weight: 400\">&nbsp;\u2013 Instituto Butantan, Brazil&nbsp;<\/span><span style=\"font-family: Roboto, sans-serif;font-size: 14px;font-style: normal;font-weight: 400\">&nbsp;<\/span><\/li>\n<li>Felipe Louza \u2013 Universidade Federal de Uberl\u00e2ndia, Brazil<\/li>\n<li>Giuseppe Leite \u2013 Universidade Federal de S\u00e3o Paulo, Brazil<\/li>\n<li>Glaucia Bressan \u2013&nbsp;<span style=\"font-family: Roboto, sans-serif;font-size: 14px;font-style: normal;font-weight: 400\">Universidade Tecnol\u00f3gica Federal do Paran\u00e1, Brazil<\/span><\/li>\n<li>Guilherme Telles \u2013 Universidade Estadual de Campinas, Brazil<\/li>\n<li>Jo\u00e3o Carlos Setubal \u2013 Universidade de S\u00e3o Paulo, Brazil<\/li>\n<li>Jo\u00e3o Meidanis<span style=\"font-family: Roboto, sans-serif;font-size: 14px;font-style: normal;font-weight: 400\"><span style=\"font-family: Roboto, sans-serif;font-size: 14px;font-style: normal;font-weight: 400\">&nbsp;\u2013&nbsp;<\/span>Universidade Estadual de Campinas, Brazil<\/span><\/li>\n<li><span style=\"font-family: Roboto, sans-serif;font-size: 14px;font-style: normal;font-weight: 400\">Jos\u00e9 Patan\u00e9&nbsp;<\/span><span style=\"font-family: Roboto, sans-serif;font-size: 14px;font-style: normal;font-weight: 400\">\u2013 InCor, Brazil<\/span><\/li>\n<li>Karina dos Santos Machado \u2013 Universidade Federal do Rio Grande, Brazil<\/li>\n<li>Kele Belloze<span style=\"font-family: Roboto, sans-serif;font-size: 14px;font-style: normal;font-weight: 400\">&nbsp;\u2013 CEFET-RJ, Brazil<\/span><\/li>\n<li>Liliane Oliveira<span style=\"font-family: Roboto, sans-serif;font-size: 14px;font-style: normal;font-weight: 400\">&nbsp;\u2013<\/span><span style=\"font-family: Roboto, sans-serif;font-size: 14px;font-style: normal;font-weight: 400\">&nbsp;<\/span><span style=\"font-family: Roboto, sans-serif;font-size: 14px;font-style: normal;font-weight: 400\">Universidade Tecnol\u00f3gica Federal do Paran\u00e1, Brazil<\/span><\/li>\n<li>Lu\u00eds Cunha \u2013 Universidade Federal Fluminense, Brazil<\/li>\n<li>Luiz Manoel Rocha Gadelha J\u00fanior \u2013 Laborat\u00f3rio Nacional de Computa\u00e7\u00e3o Cient\u00edfica, Brazil<\/li>\n<li>Manuel Lafond \u2013 University of Sherbrooke, Canada<\/li>\n<li>Marcelo Brigido \u2013 Universidade de Bras\u00edlia, Brazil<\/li>\n<li>Mariana Recamonde-Mendoza \u2013 Universidade Federal do Rio Grande do Sul, Brazil<\/li>\n<li>Maribel Hernandez<span style=\"font-family: Roboto, sans-serif;font-size: 14px;font-style: normal;font-weight: 400\">&nbsp;\u2013&nbsp;<\/span>CINVESTAV Irapuato, Mexico<\/li>\n<li>Miguel Rocha<span style=\"font-family: Roboto, sans-serif;font-size: 14px;font-style: normal;font-weight: 400\">&nbsp;\u2013&nbsp;<\/span>&nbsp;Universidade do Minho, Portugal<\/li>\n<li>Milton Nishiyama-Jr \u2013 Instituto Butantan, Brazil<\/li>\n<li>Mirela Darc \u2013 Universidade Federal do Rio de Janeiro, Brazil<\/li>\n<li>Natasha Andressa Nogueira Jorge \u2013 Leipzig University, Germany<\/li>\n<li>Robson Bonidia<span style=\"font-family: Roboto, sans-serif;font-size: 14px;font-style: normal;font-weight: 400\">&nbsp;\u2013&nbsp;<\/span><span style=\"font-family: Roboto, sans-serif;font-size: 14px;font-style: normal;font-weight: 400\">Universidade Tecnol\u00f3gica Federal do Paran\u00e1, Brazil<\/span><\/li>\n<li><span style=\"font-size: 14px;color: var( --e-global-color-text )\">Ronaldo Hashimoto \u2013 Universidade de S\u00e3o Paulo, Brazil<\/span><\/li>\n<li><span style=\"font-size: 14px;color: var( --e-global-color-text )\">S\u00e9rgio Lifschitz<\/span><span style=\"font-family: Roboto, sans-serif;font-size: 14px;font-style: normal;font-weight: 400\">&nbsp;\u2013 PUC-RJ, Brazil<\/span><\/li>\n<li><span style=\"font-family: Roboto, sans-serif;font-size: 14px;font-style: normal;font-weight: 400\">S\u00e9rgio Nery Sim\u00f5es&nbsp;<\/span><span style=\"font-family: Roboto, sans-serif;font-size: 14px;font-style: normal;font-weight: 400\">&nbsp;\u2013 IFES, Brazil<\/span><\/li>\n<li>Seyed Jamalaldin Haddadi \u2013 Universidade Estadual de Campinas, Brazil<\/li>\n<li>Valerie Anda \u2013 University of Florida, USA<\/li>\n<li><span style=\"font-size: 14px;color: var( --e-global-color-text )\">V\u00edctor Martinez \u2013 Universidade Estadual de Campinas, Brazil<\/span><\/li>\n<li>Zanoni Dias \u2013 Universidade Estadual de Campinas, Brazil<\/li>\n<\/ul>\n<p style=\"font-family: Roboto, sans-serif;font-size: 14px;font-style: normal;font-weight: 400\">\n<\/p><\/div>\n<\/div>\n<p><!-- \/wp:paragraph --><\/p>\n<p><!-- wp:paragraph --><\/p>\n<p><!-- \/wp:paragraph --><\/p>\t\t\t\t\t\t\t\t<\/div>\n\t\t\t\t<\/div>\n\t\t\t\t\t<\/div>\n\t\t<\/div>\n\t\t\t\t\t<\/div>\n\t\t<\/section>\n\t\t\t\t<\/div>\n\t\t","protected":false},"excerpt":{"rendered":"<p>Organization General Chair S\u00e9rgio Nery Sim\u00f5es (IFES, Brazil) Local Organizing Committee S\u00e9rgio Nery Sim\u00f5es (IFES, Brazil) Karin Satie Komati (IFES, Brazil) Francisco de Assis Boldt (IFES, Brazil) Hil\u00e1rio Tomaz Alves de Oliveira (IFES, Brazil) Leandro Colombi Resendo (IFES, Brazil) Special Committee for Computational Biology of the Brazilian Computer Society (CE-BioComp da Sociedade Brasileira de Computa\u00e7\u00e3o) [&hellip;]<\/p>\n","protected":false},"author":11,"featured_media":0,"parent":0,"menu_order":0,"comment_status":"closed","ping_status":"closed","template":"","meta":{"footnotes":""},"class_list":["post-296","page","type-page","status-publish","hentry","entry"],"_links":{"self":[{"href":"https:\/\/bsb.sbc.org.br\/2024\/wp-json\/wp\/v2\/pages\/296","targetHints":{"allow":["GET"]}}],"collection":[{"href":"https:\/\/bsb.sbc.org.br\/2024\/wp-json\/wp\/v2\/pages"}],"about":[{"href":"https:\/\/bsb.sbc.org.br\/2024\/wp-json\/wp\/v2\/types\/page"}],"author":[{"embeddable":true,"href":"https:\/\/bsb.sbc.org.br\/2024\/wp-json\/wp\/v2\/users\/11"}],"replies":[{"embeddable":true,"href":"https:\/\/bsb.sbc.org.br\/2024\/wp-json\/wp\/v2\/comments?post=296"}],"version-history":[{"count":69,"href":"https:\/\/bsb.sbc.org.br\/2024\/wp-json\/wp\/v2\/pages\/296\/revisions"}],"predecessor-version":[{"id":2695,"href":"https:\/\/bsb.sbc.org.br\/2024\/wp-json\/wp\/v2\/pages\/296\/revisions\/2695"}],"wp:attachment":[{"href":"https:\/\/bsb.sbc.org.br\/2024\/wp-json\/wp\/v2\/media?parent=296"}],"curies":[{"name":"wp","href":"https:\/\/api.w.org\/{rel}","templated":true}]}}