{"id":298,"date":"2024-06-28T16:36:21","date_gmt":"2024-06-28T16:36:21","guid":{"rendered":"https:\/\/bsb.sbc.org.br\/2024\/?page_id=298"},"modified":"2024-11-04T19:57:10","modified_gmt":"2024-11-04T19:57:10","slug":"registration","status":"publish","type":"page","link":"https:\/\/bsb.sbc.org.br\/2024\/registration\/","title":{"rendered":"REGISTRATION"},"content":{"rendered":"\t\t<div data-elementor-type=\"wp-page\" data-elementor-id=\"298\" class=\"elementor elementor-298\" data-elementor-post-type=\"page\">\n\t\t\t\t\t\t<section class=\"elementor-section elementor-top-section elementor-element elementor-element-2dcaaee elementor-section-boxed elementor-section-height-default elementor-section-height-default\" data-id=\"2dcaaee\" data-element_type=\"section\" data-e-type=\"section\">\n\t\t\t\t\t\t<div class=\"elementor-container elementor-column-gap-default\">\n\t\t\t\t\t<div class=\"elementor-column elementor-col-100 elementor-top-column elementor-element elementor-element-c00e207\" data-id=\"c00e207\" data-element_type=\"column\" data-e-type=\"column\">\n\t\t\t<div class=\"elementor-widget-wrap elementor-element-populated\">\n\t\t\t\t\t\t<div class=\"elementor-element elementor-element-e878c6e elementor-widget elementor-widget-heading\" data-id=\"e878c6e\" data-element_type=\"widget\" data-e-type=\"widget\" data-widget_type=\"heading.default\">\n\t\t\t\t<div class=\"elementor-widget-container\">\n\t\t\t\t\t<h1 class=\"elementor-heading-title elementor-size-default\">REGISTRATION<\/h1>\t\t\t\t<\/div>\n\t\t\t\t<\/div>\n\t\t\t\t\t<\/div>\n\t\t<\/div>\n\t\t\t\t\t<\/div>\n\t\t<\/section>\n\t\t\t\t<section class=\"elementor-section elementor-top-section elementor-element elementor-element-6883743 elementor-section-boxed elementor-section-height-default elementor-section-height-default\" data-id=\"6883743\" data-element_type=\"section\" data-e-type=\"section\">\n\t\t\t\t\t\t<div class=\"elementor-container elementor-column-gap-default\">\n\t\t\t\t\t<div class=\"elementor-column elementor-col-100 elementor-top-column elementor-element elementor-element-90fabaa\" data-id=\"90fabaa\" data-element_type=\"column\" data-e-type=\"column\">\n\t\t\t<div class=\"elementor-widget-wrap elementor-element-populated\">\n\t\t\t\t\t\t<div class=\"elementor-element elementor-element-e575841 elementor-align-center elementor-widget elementor-widget-button\" data-id=\"e575841\" data-element_type=\"widget\" data-e-type=\"widget\" data-widget_type=\"button.default\">\n\t\t\t\t<div class=\"elementor-widget-container\">\n\t\t\t\t\t\t\t\t\t<div class=\"elementor-button-wrapper\">\n\t\t\t\t\t<a class=\"elementor-button elementor-button-link elementor-size-sm\" href=\"https:\/\/centraldesistemas.sbc.org.br\/ecos\/bsb2024\" target=\"_blank\">\n\t\t\t\t\t\t<span class=\"elementor-button-content-wrapper\">\n\t\t\t\t\t\t\t\t\t<span class=\"elementor-button-text\">Register for the BSB 2024 \/ Inscreva-se aqui<\/span>\n\t\t\t\t\t<\/span>\n\t\t\t\t\t<\/a>\n\t\t\t\t<\/div>\n\t\t\t\t\t\t\t\t<\/div>\n\t\t\t\t<\/div>\n\t\t\t\t\t<\/div>\n\t\t<\/div>\n\t\t\t\t\t<\/div>\n\t\t<\/section>\n\t\t\t\t<section class=\"elementor-section elementor-top-section elementor-element elementor-element-4fc572a elementor-section-boxed elementor-section-height-default elementor-section-height-default\" data-id=\"4fc572a\" data-element_type=\"section\" data-e-type=\"section\">\n\t\t\t\t\t\t<div class=\"elementor-container elementor-column-gap-default\">\n\t\t\t\t\t<div class=\"elementor-column elementor-col-100 elementor-top-column elementor-element elementor-element-623d458\" data-id=\"623d458\" data-element_type=\"column\" data-e-type=\"column\">\n\t\t\t<div class=\"elementor-widget-wrap elementor-element-populated\">\n\t\t\t\t\t\t<div class=\"elementor-element elementor-element-650cbd7 elementor-widget elementor-widget-spacer\" data-id=\"650cbd7\" data-element_type=\"widget\" data-e-type=\"widget\" data-widget_type=\"spacer.default\">\n\t\t\t\t<div class=\"elementor-widget-container\">\n\t\t\t\t\t\t\t<div class=\"elementor-spacer\">\n\t\t\t<div class=\"elementor-spacer-inner\"><\/div>\n\t\t<\/div>\n\t\t\t\t\t\t<\/div>\n\t\t\t\t<\/div>\n\t\t\t\t\t<\/div>\n\t\t<\/div>\n\t\t\t\t\t<\/div>\n\t\t<\/section>\n\t\t\t\t<section class=\"elementor-section elementor-top-section elementor-element elementor-element-e83af04 elementor-section-boxed elementor-section-height-default elementor-section-height-default\" data-id=\"e83af04\" data-element_type=\"section\" data-e-type=\"section\">\n\t\t\t\t\t\t<div class=\"elementor-container elementor-column-gap-default\">\n\t\t\t\t\t<div class=\"elementor-column elementor-col-100 elementor-top-column elementor-element elementor-element-4da2654\" data-id=\"4da2654\" data-element_type=\"column\" data-e-type=\"column\">\n\t\t\t<div class=\"elementor-widget-wrap elementor-element-populated\">\n\t\t\t\t\t\t<div class=\"elementor-element elementor-element-9cc4059 elementor-widget elementor-widget-shortcode\" data-id=\"9cc4059\" data-element_type=\"widget\" data-e-type=\"widget\" data-widget_type=\"shortcode.default\">\n\t\t\t\t<div class=\"elementor-widget-container\">\n\t\t\t\t\t\t\t<div class=\"elementor-shortcode\">\n<table id=\"tablepress-5\" class=\"tablepress tablepress-id-5\">\n<thead>\n<tr class=\"row-1\">\n\t<th class=\"column-1\">Registration Fees<br \/>\n(Taxas de Inscri\u00e7\u00e3o)<\/th><th class=\"column-2\">Until August-11<br \/>\n(At\u00e9 11\/Agosto)<br \/>\n<\/th><th class=\"column-3\">Until September-25<br \/>\n(At\u00e9 25\/Setembro)<\/th><th class=\"column-4\">Until November-05<br \/>\n(At\u00e9 05\/Novembro)<\/th><th class=\"column-5\">Until December-04<br \/>\n(At\u00e9 04\/Dezembro)<\/th>\n<\/tr>\n<\/thead>\n<tbody class=\"row-striping row-hover\">\n<tr class=\"row-2\">\n\t<td class=\"column-1\"><h2><mark class=\"has-inline-color\" style=\"background-color: #d6edf8\">Undergraduate students \/ <em>Estudantes de gradua\u00e7\u00e3o<\/em><\/mark><\/h2><\/td><td class=\"column-2\"><\/td><td class=\"column-3\"><\/td><td class=\"column-4\"><\/td><td class=\"column-5\"><\/td>\n<\/tr>\n<tr class=\"row-3\">\n\t<td class=\"column-1\">Undergraduate student SBC member with valid membership<br \/>\n<br \/>\nEstudante associado \u00e0 SBC com anuidade vigente<\/td><td class=\"column-2\">R$  60,00<\/td><td class=\"column-3\">R$  70,00<\/td><td class=\"column-4\">R$  85,00<\/td><td class=\"column-5\">R$  105,00<\/td>\n<\/tr>\n<tr class=\"row-4\">\n\t<td class=\"column-1\">Undergraduate student SBC member with membership up to 90 days to expire (COMBO: registration + SBC membership renewal)<br \/>\n<br \/>\nEstudante associado \u00e0 SBC com anuidade vencendo em at\u00e9 90 dias (Melhor op\u00e7\u00e3o: COMBO inscri\u00e7\u00e3o no evento + renova\u00e7\u00e3o da associa\u00e7\u00e3o \u00e0 SBC)<\/td><td class=\"column-2\">R$  91,00<\/td><td class=\"column-3\">R$  101,00<\/td><td class=\"column-4\">R$  116,00<\/td><td class=\"column-5\">R$  136,00<\/td>\n<\/tr>\n<tr class=\"row-5\">\n\t<td class=\"column-1\">Undergraduate student non SBC member or with expired membership (COMBO: registration + SBC membership)<br \/>\n<br \/>\n(Estudante n\u00e3o associado ou com associa\u00e7\u00e3o n\u00e3o vigente \u00e0 SBC (Melhor op\u00e7\u00e3o: COMBO inscri\u00e7\u00e3o no evento + associa\u00e7\u00e3o \u00e0 SBC))<\/td><td class=\"column-2\">R$  91,00<\/td><td class=\"column-3\">R$  101,00<\/td><td class=\"column-4\">R$  116,00<\/td><td class=\"column-5\">R$  136,00<\/td>\n<\/tr>\n<tr class=\"row-6\">\n\t<td class=\"column-1\">Undergraduate student non SBC member (Registration only)<br \/>\n<br \/>\nEstudante n\u00e3o associado \u00e0 SBC (Somente inscri\u00e7\u00e3o no evento)<\/td><td class=\"column-2\">R$  97,00<\/td><td class=\"column-3\">R$  108,00<\/td><td class=\"column-4\">R$  125,00<\/td><td class=\"column-5\">R$  147,00<\/td>\n<\/tr>\n<tr class=\"row-7\">\n\t<td class=\"column-1\"><\/td><td class=\"column-2\"><\/td><td class=\"column-3\"><\/td><td class=\"column-4\"><\/td><td class=\"column-5\"><\/td>\n<\/tr>\n<tr class=\"row-8\">\n\t<td class=\"column-1\"><h2><mark class=\"has-inline-color\" style=\"background-color: #d6edf8\">Graduate students \/ <em>Estudantes de p\u00f3s-gradua\u00e7\u00e3o<\/em><\/mark><\/h2><\/td><td class=\"column-2\"><\/td><td class=\"column-3\"><\/td><td class=\"column-4\"><\/td><td class=\"column-5\"><\/td>\n<\/tr>\n<tr class=\"row-9\">\n\t<td class=\"column-1\">Graduate student SBC member with valid membership<br \/>\n<br \/>\nEstudante de p\u00f3s-gradua\u00e7\u00e3o associado \u00e0 SBC com anuidade vigente<\/td><td class=\"column-2\">R$  105,00<\/td><td class=\"column-3\">R$  120,00<\/td><td class=\"column-4\">R$  135,00<\/td><td class=\"column-5\">R$  150,00<\/td>\n<\/tr>\n<tr class=\"row-10\">\n\t<td class=\"column-1\">Graduate student SBC member with membership up to 90 days to expire (COMBO: registration + SBC membership renewal)<br \/>\n<br \/>\nEstudante de p\u00f3s-gradua\u00e7\u00e3o associado \u00e0 SBC com anuidade vencendo em at\u00e9 90 dias (Melhor op\u00e7\u00e3o: COMBO inscri\u00e7\u00e3o no evento + renova\u00e7\u00e3o da associa\u00e7\u00e3o \u00e0 SBC)<\/td><td class=\"column-2\">R$  230,00<\/td><td class=\"column-3\">R$  245,00<\/td><td class=\"column-4\">R$  260,00<\/td><td class=\"column-5\">R$  275,00<\/td>\n<\/tr>\n<tr class=\"row-11\">\n\t<td class=\"column-1\">Graduate student non SBC member or with expired membership (COMBO: registration + SBC membership)<br \/>\n<br \/>\nEstudante de p\u00f3s-gradua\u00e7\u00e3o n\u00e3o associado ou com associa\u00e7\u00e3o n\u00e3o vigente \u00e0 SBC (Melhor op\u00e7\u00e3o: COMBO inscri\u00e7\u00e3o no evento + associa\u00e7\u00e3o \u00e0 SBC)<\/td><td class=\"column-2\">R$  230,00<\/td><td class=\"column-3\">R$  245,00<\/td><td class=\"column-4\">R$  260,00<\/td><td class=\"column-5\">R$  275,00<\/td>\n<\/tr>\n<tr class=\"row-12\">\n\t<td class=\"column-1\">Graduate student non SBC member (Registration only)<br \/>\n<br \/>\nEstudante de p\u00f3s-gradua\u00e7\u00e3o n\u00e3o associado \u00e0 SBC (Somente inscri\u00e7\u00e3o no evento)<\/td><td class=\"column-2\">R$  241,00<\/td><td class=\"column-3\">R$  257,00<\/td><td class=\"column-4\">R$  274,00<\/td><td class=\"column-5\">R$  290,00<\/td>\n<\/tr>\n<tr class=\"row-13\">\n\t<td class=\"column-1\"><\/td><td class=\"column-2\"><\/td><td class=\"column-3\"><\/td><td class=\"column-4\"><\/td><td class=\"column-5\"><\/td>\n<\/tr>\n<tr class=\"row-14\">\n\t<td class=\"column-1\"><h2><mark class=\"has-inline-color\" style=\"background-color: #d6edf8\"><em>Professor de Educa\u00e7\u00e3o B\u00e1sica<\/em><\/mark><\/h2><\/td><td class=\"column-2\"><\/td><td class=\"column-3\"><\/td><td class=\"column-4\"><\/td><td class=\"column-5\"><\/td>\n<\/tr>\n<tr class=\"row-15\">\n\t<td class=\"column-1\">Professor de Educa\u00e7\u00e3o B\u00e1sica associado \u00e0 SBC com anuidade vigente<\/td><td class=\"column-2\">R$  145,00<\/td><td class=\"column-3\">R$  165,00<\/td><td class=\"column-4\">R$  180,00<\/td><td class=\"column-5\">R$  195,00<\/td>\n<\/tr>\n<tr class=\"row-16\">\n\t<td class=\"column-1\">Professor de Educa\u00e7\u00e3o B\u00e1sica associado \u00e0 SBC com anuidade vencendo em at\u00e9 90 dias (Melhor op\u00e7\u00e3o: COMBO inscri\u00e7\u00e3o no evento + renova\u00e7\u00e3o da associa\u00e7\u00e3o \u00e0 SBC)<\/td><td class=\"column-2\">R$  270,00<\/td><td class=\"column-3\">R$  290,00<\/td><td class=\"column-4\">R$  305,00<\/td><td class=\"column-5\">R$  320,00<\/td>\n<\/tr>\n<tr class=\"row-17\">\n\t<td class=\"column-1\">Professor de Educa\u00e7\u00e3o B\u00e1sica n\u00e3o associado ou com associa\u00e7\u00e3o n\u00e3o vigente \u00e0 SBC (Melhor op\u00e7\u00e3o: COMBO inscri\u00e7\u00e3o no evento + associa\u00e7\u00e3o \u00e0 SBC)<\/td><td class=\"column-2\">R$  270,00<\/td><td class=\"column-3\">R$  290,00<\/td><td class=\"column-4\">R$  305,00<\/td><td class=\"column-5\">R$  320,00<\/td>\n<\/tr>\n<tr class=\"row-18\">\n\t<td class=\"column-1\">Professor de Educa\u00e7\u00e3o B\u00e1sica n\u00e3o associado \u00e0 SBC (Somente inscri\u00e7\u00e3o no evento)<\/td><td class=\"column-2\">R$  285,00<\/td><td class=\"column-3\">R$  307,00<\/td><td class=\"column-4\">R$  323,00<\/td><td class=\"column-5\">R$  340,00<\/td>\n<\/tr>\n<tr class=\"row-19\">\n\t<td class=\"column-1\"><\/td><td class=\"column-2\"><\/td><td class=\"column-3\"><\/td><td class=\"column-4\"><\/td><td class=\"column-5\"><\/td>\n<\/tr>\n<tr class=\"row-20\">\n\t<td class=\"column-1\"><h2><mark class=\"has-inline-color\" style=\"background-color: #d6edf8\">Professionals and effective members of SBC \/ <em>Profissionais e membros efetivos da SBC<\/em><\/mark><\/h2><\/td><td class=\"column-2\"><\/td><td class=\"column-3\"><\/td><td class=\"column-4\"><\/td><td class=\"column-5\"><\/td>\n<\/tr>\n<tr class=\"row-21\">\n\t<td class=\"column-1\">Professional SBC member with valid membership<br \/>\n<br \/>\nProfissional associado \u00e0 SBC com anuidade vigente<\/td><td class=\"column-2\">R$  220,00<\/td><td class=\"column-3\">R$  250,00<\/td><td class=\"column-4\">R$  280,00<\/td><td class=\"column-5\">R$  320,00<\/td>\n<\/tr>\n<tr class=\"row-22\">\n\t<td class=\"column-1\">Professional SBC member with membership up to 90 days to expire (COMBO: registration + SBC membership renewal)<br \/>\n<br \/>\nProfissional associado \u00e0 SBC com anuidade vencendo em at\u00e9 90 dias (Melhor op\u00e7\u00e3o: COMBO inscri\u00e7\u00e3o no evento + renova\u00e7\u00e3o da associa\u00e7\u00e3o \u00e0 SBC)<\/td><td class=\"column-2\">R$  576,00<\/td><td class=\"column-3\">R$  606,00<\/td><td class=\"column-4\">R$  636,00<\/td><td class=\"column-5\">R$  676,00<\/td>\n<\/tr>\n<tr class=\"row-23\">\n\t<td class=\"column-1\">Professional non SBC member or with expired membership (COMBO: registration + SBC membership)<br \/>\n<br \/>\nProfissional n\u00e3o associado ou com associa\u00e7\u00e3o n\u00e3o vigente \u00e0 SBC (Melhor op\u00e7\u00e3o: COMBO inscri\u00e7\u00e3o no evento + associa\u00e7\u00e3o \u00e0 SBC)<\/td><td class=\"column-2\">R$  576,00<\/td><td class=\"column-3\">R$  606,00<\/td><td class=\"column-4\">R$  636,00<\/td><td class=\"column-5\">R$  676,00<\/td>\n<\/tr>\n<tr class=\"row-24\">\n\t<td class=\"column-1\">Professional non SBC member (Registration only)<br \/>\n<br \/>\nProfissional n\u00e3o associado \u00e0 SBC (Somente inscri\u00e7\u00e3o no evento)<\/td><td class=\"column-2\">R$  598,00<\/td><td class=\"column-3\">R$  631,00<\/td><td class=\"column-4\">R$  664,00<\/td><td class=\"column-5\">R$  708,00<\/td>\n<\/tr>\n<\/tbody>\n<\/table>\n<!-- #tablepress-5 from cache --><\/div>\n\t\t\t\t\t\t<\/div>\n\t\t\t\t<\/div>\n\t\t\t\t\t<\/div>\n\t\t<\/div>\n\t\t\t\t\t<\/div>\n\t\t<\/section>\n\t\t\t\t<section class=\"elementor-section elementor-top-section elementor-element elementor-element-0e9efbc elementor-section-boxed elementor-section-height-default elementor-section-height-default\" data-id=\"0e9efbc\" data-element_type=\"section\" data-e-type=\"section\">\n\t\t\t\t\t\t<div class=\"elementor-container elementor-column-gap-default\">\n\t\t\t\t\t<div class=\"elementor-column elementor-col-100 elementor-top-column elementor-element elementor-element-deb41b5\" data-id=\"deb41b5\" data-element_type=\"column\" data-e-type=\"column\">\n\t\t\t<div class=\"elementor-widget-wrap elementor-element-populated\">\n\t\t\t\t\t\t<div class=\"elementor-element elementor-element-9ded578 elementor-widget-divider--view-line elementor-widget elementor-widget-divider\" data-id=\"9ded578\" data-element_type=\"widget\" data-e-type=\"widget\" data-widget_type=\"divider.default\">\n\t\t\t\t<div class=\"elementor-widget-container\">\n\t\t\t\t\t\t\t<div class=\"elementor-divider\">\n\t\t\t<span class=\"elementor-divider-separator\">\n\t\t\t\t\t\t<\/span>\n\t\t<\/div>\n\t\t\t\t\t\t<\/div>\n\t\t\t\t<\/div>\n\t\t\t\t\t<\/div>\n\t\t<\/div>\n\t\t\t\t\t<\/div>\n\t\t<\/section>\n\t\t\t\t<section class=\"elementor-section elementor-top-section elementor-element elementor-element-70a6e25 elementor-section-boxed elementor-section-height-default elementor-section-height-default\" data-id=\"70a6e25\" data-element_type=\"section\" data-e-type=\"section\">\n\t\t\t\t\t\t<div class=\"elementor-container elementor-column-gap-default\">\n\t\t\t\t\t<div class=\"elementor-column elementor-col-100 elementor-top-column elementor-element elementor-element-3bed13a\" data-id=\"3bed13a\" data-element_type=\"column\" data-e-type=\"column\">\n\t\t\t<div class=\"elementor-widget-wrap elementor-element-populated\">\n\t\t\t\t\t\t<div class=\"elementor-element elementor-element-97c0c1d elementor-widget elementor-widget-text-editor\" data-id=\"97c0c1d\" data-element_type=\"widget\" data-e-type=\"widget\" data-widget_type=\"text-editor.default\">\n\t\t\t\t<div class=\"elementor-widget-container\">\n\t\t\t\t\t\t\t\t\t<div><div><h2 style=\"text-align: center\"><span style=\"color: #2188d2\">Information to participants and authors<\/span><\/h2><\/div><\/div><div>\u00a0<\/div><div>1) Registration includes participation in all technical sessions; guest speaker presentations; round tables; mini-courses; open meeting of CE-BioComp (Special Commission in Computational Biology) of SBC; and a certificate of participation.<\/div><div>\u00a0<\/div><div>2) Payments by bank slip and debit will end on <strong>11\/28\/2024<\/strong>, while payments by credit card, commitment note, and invoicing will remain open until the last day of the event.<\/div><div>\u00a0<\/div><div>3) <strong>Author Policy<\/strong>: at least one author of an accepted paper must register for the event for presentation.<\/div><div>\u00a0<\/div><div>4) Student rates are only available for students enrolled in higher education institutions as an undergraduate or graduate student (Master&#8217;s and Doctoral students). Status statements containing name of institution, name of student, course enrolled and current date must be submitted when requested. The absence of a document implies the payment of the difference between the professional rate and the student rate (no discount). <strong>For Post-Doctors, the postgraduate student fee will be charged<\/strong>.<\/div><div>\u00a0<\/div><div>5) <strong>Cancellation Policy<\/strong>: until <strong>11\/18\/2024<\/strong>, you can receive a refund of up to 80% of the registration fee for BSB 2024. After this date, no refunds will be issued. This policy applies to both the cancellation of registration and any additional activities. To request a cancellation, please send your request to:<\/div><div>\u00a0<\/div><h3 style=\"text-align: center\"><a href=\"mailto:faturamento@sbc.org.br\"><span style=\"color: #2188d2\">faturamento@sbc.org.br<\/span><\/a><\/h3>\t\t\t\t\t\t\t\t<\/div>\n\t\t\t\t<\/div>\n\t\t\t\t\t<\/div>\n\t\t<\/div>\n\t\t\t\t\t<\/div>\n\t\t<\/section>\n\t\t\t\t<section class=\"elementor-section elementor-top-section elementor-element elementor-element-f0f163f elementor-section-boxed elementor-section-height-default elementor-section-height-default\" data-id=\"f0f163f\" data-element_type=\"section\" data-e-type=\"section\">\n\t\t\t\t\t\t<div class=\"elementor-container elementor-column-gap-default\">\n\t\t\t\t\t<div class=\"elementor-column elementor-col-100 elementor-top-column elementor-element elementor-element-be65071\" data-id=\"be65071\" data-element_type=\"column\" data-e-type=\"column\">\n\t\t\t<div class=\"elementor-widget-wrap elementor-element-populated\">\n\t\t\t\t\t\t<div class=\"elementor-element elementor-element-41a3c81 elementor-widget-divider--view-line elementor-widget elementor-widget-divider\" data-id=\"41a3c81\" data-element_type=\"widget\" data-e-type=\"widget\" data-widget_type=\"divider.default\">\n\t\t\t\t<div class=\"elementor-widget-container\">\n\t\t\t\t\t\t\t<div class=\"elementor-divider\">\n\t\t\t<span class=\"elementor-divider-separator\">\n\t\t\t\t\t\t<\/span>\n\t\t<\/div>\n\t\t\t\t\t\t<\/div>\n\t\t\t\t<\/div>\n\t\t\t\t\t<\/div>\n\t\t<\/div>\n\t\t\t\t\t<\/div>\n\t\t<\/section>\n\t\t\t\t<section class=\"elementor-section elementor-top-section elementor-element elementor-element-6981027 elementor-section-boxed elementor-section-height-default elementor-section-height-default\" data-id=\"6981027\" data-element_type=\"section\" data-e-type=\"section\">\n\t\t\t\t\t\t<div class=\"elementor-container elementor-column-gap-default\">\n\t\t\t\t\t<div class=\"elementor-column elementor-col-100 elementor-top-column elementor-element elementor-element-2a6a65b\" data-id=\"2a6a65b\" data-element_type=\"column\" data-e-type=\"column\">\n\t\t\t<div class=\"elementor-widget-wrap elementor-element-populated\">\n\t\t\t\t\t\t<div class=\"elementor-element elementor-element-a4e63bc elementor-widget elementor-widget-text-editor\" data-id=\"a4e63bc\" data-element_type=\"widget\" data-e-type=\"widget\" data-widget_type=\"text-editor.default\">\n\t\t\t\t<div class=\"elementor-widget-container\">\n\t\t\t\t\t\t\t\t\t<h2 style=\"text-align: center\"><span style=\"color: #2188d2\">Informa\u00e7\u00f5es aos participantes e autores<\/span><\/h2><div>1) A inscri\u00e7\u00e3o inclui participa\u00e7\u00e3o em todas as sess\u00f5es t\u00e9cnicas; apresenta\u00e7\u00f5es de palestrantes convidados; mesas-redondas; minicursos; Reuni\u00e3o aberta da CE-BioComp (Comiss\u00e3o Especial de Biologia Computacional) da SBC e receber\u00e3o certificado de participa\u00e7\u00e3o.<\/div><div>\u00a0<\/div><div>2) Os pagamentos por boleto e d\u00e9bito encerram-se dia <strong>28\/11\/2024<\/strong>, os pagamentos por cart\u00e3o de cr\u00e9dito, nota de empenho e faturamento ficar\u00e3o abertos at\u00e9 o \u00faltimo dia do evento.<\/div><div>\u00a0<\/div><div>3) <strong>Pol\u00edtica para autores<\/strong>: pelo menos um autor de artigo aceito deve se registrar no evento para apresenta\u00e7\u00e3o.<\/div><div>\u00a0<\/div><div>4) Tarifas de estudante est\u00e3o dispon\u00edveis apenas para estudantes matriculados em institui\u00e7\u00f5es de ensino superior como aluno de gradua\u00e7\u00e3o ou de p\u00f3s-gradua\u00e7\u00e3o (mestrandos e doutorandos). Declara\u00e7\u00f5es de status contendo nome da institui\u00e7\u00e3o, nome do aluno, curso matriculado e data corrente dever\u00e3o ser apresentados quando requisitado. A aus\u00eancia de documento implica no pagamento da diferen\u00e7a da tarifa profissional para a tarifa de estudante (sem desconto). <strong>Para P\u00f3s-Doc&#8217;s, ser\u00e1 cobrada a tarifa de estudantes de p\u00f3s-gradua\u00e7\u00e3o<\/strong>.<\/div><div>\u00a0<\/div><div>5) <b>Pol\u00edtica de cancelamento:\u00a0<\/b>at\u00e9 <strong>18\/11\/2024<\/strong> voc\u00ea poder\u00e1 ser ressarcido em at\u00e9 80% do valor pago pela inscri\u00e7\u00e3o no BSB 2024. Ap\u00f3s esta data n\u00e3o haver\u00e1 devolu\u00e7\u00e3o de qualquer valor pago. A pol\u00edtica se aplica tanto ao cancelamento do registro quanto ao cancelamento de qualquer atividade adicional. Para solicitar o cancelamento, envie a solicita\u00e7\u00e3o para<\/div><div>\u00a0<\/div><h2 style=\"text-align: center\"><span style=\"color: #2188d2\"><a style=\"color: #2188d2\" href=\"mailto:faturamento@sbc.org.br\" target=\"_blank\" rel=\"noopener\">faturamento@sbc.org.br<\/a><\/span><\/h2><div>\u00a0<\/div><div>6) Pol\u00edtica para participantes que utilizarem a isen\u00e7\u00e3o institucional:<\/div><div style=\"padding-left: 40px\"><span style=\"color: #2188d2\"><a style=\"color: #2188d2\" href=\"https:\/\/www.sbc.org.br\/associe-se-2\/269-beneficios\"><strong>https:\/\/www.sbc.org.br\/associe-se-2\/269-beneficios<\/strong><\/a><\/span><\/div><div>\u00a0<\/div>\t\t\t\t\t\t\t\t<\/div>\n\t\t\t\t<\/div>\n\t\t\t\t\t<\/div>\n\t\t<\/div>\n\t\t\t\t\t<\/div>\n\t\t<\/section>\n\t\t\t\t<section class=\"elementor-section elementor-top-section elementor-element elementor-element-a0c1ca0 elementor-section-boxed elementor-section-height-default elementor-section-height-default\" data-id=\"a0c1ca0\" data-element_type=\"section\" data-e-type=\"section\">\n\t\t\t\t\t\t<div class=\"elementor-container elementor-column-gap-default\">\n\t\t\t\t\t<div class=\"elementor-column elementor-col-100 elementor-top-column elementor-element elementor-element-7e7c7b8\" data-id=\"7e7c7b8\" data-element_type=\"column\" data-e-type=\"column\">\n\t\t\t<div class=\"elementor-widget-wrap\">\n\t\t\t\t\t\t\t<\/div>\n\t\t<\/div>\n\t\t\t\t\t<\/div>\n\t\t<\/section>\n\t\t\t\t<\/div>\n\t\t","protected":false},"excerpt":{"rendered":"<p>REGISTRATION Register for the BSB 2024 \/ Inscreva-se aqui Information to participants and authors \u00a01) Registration includes participation in all technical sessions; guest speaker presentations; round tables; mini-courses; open meeting of CE-BioComp (Special Commission in Computational Biology) of SBC; and a certificate of participation.\u00a02) Payments by bank slip and debit will end on 11\/28\/2024, while [&hellip;]<\/p>\n","protected":false},"author":11,"featured_media":0,"parent":0,"menu_order":0,"comment_status":"closed","ping_status":"closed","template":"","meta":{"footnotes":""},"class_list":["post-298","page","type-page","status-publish","hentry","entry"],"_links":{"self":[{"href":"https:\/\/bsb.sbc.org.br\/2024\/wp-json\/wp\/v2\/pages\/298","targetHints":{"allow":["GET"]}}],"collection":[{"href":"https:\/\/bsb.sbc.org.br\/2024\/wp-json\/wp\/v2\/pages"}],"about":[{"href":"https:\/\/bsb.sbc.org.br\/2024\/wp-json\/wp\/v2\/types\/page"}],"author":[{"embeddable":true,"href":"https:\/\/bsb.sbc.org.br\/2024\/wp-json\/wp\/v2\/users\/11"}],"replies":[{"embeddable":true,"href":"https:\/\/bsb.sbc.org.br\/2024\/wp-json\/wp\/v2\/comments?post=298"}],"version-history":[{"count":192,"href":"https:\/\/bsb.sbc.org.br\/2024\/wp-json\/wp\/v2\/pages\/298\/revisions"}],"predecessor-version":[{"id":2419,"href":"https:\/\/bsb.sbc.org.br\/2024\/wp-json\/wp\/v2\/pages\/298\/revisions\/2419"}],"wp:attachment":[{"href":"https:\/\/bsb.sbc.org.br\/2024\/wp-json\/wp\/v2\/media?parent=298"}],"curies":[{"name":"wp","href":"https:\/\/api.w.org\/{rel}","templated":true}]}}