{"id":296,"date":"2022-05-11T16:35:07","date_gmt":"2022-05-11T16:35:07","guid":{"rendered":"https:\/\/bsb.sbc.org.br\/2025\/?page_id=296"},"modified":"2025-09-10T02:44:39","modified_gmt":"2025-09-10T02:44:39","slug":"bsb-committees","status":"publish","type":"page","link":"https:\/\/bsb.sbc.org.br\/2025\/bsb-committees\/","title":{"rendered":"BSB COMMITTEES"},"content":{"rendered":"\t\t<div data-elementor-type=\"wp-page\" data-elementor-id=\"296\" class=\"elementor elementor-296\">\n\t\t\t\t\t\t<section class=\"elementor-section elementor-top-section elementor-element elementor-element-438eefe3 elementor-section-boxed elementor-section-height-default elementor-section-height-default\" data-id=\"438eefe3\" data-element_type=\"section\" data-e-type=\"section\">\n\t\t\t\t\t\t<div class=\"elementor-container elementor-column-gap-default\">\n\t\t\t\t\t<div class=\"elementor-column elementor-col-100 elementor-top-column elementor-element elementor-element-3bed8033\" data-id=\"3bed8033\" data-element_type=\"column\" data-e-type=\"column\">\n\t\t\t<div class=\"elementor-widget-wrap elementor-element-populated\">\n\t\t\t\t\t\t<div class=\"elementor-element elementor-element-3b17bd3 elementor-widget elementor-widget-text-editor\" data-id=\"3b17bd3\" data-element_type=\"widget\" data-e-type=\"widget\" data-widget_type=\"text-editor.default\">\n\t\t\t\t<div class=\"elementor-widget-container\">\n\t\t\t\t\t\t\t\t\t<h1 style=\"text-align: left;\"><strong>Organization<\/strong><\/h1>\n<p><!-- \/wp:paragraph --><\/p>\n<p><!-- wp:paragraph --><\/p>\n<h2><strong>Special Committee for Computational Biology of the Brazilian Computer Society <br \/>(CE-BioComp da Sociedade Brasileira de Computa\u00e7\u00e3o)<\/strong><\/h2>\n<ul>\n<li>Sergio Lifschitz (coordinator, PUC-Rio)<\/li>\n<li>Kele Belloze (vice-coordinator, Cefet\/RJ)<\/li>\n<li>Daniel de Oliveira (UFF)<\/li>\n<li>Diogo Tschoeke (UFRJ)<\/li>\n<li>Jo\u00e3o Carlos Setubal (senior member, USP)<\/li>\n<li>Marcelo da Silva Reis (UNICAMP)<\/li>\n<li>Raquel Minardi (UFMG)<\/li>\n<li>S\u00e9rgio Nery Sim\u00f5es (IFES)<\/li>\n<\/ul>\n<h2><strong>Program Committee<\/strong><\/h2>\n<p><!-- \/wp:paragraph --><\/p>\n<p><!-- wp:paragraph --><\/p>\n<ul>\n<li>Daniel de Oliveira (UFF) \u2014 Chair<\/li>\n<li>Kele Belloze (Cefet\/RJ) \u2014 Vice-Chair<\/li>\n<\/ul>\n<ul>\n<li>Adriano Cortes (UFRJ)<\/li>\n<li>Adriano V. Werhli (FURG)<\/li>\n<li>Allysson Farias (UFC)<\/li>\n<li>Ana Carolina Guimaraes (FioCruz)<\/li>\n<li>Bruno de Oliveira (UFF)<\/li>\n<li>Daniel Saad Nogueira Nunes (IFB)<\/li>\n<li>Danielo G. Gomes (UFC)<\/li>\n<li>Deborah Antunes (FioCruz)<\/li>\n<li>Diego N. Brand\u00e3o (CEFET\/RJ)<\/li>\n<li>Diogo Tschoeke (COPPE\/UFRJ)<\/li>\n<li>Eduardo Bezerra (CEFET\/RJ)<\/li>\n<li>Fabr\u00edcio Martins Lopes (UTFPR)<\/li>\n<li>Felipe A. Louza (UFU)<\/li>\n<li>Giuseppe Leite (UNIFESP)<\/li>\n<li>Glauber Wagner (UFSC)<\/li>\n<li>Graciela Maria Dias (UFRJ)<\/li>\n<li>Joao C. Setubal (USP)<\/li>\n<li>Luis Cunha (UFF)<\/li>\n<li>Luiz Gadelha (German Cancer Research Center)<\/li>\n<li>Marcelo Macedo Brigido (UnB)<\/li>\n<li>Maria Emilia Machado Telles Walter (UnB)<\/li>\n<li>Mariana Recamonde-Mendoza (UFRGS)<\/li>\n<li>Maribel Rosales Hernandez (CINVESTAV Irapuato &#8211; M\u00e9xico)<\/li>\n<li>Raquel Lopes Costa (INCA)<\/li>\n<li>Said Sadique Adi (UFV)<\/li>\n<li>Sergio Campos (UFMG)<\/li>\n<li>Sergio Lifschitz (PUC-Rio)<\/li>\n<li>Waldeyr Mendes Cordeiro da Silva (IFG)<\/li>\n<li>Zanoni Dias (UNICAMP)<\/li><\/ul>\n<p>&nbsp;<\/p>\n<p><!-- \/wp:paragraph --><\/p>\n<p><!-- wp:paragraph --><\/p>\n<p><!-- \/wp:paragraph --><\/p>\t\t\t\t\t\t\t\t<\/div>\n\t\t\t\t<\/div>\n\t\t\t\t\t<\/div>\n\t\t<\/div>\n\t\t\t\t\t<\/div>\n\t\t<\/section>\n\t\t\t\t<\/div>\n\t\t","protected":false},"excerpt":{"rendered":"<p>Organization Special Committee for Computational Biology of the Brazilian Computer Society (CE-BioComp da Sociedade Brasileira de Computa\u00e7\u00e3o) Sergio Lifschitz (coordinator, PUC-Rio) Kele Belloze (vice-coordinator, Cefet\/RJ) Daniel de Oliveira (UFF) Diogo Tschoeke (UFRJ) Jo\u00e3o Carlos Setubal (senior member, USP) Marcelo da Silva Reis (UNICAMP) Raquel Minardi (UFMG) S\u00e9rgio Nery Sim\u00f5es (IFES) Program Committee Daniel de Oliveira [&hellip;]<\/p>\n","protected":false},"author":11,"featured_media":0,"parent":0,"menu_order":0,"comment_status":"closed","ping_status":"closed","template":"","meta":{"footnotes":""},"class_list":["post-296","page","type-page","status-publish","hentry","entry"],"_links":{"self":[{"href":"https:\/\/bsb.sbc.org.br\/2025\/wp-json\/wp\/v2\/pages\/296","targetHints":{"allow":["GET"]}}],"collection":[{"href":"https:\/\/bsb.sbc.org.br\/2025\/wp-json\/wp\/v2\/pages"}],"about":[{"href":"https:\/\/bsb.sbc.org.br\/2025\/wp-json\/wp\/v2\/types\/page"}],"author":[{"embeddable":true,"href":"https:\/\/bsb.sbc.org.br\/2025\/wp-json\/wp\/v2\/users\/11"}],"replies":[{"embeddable":true,"href":"https:\/\/bsb.sbc.org.br\/2025\/wp-json\/wp\/v2\/comments?post=296"}],"version-history":[{"count":90,"href":"https:\/\/bsb.sbc.org.br\/2025\/wp-json\/wp\/v2\/pages\/296\/revisions"}],"predecessor-version":[{"id":3055,"href":"https:\/\/bsb.sbc.org.br\/2025\/wp-json\/wp\/v2\/pages\/296\/revisions\/3055"}],"wp:attachment":[{"href":"https:\/\/bsb.sbc.org.br\/2025\/wp-json\/wp\/v2\/media?parent=296"}],"curies":[{"name":"wp","href":"https:\/\/api.w.org\/{rel}","templated":true}]}}